{"id":732238,"date":"2025-08-27T21:46:54","date_gmt":"2025-08-27T18:46:54","guid":{"rendered":"https:\/\/roveyayinevi.com.tr\/index.php\/urun\/atlasin-origami-gunlugu\/"},"modified":"2026-04-16T02:40:15","modified_gmt":"2026-04-15T23:40:15","slug":"atlasin-origami-gunlugu","status":"publish","type":"product","link":"https:\/\/roveyayinevi.com.tr\/index.php\/urun\/atlasin-origami-gunlugu\/","title":{"rendered":"Atlas&#8217;\u0131n Origami G\u00fcnl\u00fc\u011f\u00fc"},"content":{"rendered":"<p>D\u00fcnyan\u0131n bir ucundan di\u011ferine gitmek m\u00fcmk\u00fcn m\u00fcd\u00fcr? Peki, sahiden d\u00fcnyan\u0131n bir ucu var m\u0131d\u0131r? T\u00fcm bu sorular merakl\u0131 Atlas\u2019\u0131n \u00f6nlenemez ke\u015ffetme a\u015fk\u0131ndan do\u011fuyor. \u00dcstelik bu sorulara cevap bulmak i\u00e7in denizleri, da\u011flar\u0131 a\u015fmak zorunda kalm\u0131yor Atlas. Tek ihtiyac\u0131 olan biraz hayal g\u00fcc\u00fc ve yeterince origami k\u00e2\u011f\u0131d\u0131. \u00c7ocuklar i\u00e7in \u00e7e\u015fitli projeler organize eden e\u011fitmen H\u00fclya Biyan\u2019\u0131n masals\u0131 anlat\u0131m\u0131yla Atlas ve yeni arkada\u015f\u0131 Mavina ile hayal g\u00fcc\u00fcn\u00fcn s\u0131n\u0131rlar\u0131n\u0131 a\u015facaks\u0131n\u0131z. Kitab\u0131n i\u00e7indeki QR kod ile siz de origami tekni\u011fiyle sevimli bir balina yapmay\u0131 \u00f6\u011frenebilirsiniz.<\/p>\n","protected":false},"excerpt":{"rendered":"<p>D\u00fcnyan\u0131n bir ucundan di\u011ferine gitmek m\u00fcmk\u00fcn m\u00fcd\u00fcr? Peki, sahiden d\u00fcnyan\u0131n bir ucu var m\u0131d\u0131r? T\u00fcm bu sorular merakl\u0131 Atlas\u2019\u0131n \u00f6nlenemez ke\u015ffetme a\u015fk\u0131ndan do\u011fuyor. \u00dcstelik bu sorulara<span class=\"excerpt-hellip\"> [\u2026]<\/span><\/p>\n","protected":false},"featured_media":0,"template":"","meta":{"_monsterinsights_skip_tracking":false,"_monsterinsights_sitenote_active":false,"_monsterinsights_sitenote_note":"","_monsterinsights_sitenote_category":0},"product_brand":[],"product_cat":[12554,12274],"product_tag":[],"class_list":{"0":"post-732238","1":"product","2":"type-product","3":"status-publish","5":"product_cat-cikartmali-kitaplar","6":"product_cat-cocuk-ve-genclik-kitaplari","7":"pa_cilt-ciltsiz","8":"pa_tur-kitap","9":"pa_yayinevi-ucanfil-ozel-urun","10":"pa_yazar-hulya-biyan","12":"first","13":"instock","14":"sale","15":"shipping-taxable","16":"purchasable","17":"product-type-simple"},"_links":{"self":[{"href":"https:\/\/roveyayinevi.com.tr\/index.php\/wp-json\/wp\/v2\/product\/732238","targetHints":{"allow":["GET"]}}],"collection":[{"href":"https:\/\/roveyayinevi.com.tr\/index.php\/wp-json\/wp\/v2\/product"}],"about":[{"href":"https:\/\/roveyayinevi.com.tr\/index.php\/wp-json\/wp\/v2\/types\/product"}],"wp:attachment":[{"href":"https:\/\/roveyayinevi.com.tr\/index.php\/wp-json\/wp\/v2\/media?parent=732238"}],"wp:term":[{"taxonomy":"product_brand","embeddable":true,"href":"https:\/\/roveyayinevi.com.tr\/index.php\/wp-json\/wp\/v2\/product_brand?post=732238"},{"taxonomy":"product_cat","embeddable":true,"href":"https:\/\/roveyayinevi.com.tr\/index.php\/wp-json\/wp\/v2\/product_cat?post=732238"},{"taxonomy":"product_tag","embeddable":true,"href":"https:\/\/roveyayinevi.com.tr\/index.php\/wp-json\/wp\/v2\/product_tag?post=732238"}],"curies":[{"name":"wp","href":"https:\/\/api.w.org\/{rel}","templated":true}]}}