{"id":732234,"date":"2025-08-27T21:46:49","date_gmt":"2025-08-27T18:46:49","guid":{"rendered":"https:\/\/roveyayinevi.com.tr\/index.php\/urun\/hisli-kirpi\/"},"modified":"2026-04-16T02:40:15","modified_gmt":"2026-04-15T23:40:15","slug":"hisli-kirpi","status":"publish","type":"product","link":"https:\/\/roveyayinevi.com.tr\/index.php\/urun\/hisli-kirpi\/","title":{"rendered":"Hisli Kirpi"},"content":{"rendered":"<p>\u201c\u015euraya bir deniz yapal\u0131m. Dibine bat\u0131klar, demirden evler. \u00dczerine adalar, kenarlar\u0131na k\u0131y\u0131lar, k\u0131y\u0131lara farkl\u0131 diller konu\u015fan insanlar. Fakat herkesin bir omurgas\u0131, le\u011fen kemi\u011fi ve m\u00fcmk\u00fcn ise aile foto\u011fraf alb\u00fcm\u00fc olsun. E\u011fer bir ailesi ve foto\u011fraf alb\u00fcm\u00fc yok ise can\u0131 sa\u011f olsun.\u201dHayat\u0131n k\u0131y\u0131lar\u0131nda dola\u015fan bir adam ve onun, i\u00e7inden Nezihe Han\u0131m ge\u00e7en d\u00fcnyas\u0131. \u0130lhami Alg\u00f6r, Hisli Kirpi \u2019de katman katman y\u00fckselen anlat\u0131m\u0131 ve kendine \u00f6zg\u00fc muzip diliyle duygular\u0131n ve ger\u00e7eklerin, var olman\u0131n ve yok olu\u015fun, an\u0131n ve ge\u00e7mi\u015fin i\u00e7 i\u00e7e ge\u00e7ti\u011fi bir hik\u00e2ye kuruyor. Hem her g\u00fcn sokaklar\u0131nda gezdi\u011fimiz hem de caddelerini ilk kez g\u00f6rd\u00fc\u011f\u00fcm\u00fcz bir yerdeymi\u015f gibi heyecanla ad\u0131mlad\u0131\u011f\u0131m\u0131z \u201cAziz Bura\u201dn\u0131n g\u00fcnd\u00fcz ve gecesinin kokusunu duydu\u011fumuz, ismiyle m\u00fcsemma hisli ve sorularla dolu bir roman.<\/p>\n","protected":false},"excerpt":{"rendered":"<p>\u201c\u015euraya bir deniz yapal\u0131m. Dibine bat\u0131klar, demirden evler. \u00dczerine adalar, kenarlar\u0131na k\u0131y\u0131lar, k\u0131y\u0131lara farkl\u0131 diller konu\u015fan insanlar. Fakat herkesin bir omurgas\u0131, le\u011fen kemi\u011fi ve m\u00fcmk\u00fcn ise<span class=\"excerpt-hellip\"> [\u2026]<\/span><\/p>\n","protected":false},"featured_media":0,"template":"","meta":{"_monsterinsights_skip_tracking":false,"_monsterinsights_sitenote_active":false,"_monsterinsights_sitenote_note":"","_monsterinsights_sitenote_category":0},"product_brand":[],"product_cat":[12291,12711],"product_tag":[],"class_list":{"0":"post-732234","1":"product","2":"type-product","3":"status-publish","5":"product_cat-edebiyat","6":"product_cat-roman-oyku","7":"pa_cilt-ciltsiz","8":"pa_tur-kitap","9":"pa_yayinevi-iletisim-yayinlari","10":"pa_yazar-ilhami-algor","12":"first","13":"instock","14":"sale","15":"shipping-taxable","16":"purchasable","17":"product-type-simple"},"_links":{"self":[{"href":"https:\/\/roveyayinevi.com.tr\/index.php\/wp-json\/wp\/v2\/product\/732234","targetHints":{"allow":["GET"]}}],"collection":[{"href":"https:\/\/roveyayinevi.com.tr\/index.php\/wp-json\/wp\/v2\/product"}],"about":[{"href":"https:\/\/roveyayinevi.com.tr\/index.php\/wp-json\/wp\/v2\/types\/product"}],"wp:attachment":[{"href":"https:\/\/roveyayinevi.com.tr\/index.php\/wp-json\/wp\/v2\/media?parent=732234"}],"wp:term":[{"taxonomy":"product_brand","embeddable":true,"href":"https:\/\/roveyayinevi.com.tr\/index.php\/wp-json\/wp\/v2\/product_brand?post=732234"},{"taxonomy":"product_cat","embeddable":true,"href":"https:\/\/roveyayinevi.com.tr\/index.php\/wp-json\/wp\/v2\/product_cat?post=732234"},{"taxonomy":"product_tag","embeddable":true,"href":"https:\/\/roveyayinevi.com.tr\/index.php\/wp-json\/wp\/v2\/product_tag?post=732234"}],"curies":[{"name":"wp","href":"https:\/\/api.w.org\/{rel}","templated":true}]}}