{"id":732231,"date":"2025-08-27T21:46:45","date_gmt":"2025-08-27T18:46:45","guid":{"rendered":"https:\/\/roveyayinevi.com.tr\/index.php\/urun\/balkan-hayaletleri\/"},"modified":"2026-04-16T02:40:15","modified_gmt":"2026-04-15T23:40:15","slug":"balkan-hayaletleri","status":"publish","type":"product","link":"https:\/\/roveyayinevi.com.tr\/index.php\/urun\/balkan-hayaletleri\/","title":{"rendered":"Balkan Hayaletleri"},"content":{"rendered":"<p>Yedi b\u0131\u00e7ak darbesi. \u0130kisi kurban\u0131n s\u0131rt\u0131nda, \u00fc\u00e7\u00fc karn\u0131nda, biri kolunda, biri de kas\u0131\u011f\u0131nda. Ve k\u0131zd\u0131r\u0131lm\u0131\u015f metalle b\u0131rak\u0131ld\u0131\u011f\u0131 anla\u015f\u0131lan izler. Belgrad\u2019da, Tuna\u2019n\u0131n k\u0131y\u0131s\u0131nda bir T\u00fcrk\u2019\u00fcn cesedi\u2026 \u00d6len, T\u00fcrkiye\u2019nin en b\u00fcy\u00fck i\u015f gruplar\u0131ndan Cevval Holding\u2019in sahibi Erol Cevval\u2019in, g\u00fcnler \u00f6nce \u015firketin milyonlarca avro paras\u0131yla kaybolan o\u011flu Hikmet.    Mahmut, y\u00fcz y\u0131ldan fazla bir zaman \u00f6nce \u00e7ocuklar\u0131n\u0131n ve sonraki ku\u015faklar\u0131n\u0131n gelece\u011fini kurtarmak i\u00e7in Makedonya\u2019dan ka\u00e7\u0131p Anadolu\u2019ya s\u0131\u011f\u0131nm\u0131\u015ft\u0131. Ama Balkanlar ailesinin pe\u015fini b\u0131rakmad\u0131. Sanki ona can bor\u00e7lar\u0131 varm\u0131\u015f, o da alaca\u011f\u0131n\u0131 topluyormu\u015f gibi, torunu yine Balkan topraklar\u0131nda can verdi.   Balkanlar\u2019dan Manisa\u2019ya, \u0130stanbul\u2019a, oradan tekrar Balkanlar\u2019a uzanan y\u00fcz k\u00fcsur y\u0131ll\u0131k bir ticaret, tarikat, cemaat, ak\u00e7eli i\u015fler, cinayet hik\u00e2yesi\u2026 M\u0130T, S\u0131rp polisi ve istihbarat\u0131, S\u0131rp mafyas\u0131 aras\u0131nda olay\u0131n pe\u015fini b\u0131rakmayan eski emniyet mensubu Orhan Derman ve onun ekibi\u2026   Delilleri takip ederseniz su\u00e7luyu bulursunuz ama paray\u0131 takip ederseniz neyle kar\u015f\u0131la\u015faca\u011f\u0131n\u0131z\u0131 bilemezsiniz! <\/p>\n","protected":false},"excerpt":{"rendered":"<p>Yedi b\u0131\u00e7ak darbesi. \u0130kisi kurban\u0131n s\u0131rt\u0131nda, \u00fc\u00e7\u00fc karn\u0131nda, biri kolunda, biri de kas\u0131\u011f\u0131nda. Ve k\u0131zd\u0131r\u0131lm\u0131\u015f metalle b\u0131rak\u0131ld\u0131\u011f\u0131 anla\u015f\u0131lan izler. Belgrad\u2019da, Tuna\u2019n\u0131n k\u0131y\u0131s\u0131nda bir T\u00fcrk\u2019\u00fcn cesedi\u2026 \u00d6len,<span class=\"excerpt-hellip\"> [\u2026]<\/span><\/p>\n","protected":false},"featured_media":0,"template":"","meta":{"_monsterinsights_skip_tracking":false,"_monsterinsights_sitenote_active":false,"_monsterinsights_sitenote_note":"","_monsterinsights_sitenote_category":0},"product_brand":[],"product_cat":[12291,12711],"product_tag":[],"class_list":{"0":"post-732231","1":"product","2":"type-product","3":"status-publish","5":"product_cat-edebiyat","6":"product_cat-roman-oyku","7":"pa_cilt-ciltsiz","8":"pa_tur-kitap","9":"pa_yayinevi-hayykitap","10":"pa_yazar-ahmet-sevindik","12":"first","13":"instock","14":"sale","15":"shipping-taxable","16":"purchasable","17":"product-type-simple"},"_links":{"self":[{"href":"https:\/\/roveyayinevi.com.tr\/index.php\/wp-json\/wp\/v2\/product\/732231","targetHints":{"allow":["GET"]}}],"collection":[{"href":"https:\/\/roveyayinevi.com.tr\/index.php\/wp-json\/wp\/v2\/product"}],"about":[{"href":"https:\/\/roveyayinevi.com.tr\/index.php\/wp-json\/wp\/v2\/types\/product"}],"wp:attachment":[{"href":"https:\/\/roveyayinevi.com.tr\/index.php\/wp-json\/wp\/v2\/media?parent=732231"}],"wp:term":[{"taxonomy":"product_brand","embeddable":true,"href":"https:\/\/roveyayinevi.com.tr\/index.php\/wp-json\/wp\/v2\/product_brand?post=732231"},{"taxonomy":"product_cat","embeddable":true,"href":"https:\/\/roveyayinevi.com.tr\/index.php\/wp-json\/wp\/v2\/product_cat?post=732231"},{"taxonomy":"product_tag","embeddable":true,"href":"https:\/\/roveyayinevi.com.tr\/index.php\/wp-json\/wp\/v2\/product_tag?post=732231"}],"curies":[{"name":"wp","href":"https:\/\/api.w.org\/{rel}","templated":true}]}}