{"id":732229,"date":"2025-08-27T21:46:13","date_gmt":"2025-08-27T18:46:13","guid":{"rendered":"https:\/\/roveyayinevi.com.tr\/index.php\/urun\/mastering-hakkinda-s-s-s\/"},"modified":"2026-04-16T02:40:14","modified_gmt":"2026-04-15T23:40:14","slug":"mastering-hakkinda-s-s-s","status":"publish","type":"product","link":"https:\/\/roveyayinevi.com.tr\/index.php\/urun\/mastering-hakkinda-s-s-s\/","title":{"rendered":"Master\u0131ng Hakk\u0131nda S.S.S."},"content":{"rendered":"<p>Deneyimli mastering uzman\u0131 Erman Ayd\u00f6ner, T\u00fcrkiye\u2019de m\u00fczik teknolojileri alan\u0131nda bir ilk olan ve olduk\u00e7a ilgi g\u00f6ren ilk kitab\u0131 M\u00fczik Yap\u0131m\u0131nda Mastering\u2019in ard\u0131ndan, mastering hakk\u0131nda kendisine s\u0131k\u00e7a sorulan sorular\u0131 ve bu sorulara verilebilecek cevaplar\u0131 bir kitapta toplamaya karar verir. \u0130\u015fte bu kitap da b\u00f6ylece ortaya \u00e7\u0131kar. Mastering Hakk\u0131nda S\u0131k\u00e7a Sorular Sorular (S.S.S), \u00f6ncelikle kariyerinin zirvesini ya\u015fayan baz\u0131 sanat\u00e7\u0131 ve ses m\u00fchendislerinin bu sorulara yan\u0131tlar\u0131n\u0131, sonra da yazar\u0131m\u0131z\u0131n kendi cevaplar\u0131n\u0131 i\u00e7ermektedir. Kitapta Fuat G\u00fcner, Elliot Scheiner, Joe Barresi, Mike Fraser, Darcy Proper, Jonathan Wyner, Randy Merrill, Scott Hull ve Tony Cousins gibi pek \u00e7ok \u00f6nemli ismin mastering ile ilgili sorulara verdikleri yan\u0131tlar\u0131 bulacak ve bu kitap sayesinde m\u00fczik yap\u0131m\u0131nda bir ad\u0131m \u00f6ne ge\u00e7eceksiniz. \u0130lgililerine ve bu alanda \u00f6\u011frenim g\u00f6ren gen\u00e7 ses m\u00fchendisi adaylar\u0131na yard\u0131mc\u0131 ve yararl\u0131 olmas\u0131 dile\u011fiyle\u2026 <\/p>\n","protected":false},"excerpt":{"rendered":"<p>Deneyimli mastering uzman\u0131 Erman Ayd\u00f6ner, T\u00fcrkiye\u2019de m\u00fczik teknolojileri alan\u0131nda bir ilk olan ve olduk\u00e7a ilgi g\u00f6ren ilk kitab\u0131 M\u00fczik Yap\u0131m\u0131nda Mastering\u2019in ard\u0131ndan, mastering hakk\u0131nda kendisine s\u0131k\u00e7a<span class=\"excerpt-hellip\"> [\u2026]<\/span><\/p>\n","protected":false},"featured_media":0,"template":"","meta":{"_monsterinsights_skip_tracking":false,"_monsterinsights_sitenote_active":false,"_monsterinsights_sitenote_note":"","_monsterinsights_sitenote_category":0},"product_brand":[],"product_cat":[14591,14556],"product_tag":[],"class_list":{"0":"post-732229","1":"product","2":"type-product","3":"status-publish","5":"product_cat-genel-kavramlar-kuram-ve-tarihce","6":"product_cat-muzik","7":"pa_cilt-ciltsiz","8":"pa_tur-kitap","9":"pa_yayinevi-muzik-egitimi-yayinlari","10":"pa_yazar-erman-aydoner","12":"first","13":"instock","14":"sale","15":"shipping-taxable","16":"purchasable","17":"product-type-simple"},"_links":{"self":[{"href":"https:\/\/roveyayinevi.com.tr\/index.php\/wp-json\/wp\/v2\/product\/732229","targetHints":{"allow":["GET"]}}],"collection":[{"href":"https:\/\/roveyayinevi.com.tr\/index.php\/wp-json\/wp\/v2\/product"}],"about":[{"href":"https:\/\/roveyayinevi.com.tr\/index.php\/wp-json\/wp\/v2\/types\/product"}],"wp:attachment":[{"href":"https:\/\/roveyayinevi.com.tr\/index.php\/wp-json\/wp\/v2\/media?parent=732229"}],"wp:term":[{"taxonomy":"product_brand","embeddable":true,"href":"https:\/\/roveyayinevi.com.tr\/index.php\/wp-json\/wp\/v2\/product_brand?post=732229"},{"taxonomy":"product_cat","embeddable":true,"href":"https:\/\/roveyayinevi.com.tr\/index.php\/wp-json\/wp\/v2\/product_cat?post=732229"},{"taxonomy":"product_tag","embeddable":true,"href":"https:\/\/roveyayinevi.com.tr\/index.php\/wp-json\/wp\/v2\/product_tag?post=732229"}],"curies":[{"name":"wp","href":"https:\/\/api.w.org\/{rel}","templated":true}]}}