{"id":732228,"date":"2025-08-27T21:46:13","date_gmt":"2025-08-27T18:46:13","guid":{"rendered":"https:\/\/roveyayinevi.com.tr\/index.php\/urun\/coksesli-muzikte-besteleme\/"},"modified":"2026-04-16T02:40:14","modified_gmt":"2026-04-15T23:40:14","slug":"coksesli-muzikte-besteleme","status":"publish","type":"product","link":"https:\/\/roveyayinevi.com.tr\/index.php\/urun\/coksesli-muzikte-besteleme\/","title":{"rendered":"\u00c7oksesli M\u00fczikte Besteleme"},"content":{"rendered":"<p>Bu kitapta besteleme s\u00fcrecini mercek alt\u0131na alan ve herhangi bir m\u00fczikal d\u00fc\u015f\u00fcnceyi, m\u00fcziksel anlat\u0131m kurallar\u0131na uygun bir \u015fekilde olu\u015fturma y\u00f6ntemlerine yer verilmi\u015ftir. Bu bak\u0131mdan kitapta \u00e7oksesli m\u00fczi\u011fin ve eser bestelemenin temel ta\u015flar\u0131n\u0131 olu\u015fturan motif, ezgi, ritim, armoni, kontrpuan, doku gibi anlat\u0131m ara\u00e7 ve tekniklerinin bir bestenin i\u00e7erisinde yer alma \u015fekillerini inceleyen kavramlar ele al\u0131nmaktad\u0131r. Kitab\u0131n b\u00f6l\u00fcmleri, m\u00fcziksel ifade sisteminin \u00f6gelerinden ba\u015flayarak uluslararas\u0131 sanat m\u00fczi\u011fi t\u00fcrlerinde y\u00fczy\u0131llar i\u00e7erisinde olgunla\u015fm\u0131\u015f olan anlat\u0131m prensipleri ve besteleme s\u00fcrecinin a\u015famalar\u0131 ile ilgili bilgi verecek \u015fekilde s\u0131ralanm\u0131\u015ft\u0131r. Verilen eser \u00f6rnekleri, anlat\u0131lan konu ile ilgili hususlar\u0131 en yo\u011fun ve en \u00e7arp\u0131c\u0131 bi\u00e7imde aktaracak \u015fekilde se\u00e7ilmi\u015ftir. Eser \u00f6rnekleri kimi durumlarda d\u00f6nem, t\u00fcr ve ekole g\u00f6re; kimi durumlarda ise konuya ili\u015fkin i\u00e7erdikleri g\u00f6rsel ve i\u015fitsel unsurlar\u0131n a\u00e7\u0131klay\u0131c\u0131 ve destekleyici olma potansiyeline g\u00f6re tercih edilmi\u015ftir. Kitaptaki baz\u0131 eser \u00f6rnekleri Barok veya Klasik D\u00f6nem baz\u0131lar\u0131 ise Romantik, \u00c7a\u011fda\u015f ve Modern D\u00f6nem bestecilerine aittir. Bununla birlikte se\u00e7ilen eser t\u00fcrlerinin \u00e7e\u015fitlili\u011fine de \u00f6zen g\u00f6sterilmi\u015ftir. B\u00f6ylelikle, eser \u00f6rnekleri se\u00e7iminde d\u00f6nem, ulusal kimlik, t\u00fcr veya stil gibi hususlarda herhangi bir s\u0131n\u0131rlama g\u00f6zetilmemi\u015ftir. Kitapta yer verilen konular -d\u00f6nemlerin ve besteci kimliklerinin sergiledikleri farkl\u0131l\u0131klara ra\u011fmen- temel besteleme y\u00f6ntemlerinin uluslararas\u0131 sanat m\u00fczi\u011fi \u00e7er\u00e7evesinde \u00e7\u00f6z\u00fcmlenmesinde ortak ilkelerin saptanmas\u0131 da ama\u00e7lanm\u0131\u015ft\u0131r. Kitab\u0131m\u0131z\u0131n, ba\u015fta m\u00fczik \u00f6\u011frenci ve \u00f6\u011fretmenleri olma \u00fczere bestecilikle ilgilenen herkese yard\u0131mc\u0131 ve yararl\u0131 olmas\u0131 dile\u011fiyle. <\/p>\n","protected":false},"excerpt":{"rendered":"<p>Bu kitapta besteleme s\u00fcrecini mercek alt\u0131na alan ve herhangi bir m\u00fczikal d\u00fc\u015f\u00fcnceyi, m\u00fcziksel anlat\u0131m kurallar\u0131na uygun bir \u015fekilde olu\u015fturma y\u00f6ntemlerine yer verilmi\u015ftir. Bu bak\u0131mdan kitapta \u00e7oksesli<span class=\"excerpt-hellip\"> [\u2026]<\/span><\/p>\n","protected":false},"featured_media":0,"template":"","meta":{"_monsterinsights_skip_tracking":false,"_monsterinsights_sitenote_active":false,"_monsterinsights_sitenote_note":"","_monsterinsights_sitenote_category":0},"product_brand":[],"product_cat":[14591,14556],"product_tag":[],"class_list":{"0":"post-732228","1":"product","2":"type-product","3":"status-publish","5":"product_cat-genel-kavramlar-kuram-ve-tarihce","6":"product_cat-muzik","7":"pa_cilt-ciltsiz","8":"pa_tur-kitap","9":"pa_yayinevi-muzik-egitimi-yayinlari","10":"pa_yazar-vefa-terzioglu","12":"first","13":"instock","14":"sale","15":"shipping-taxable","16":"purchasable","17":"product-type-simple"},"_links":{"self":[{"href":"https:\/\/roveyayinevi.com.tr\/index.php\/wp-json\/wp\/v2\/product\/732228","targetHints":{"allow":["GET"]}}],"collection":[{"href":"https:\/\/roveyayinevi.com.tr\/index.php\/wp-json\/wp\/v2\/product"}],"about":[{"href":"https:\/\/roveyayinevi.com.tr\/index.php\/wp-json\/wp\/v2\/types\/product"}],"wp:attachment":[{"href":"https:\/\/roveyayinevi.com.tr\/index.php\/wp-json\/wp\/v2\/media?parent=732228"}],"wp:term":[{"taxonomy":"product_brand","embeddable":true,"href":"https:\/\/roveyayinevi.com.tr\/index.php\/wp-json\/wp\/v2\/product_brand?post=732228"},{"taxonomy":"product_cat","embeddable":true,"href":"https:\/\/roveyayinevi.com.tr\/index.php\/wp-json\/wp\/v2\/product_cat?post=732228"},{"taxonomy":"product_tag","embeddable":true,"href":"https:\/\/roveyayinevi.com.tr\/index.php\/wp-json\/wp\/v2\/product_tag?post=732228"}],"curies":[{"name":"wp","href":"https:\/\/api.w.org\/{rel}","templated":true}]}}