{"id":732227,"date":"2025-08-27T21:46:12","date_gmt":"2025-08-27T18:46:12","guid":{"rendered":"https:\/\/roveyayinevi.com.tr\/index.php\/urun\/tarihten-ve-gunumuzden-klasik-muzik-yazilari-ii\/"},"modified":"2026-04-16T02:40:14","modified_gmt":"2026-04-15T23:40:14","slug":"tarihten-ve-gunumuzden-klasik-muzik-yazilari-ii","status":"publish","type":"product","link":"https:\/\/roveyayinevi.com.tr\/index.php\/urun\/tarihten-ve-gunumuzden-klasik-muzik-yazilari-ii\/","title":{"rendered":"Tarihten Ve G\u00fcn\u00fcm\u00fczden Klasik M\u00fczik Yaz\u0131lar\u0131- II"},"content":{"rendered":"<p>Ya\u015fam\u0131n\u0131 Amerika\u2019n\u0131n Kaliforniya \u015fehrinde s\u00fcrd\u00fcren Prof. Dr. \u00d6mer E\u01e7ecio\u01e7lu, m\u00fczik tarihinin tozlu yapraklar\u0131 aras\u0131nda unutulmu\u015f birbirinden ilgin\u00e7 olaylar\u0131, ki\u015fileri ve gezip g\u00f6rd\u00fc\u011f\u00fc yerleri belgeler ve foto\u011fraflar \u0131\u015f\u0131\u011f\u0131nda m\u00fczikseverlerle \/ ara\u015ft\u0131rmac\u0131larla payla\u015f\u0131yor. 2020 y\u0131l\u0131nda yay\u0131nlanan birinci kitab\u0131n ard\u0131ndan bu kitapta yer alan ba\u015fl\u0131klar ise a\u015fa\u011f\u0131daki gibidir. II. Kitaptan Ba\u015fl\u0131klar:   Leonardo Vinci\u2019den g\u00fcn\u00fcm\u00fcze 36 opera kald\u0131\u01e7\u0131n\u0131 biliyor muydunuz?   La Fenice ka\u00e7 kez yan\u0131p yeniden yap\u0131ld\u0131? \u00c7ikolatayla zehirlenerek \u00f6len besteci kimdi? Gemiye benzetilerek yap\u0131lan opera binas\u0131 hangisidir?   B\u00fcy\u00fck Tufan\u2019\u0131 konu alarak bestelenmi\u015f eserler nelerdir? Fran\u00e7ois Couperin\u2019in Sultana\u2019s\u0131 kimdi? Beethoven hangi basso profondonun kafas\u0131na kitap f\u0131rlatm\u0131\u015ft\u0131? Krali\u00e7e Victoria\u2019ya hangi \u00fcnl\u00fc besteci piyanoda e\u015flik etti? \u015eeytan bir opera yazsa Carmen gibi mi olurdu? Franz Liszt\u2019e \u015fantaj yapan ele\u015ftirmen kimdi?  Pompeius Magnus Kilikya\u2019da Teatro Verdi ve Teatro Goldoni: Padova ve Venedik\u2019te iki tarihi tiyatro   Zeynep Altar ile bir s\u00f6yle\u015fi  Brezilya\u2019n\u0131n mega-kenti S\u00e3o Paulo\u2019nun K\u00fclt\u00fcr Saray\u0131  T\u00fcrk dostu bir \u00e7a\u011fda\u015f opera bestecisi: Daniel Cat\u00e1n 1838: Victoria i\u00e7in Sultan ve T\u00fcrk Valsleri <\/p>\n","protected":false},"excerpt":{"rendered":"<p>Ya\u015fam\u0131n\u0131 Amerika\u2019n\u0131n Kaliforniya \u015fehrinde s\u00fcrd\u00fcren Prof. Dr. \u00d6mer E\u01e7ecio\u01e7lu, m\u00fczik tarihinin tozlu yapraklar\u0131 aras\u0131nda unutulmu\u015f birbirinden ilgin\u00e7 olaylar\u0131, ki\u015fileri ve gezip g\u00f6rd\u00fc\u011f\u00fc yerleri belgeler ve foto\u011fraflar<span class=\"excerpt-hellip\"> [\u2026]<\/span><\/p>\n","protected":false},"featured_media":0,"template":"","meta":{"_monsterinsights_skip_tracking":false,"_monsterinsights_sitenote_active":false,"_monsterinsights_sitenote_note":"","_monsterinsights_sitenote_category":0},"product_brand":[],"product_cat":[14556,20810],"product_tag":[],"class_list":{"0":"post-732227","1":"product","2":"type-product","3":"status-publish","5":"product_cat-muzik","6":"product_cat-ogrenim-kitaplari","7":"pa_cilt-ciltsiz","8":"pa_tur-kitap","9":"pa_yayinevi-muzik-egitimi-yayinlari","10":"pa_yazar-omer-egecioglu","12":"first","13":"instock","14":"sale","15":"shipping-taxable","16":"purchasable","17":"product-type-simple"},"_links":{"self":[{"href":"https:\/\/roveyayinevi.com.tr\/index.php\/wp-json\/wp\/v2\/product\/732227","targetHints":{"allow":["GET"]}}],"collection":[{"href":"https:\/\/roveyayinevi.com.tr\/index.php\/wp-json\/wp\/v2\/product"}],"about":[{"href":"https:\/\/roveyayinevi.com.tr\/index.php\/wp-json\/wp\/v2\/types\/product"}],"wp:attachment":[{"href":"https:\/\/roveyayinevi.com.tr\/index.php\/wp-json\/wp\/v2\/media?parent=732227"}],"wp:term":[{"taxonomy":"product_brand","embeddable":true,"href":"https:\/\/roveyayinevi.com.tr\/index.php\/wp-json\/wp\/v2\/product_brand?post=732227"},{"taxonomy":"product_cat","embeddable":true,"href":"https:\/\/roveyayinevi.com.tr\/index.php\/wp-json\/wp\/v2\/product_cat?post=732227"},{"taxonomy":"product_tag","embeddable":true,"href":"https:\/\/roveyayinevi.com.tr\/index.php\/wp-json\/wp\/v2\/product_tag?post=732227"}],"curies":[{"name":"wp","href":"https:\/\/api.w.org\/{rel}","templated":true}]}}