{"id":732225,"date":"2025-08-27T21:46:10","date_gmt":"2025-08-27T18:46:10","guid":{"rendered":"https:\/\/roveyayinevi.com.tr\/index.php\/urun\/tukenirken-ben\/"},"modified":"2026-02-03T02:56:40","modified_gmt":"2026-02-02T23:56:40","slug":"tukenirken-ben","status":"publish","type":"product","link":"https:\/\/roveyayinevi.com.tr\/index.php\/urun\/tukenirken-ben\/","title":{"rendered":"T\u00fckenirken Ben"},"content":{"rendered":"<p>\u0130nsan, on sekiz ya\u015f, askerlik, evlilik, ebeveynlik gibi belli d\u00f6nemlerde olgunla\u015ft\u0131\u011f\u0131n\u0131 ya da her \u015feyi bildi\u011fini d\u00fc\u015f\u00fcn\u00fcr. Oysa \u00f6yle midir? Ben, o\u011flum do\u011fdu\u011funda de\u011fil, iki ya\u015f\u0131na geldi\u011finde baba olmu\u015ftum. Denizli\u2019de ge\u00e7irdi\u011fi ate\u015fli havale sonucu, bir menek\u015fe misali morarm\u0131\u015f bayg\u0131n halde iken\u2026 Arac\u0131n farlar\u0131n\u0131, sinyallerini yak\u0131p s\u00fcrekli klakson \u00e7alarak hi\u00e7 bilmedi\u011fim bir \u015fehirde hastane ararken\u2026 Hastanede ilk m\u00fcdahale esnas\u0131nda doktorun buz kal\u0131plar\u0131n\u0131 verip o\u011flumun \u00e7\u0131plak g\u00f6\u011fs\u00fcne koymam\u0131 istedi\u011finde\u2026 Yaz\u0131n s\u0131cak r\u00fczg\u00e2r\u0131ndan bile sak\u0131nd\u0131\u011f\u0131m o\u011flumun \u00e7\u0131plak v\u00fccuduna buz koyarken onun ac\u0131s\u0131n\u0131 y\u00fcre\u011fimde hissetti\u011fimde\u2026 G\u00f6z\u00fcmdeki ya\u015f\u0131 fark etmeksizin o tela\u015f\u0131, o anlat\u0131lamayan korkuyu ya\u015fad\u0131\u011f\u0131mda baba oldum. Derken bir de k\u0131z\u0131m oldu. \u0130\u015fte o g\u00fcn vazge\u00e7tim, kendim i\u00e7in ya\u015famaktan. O\u011eLUMA \u015eafak s\u00f6ker, g\u00fcne\u015f bile do\u011far do\u011fudan Hep birlikte gelmedik mi Orta Asya\u2019dan \u0130slam\u2019\u0131n k\u0131l\u0131c\u0131yla yurt edindirdi Bizans\u2019tan Ad\u0131n\u0131 ondan ald\u0131n, ba\u015fkomutan Alparslan   Yusuf y\u00fczl\u00fc, sad\u0131k s\u00f6zl\u00fc aslans\u0131n aslan \u00d6zenmi\u015f de yaratm\u0131\u015f yeri g\u00f6\u011f\u00fc yaradan G\u00fcven verir insana, y\u00fcrek alm\u0131\u015f Hamza\u2019dan Can\u0131mdan bir par\u00e7as\u0131n o\u011flum Alp Arslan <\/p>\n","protected":false},"excerpt":{"rendered":"<p>\u0130nsan, on sekiz ya\u015f, askerlik, evlilik, ebeveynlik gibi belli d\u00f6nemlerde olgunla\u015ft\u0131\u011f\u0131n\u0131 ya da her \u015feyi bildi\u011fini d\u00fc\u015f\u00fcn\u00fcr. Oysa \u00f6yle midir? Ben, o\u011flum do\u011fdu\u011funda de\u011fil, iki ya\u015f\u0131na<span class=\"excerpt-hellip\"> [\u2026]<\/span><\/p>\n","protected":false},"featured_media":0,"template":"","meta":{"_monsterinsights_skip_tracking":false,"_monsterinsights_sitenote_active":false,"_monsterinsights_sitenote_note":"","_monsterinsights_sitenote_category":0},"product_brand":[],"product_cat":[12291,12509],"product_tag":[],"class_list":{"0":"post-732225","1":"product","2":"type-product","3":"status-publish","5":"product_cat-edebiyat","6":"product_cat-siir","7":"pa_cilt-ciltsiz","8":"pa_tur-kitap","9":"pa_yayinevi-luna-yayinlari","10":"pa_yazar-selahattin-yildirim","12":"first","13":"instock","14":"sale","15":"shipping-taxable","16":"purchasable","17":"product-type-simple"},"_links":{"self":[{"href":"https:\/\/roveyayinevi.com.tr\/index.php\/wp-json\/wp\/v2\/product\/732225","targetHints":{"allow":["GET"]}}],"collection":[{"href":"https:\/\/roveyayinevi.com.tr\/index.php\/wp-json\/wp\/v2\/product"}],"about":[{"href":"https:\/\/roveyayinevi.com.tr\/index.php\/wp-json\/wp\/v2\/types\/product"}],"wp:attachment":[{"href":"https:\/\/roveyayinevi.com.tr\/index.php\/wp-json\/wp\/v2\/media?parent=732225"}],"wp:term":[{"taxonomy":"product_brand","embeddable":true,"href":"https:\/\/roveyayinevi.com.tr\/index.php\/wp-json\/wp\/v2\/product_brand?post=732225"},{"taxonomy":"product_cat","embeddable":true,"href":"https:\/\/roveyayinevi.com.tr\/index.php\/wp-json\/wp\/v2\/product_cat?post=732225"},{"taxonomy":"product_tag","embeddable":true,"href":"https:\/\/roveyayinevi.com.tr\/index.php\/wp-json\/wp\/v2\/product_tag?post=732225"}],"curies":[{"name":"wp","href":"https:\/\/api.w.org\/{rel}","templated":true}]}}