{"id":732224,"date":"2025-08-27T21:46:09","date_gmt":"2025-08-27T18:46:09","guid":{"rendered":"https:\/\/roveyayinevi.com.tr\/index.php\/urun\/hayal-kurmak-incitmez\/"},"modified":"2026-04-08T02:49:10","modified_gmt":"2026-04-07T23:49:10","slug":"hayal-kurmak-incitmez","status":"publish","type":"product","link":"https:\/\/roveyayinevi.com.tr\/index.php\/urun\/hayal-kurmak-incitmez\/","title":{"rendered":"Hayal Kurmak \u0130ncitmez"},"content":{"rendered":"<p>\u201cD\u00fc\u015febilirim ama bu umutsuzlu\u011fa kap\u0131lmami\u00e7in yetersiz. Yaralanm\u0131\u015f olabilirim ama bu dayanamayaca\u011f\u0131m anlam\u0131na gelmiyor. Korkabilirim ama inat de\u011fil mi; kalaca\u011f\u0131m.Ac\u0131 \u00e7ekebilirim ama ac\u0131 olmayaca\u011f\u0131m.\u201dHayaller ve hayal k\u0131r\u0131kl\u0131klar\u0131, sevmek ve kaybetmek\u2026Her \u015feye ra\u011fmen aya\u011fa kalkmak ve yeniden umut edebilmek\u2026Ay\u015fe Asl\u0131 Bozda\u011f, Hayal Kurmak \u0130ncitmez kitab\u0131nda hayat yolculu\u011funu, kimi zaman bilin\u00e7ak\u0131\u015f\u0131 kimi zamansa \u00e7arp\u0131c\u0131 \u00f6rnekler ve hayal\u00fcst\u00fc tasvirler e\u015fli\u011finde okurlar\u0131yla payla\u015f\u0131yor.Ruhu uyand\u0131rmak ve kalbe dokunmak m\u00fcmk\u00fcn. Yeter ki yeniyi kar\u015f\u0131lamak i\u00e7in eskiyi s\u0131y\u0131r, sevin\u00e7leri selamlamak i\u00e7in son kullanma tarihi ge\u00e7mi\u015f korkular\u0131 sal\u0131ver ve durgunluktan vazge\u00e7ip kalbinin tutkular\u0131n\u0131 kucakla.<\/p>\n","protected":false},"excerpt":{"rendered":"<p>\u201cD\u00fc\u015febilirim ama bu umutsuzlu\u011fa kap\u0131lmami\u00e7in yetersiz. Yaralanm\u0131\u015f olabilirim ama bu dayanamayaca\u011f\u0131m anlam\u0131na gelmiyor. Korkabilirim ama inat de\u011fil mi; kalaca\u011f\u0131m.Ac\u0131 \u00e7ekebilirim ama ac\u0131 olmayaca\u011f\u0131m.\u201dHayaller ve hayal k\u0131r\u0131kl\u0131klar\u0131,<span class=\"excerpt-hellip\"> [\u2026]<\/span><\/p>\n","protected":false},"featured_media":0,"template":"","meta":{"_monsterinsights_skip_tracking":false,"_monsterinsights_sitenote_active":false,"_monsterinsights_sitenote_note":"","_monsterinsights_sitenote_category":0},"product_brand":[],"product_cat":[12364,12376],"product_tag":[],"class_list":{"0":"post-732224","1":"product","2":"type-product","3":"status-publish","5":"product_cat-genel-konular","6":"product_cat-kisisel-gelisim","7":"pa_cilt-ciltsiz","8":"pa_tur-kitap","9":"pa_yayinevi-nemesis-kitap","10":"pa_yazar-ayse-asli-bozdag","12":"first","13":"instock","14":"sale","15":"shipping-taxable","16":"purchasable","17":"product-type-simple"},"_links":{"self":[{"href":"https:\/\/roveyayinevi.com.tr\/index.php\/wp-json\/wp\/v2\/product\/732224","targetHints":{"allow":["GET"]}}],"collection":[{"href":"https:\/\/roveyayinevi.com.tr\/index.php\/wp-json\/wp\/v2\/product"}],"about":[{"href":"https:\/\/roveyayinevi.com.tr\/index.php\/wp-json\/wp\/v2\/types\/product"}],"wp:attachment":[{"href":"https:\/\/roveyayinevi.com.tr\/index.php\/wp-json\/wp\/v2\/media?parent=732224"}],"wp:term":[{"taxonomy":"product_brand","embeddable":true,"href":"https:\/\/roveyayinevi.com.tr\/index.php\/wp-json\/wp\/v2\/product_brand?post=732224"},{"taxonomy":"product_cat","embeddable":true,"href":"https:\/\/roveyayinevi.com.tr\/index.php\/wp-json\/wp\/v2\/product_cat?post=732224"},{"taxonomy":"product_tag","embeddable":true,"href":"https:\/\/roveyayinevi.com.tr\/index.php\/wp-json\/wp\/v2\/product_tag?post=732224"}],"curies":[{"name":"wp","href":"https:\/\/api.w.org\/{rel}","templated":true}]}}