{"id":732223,"date":"2025-08-27T21:46:08","date_gmt":"2025-08-27T18:46:08","guid":{"rendered":"https:\/\/roveyayinevi.com.tr\/index.php\/urun\/kabul\/"},"modified":"2026-04-16T02:40:14","modified_gmt":"2026-04-15T23:40:14","slug":"kabul","status":"publish","type":"product","link":"https:\/\/roveyayinevi.com.tr\/index.php\/urun\/kabul\/","title":{"rendered":"Kabul"},"content":{"rendered":"<p>\u201cOkuyaca\u011f\u0131n\u0131z hik\u00e2yeyi size ben anlataca\u011f\u0131m. Bir\u00e7o\u011funuzla defalarca tan\u0131\u015ft\u0131m. Baz\u0131lar\u0131n\u0131z\u0131 \u00e7ok \u00e7abuk unuttum. Vakti geldi\u011finde beni u\u011furlayan\u0131n\u0131z da oldu, b\u0131rakmamakta \u0131srar edeniniz de. Ben kim miyim? Hepinizin en k\u0131sa uykusuyum. Ben su\u00e7luluk duygusuyum!\u201dJale Demird\u00f6\u011fen, yeni roman\u0131 Kabul\u2019de insanl\u0131\u011f\u0131n en b\u00fcy\u00fck ortak duygular\u0131ndan biri olan su\u00e7luluk duygusunun hayatlar\u0131 nas\u0131l de\u011fi\u015ftirdi\u011fini, su\u00e7luluk hissedenlerle hissetmeyenlerin nelere sebep olabildiklerini anlat\u0131yor.\u201cZaman, insan hayat\u0131 i\u00e7in tam bir fiyaskodur,\u201d diyen yazar \u015fa\u015f\u0131rt\u0131c\u0131 bi\u00e7imde zaman alg\u0131s\u0131n\u0131 da parampar\u00e7a ediyor.<\/p>\n","protected":false},"excerpt":{"rendered":"<p>\u201cOkuyaca\u011f\u0131n\u0131z hik\u00e2yeyi size ben anlataca\u011f\u0131m. Bir\u00e7o\u011funuzla defalarca tan\u0131\u015ft\u0131m. Baz\u0131lar\u0131n\u0131z\u0131 \u00e7ok \u00e7abuk unuttum. Vakti geldi\u011finde beni u\u011furlayan\u0131n\u0131z da oldu, b\u0131rakmamakta \u0131srar edeniniz de. Ben kim miyim? Hepinizin<span class=\"excerpt-hellip\"> [\u2026]<\/span><\/p>\n","protected":false},"featured_media":0,"template":"","meta":{"_monsterinsights_skip_tracking":false,"_monsterinsights_sitenote_active":false,"_monsterinsights_sitenote_note":"","_monsterinsights_sitenote_category":0},"product_brand":[],"product_cat":[12291,12711],"product_tag":[],"class_list":{"0":"post-732223","1":"product","2":"type-product","3":"status-publish","5":"product_cat-edebiyat","6":"product_cat-roman-oyku","7":"pa_cilt-ciltsiz","8":"pa_tur-kitap","9":"pa_yayinevi-nemesis-kitap","10":"pa_yazar-jale-demirdogen","12":"first","13":"instock","14":"sale","15":"shipping-taxable","16":"purchasable","17":"product-type-simple"},"_links":{"self":[{"href":"https:\/\/roveyayinevi.com.tr\/index.php\/wp-json\/wp\/v2\/product\/732223","targetHints":{"allow":["GET"]}}],"collection":[{"href":"https:\/\/roveyayinevi.com.tr\/index.php\/wp-json\/wp\/v2\/product"}],"about":[{"href":"https:\/\/roveyayinevi.com.tr\/index.php\/wp-json\/wp\/v2\/types\/product"}],"wp:attachment":[{"href":"https:\/\/roveyayinevi.com.tr\/index.php\/wp-json\/wp\/v2\/media?parent=732223"}],"wp:term":[{"taxonomy":"product_brand","embeddable":true,"href":"https:\/\/roveyayinevi.com.tr\/index.php\/wp-json\/wp\/v2\/product_brand?post=732223"},{"taxonomy":"product_cat","embeddable":true,"href":"https:\/\/roveyayinevi.com.tr\/index.php\/wp-json\/wp\/v2\/product_cat?post=732223"},{"taxonomy":"product_tag","embeddable":true,"href":"https:\/\/roveyayinevi.com.tr\/index.php\/wp-json\/wp\/v2\/product_tag?post=732223"}],"curies":[{"name":"wp","href":"https:\/\/api.w.org\/{rel}","templated":true}]}}