{"id":732221,"date":"2025-08-27T21:46:06","date_gmt":"2025-08-27T18:46:06","guid":{"rendered":"https:\/\/roveyayinevi.com.tr\/index.php\/urun\/giriskenlik-sanati\/"},"modified":"2026-04-05T02:48:04","modified_gmt":"2026-04-04T23:48:04","slug":"giriskenlik-sanati","status":"publish","type":"product","link":"https:\/\/roveyayinevi.com.tr\/index.php\/urun\/giriskenlik-sanati\/","title":{"rendered":"Giri\u015fkenlik Sanat\u0131"},"content":{"rendered":"<p>Ba\u015fkalar\u0131n\u0131n Ne D\u00fc\u015f\u00fcnd\u00fc\u011f\u00fcn\u00fc \u00d6nemsemeyi B\u0131rak\u0131n ve Kendinizden EminBir Bi\u00e7imde Konu\u015fmaya ve \u201cHay\u0131r\u201d Demeye Ba\u015flay\u0131n\u2022 Kendinizi s\u00fcrekli ba\u015fkalar\u0131n\u0131 memnun etmek i\u00e7in \u00e7abalayan biri gibi mi hissediyorsunuz?\u2022 Kendi ihtiya\u00e7lar\u0131n\u0131z pahas\u0131na ba\u015fkalar\u0131na teslim mi oluyorsunuz?\u2022 Her durumda duygular\u0131n\u0131z\u0131 anlay\u0131p onlar\u0131 kontrol alt\u0131na alabilmeyi mi arzuluyorsunuz?\u2022 Ele\u015ftiri ve olumsuz geribildirimler kar\u015f\u0131s\u0131nda nas\u0131l davranaca\u011f\u0131n\u0131za karar veremiyor musunuz?Pek \u00e7ok insan, ba\u015fkalar\u0131n\u0131 memnun edememekten ve be\u011fenilmemekten endi\u015felendi\u011fi i\u00e7in giri\u015fken davranmaz. Ancak giri\u015fken olmak sald\u0131rgan davranmak anlam\u0131na gelmez. Giri\u015fken olmak pasif-agresif veya \u00e7\u0131karc\u0131 davran\u0131\u015flara ba\u015fvurmadan kendinizi g\u00fcvenle ifade edebilmektir. Sue Bishop Giri\u015fkenlik Sanat\u0131\u2019nda, davran\u0131\u015f se\u00e7iminin \u00f6nemi, stres kontrol\u00fc, \u00f6zfark\u0131ndal\u0131k ve \u00f6zsayg\u0131, sorunlu insanlarla ve zor durumlarla ba\u015fa \u00e7\u0131kmak gibi konulara de\u011finiyor. Ayr\u0131ca sosyal hayattaki ve i\u015fyerindeki etkile\u015fimlerinizde davran\u0131\u015f\u0131n\u0131z\u0131 en iyi \u015fekilde nas\u0131l de\u011fi\u015ftirece\u011finizi \u00f6\u011frenebilmeniz i\u00e7in g\u00fc\u00e7l\u00fc ve zay\u0131f y\u00f6nlerinizin daha fazla fark\u0131na varman\u0131za yard\u0131mc\u0131 olacak basit teknikler sunuyor. Giri\u015fkenlik, \u00f6\u011frenilebilen bir beceridir. \u00d6rnekler ve pratik al\u0131\u015ft\u0131rmalarla dolu bu rehber kitap, kendinizi yap\u0131c\u0131 bir \u015fekilde ortaya koyarak etkili ileti\u015fim kurma yetene\u011finizi ortaya \u00e7\u0131karman\u0131z\u0131 sa\u011flayacak.c<\/p>\n","protected":false},"excerpt":{"rendered":"<p>Ba\u015fkalar\u0131n\u0131n Ne D\u00fc\u015f\u00fcnd\u00fc\u011f\u00fcn\u00fc \u00d6nemsemeyi B\u0131rak\u0131n ve Kendinizden EminBir Bi\u00e7imde Konu\u015fmaya ve \u201cHay\u0131r\u201d Demeye Ba\u015flay\u0131n\u2022 Kendinizi s\u00fcrekli ba\u015fkalar\u0131n\u0131 memnun etmek i\u00e7in \u00e7abalayan biri gibi mi hissediyorsunuz?\u2022 Kendi<span class=\"excerpt-hellip\"> [\u2026]<\/span><\/p>\n","protected":false},"featured_media":0,"template":"","meta":{"_monsterinsights_skip_tracking":false,"_monsterinsights_sitenote_active":false,"_monsterinsights_sitenote_note":"","_monsterinsights_sitenote_category":0},"product_brand":[],"product_cat":[12364,12376],"product_tag":[],"class_list":{"0":"post-732221","1":"product","2":"type-product","3":"status-publish","5":"product_cat-genel-konular","6":"product_cat-kisisel-gelisim","7":"pa_cilt-ciltsiz","8":"pa_tur-kitap","9":"pa_yayinevi-nova-kitap","10":"pa_yazar-sue-bishop","12":"first","13":"instock","14":"sale","15":"shipping-taxable","16":"purchasable","17":"product-type-simple"},"_links":{"self":[{"href":"https:\/\/roveyayinevi.com.tr\/index.php\/wp-json\/wp\/v2\/product\/732221","targetHints":{"allow":["GET"]}}],"collection":[{"href":"https:\/\/roveyayinevi.com.tr\/index.php\/wp-json\/wp\/v2\/product"}],"about":[{"href":"https:\/\/roveyayinevi.com.tr\/index.php\/wp-json\/wp\/v2\/types\/product"}],"wp:attachment":[{"href":"https:\/\/roveyayinevi.com.tr\/index.php\/wp-json\/wp\/v2\/media?parent=732221"}],"wp:term":[{"taxonomy":"product_brand","embeddable":true,"href":"https:\/\/roveyayinevi.com.tr\/index.php\/wp-json\/wp\/v2\/product_brand?post=732221"},{"taxonomy":"product_cat","embeddable":true,"href":"https:\/\/roveyayinevi.com.tr\/index.php\/wp-json\/wp\/v2\/product_cat?post=732221"},{"taxonomy":"product_tag","embeddable":true,"href":"https:\/\/roveyayinevi.com.tr\/index.php\/wp-json\/wp\/v2\/product_tag?post=732221"}],"curies":[{"name":"wp","href":"https:\/\/api.w.org\/{rel}","templated":true}]}}