{"id":732220,"date":"2025-08-27T21:46:05","date_gmt":"2025-08-27T18:46:05","guid":{"rendered":"https:\/\/roveyayinevi.com.tr\/index.php\/urun\/gumus-ok\/"},"modified":"2026-04-16T02:40:14","modified_gmt":"2026-04-15T23:40:14","slug":"gumus-ok","status":"publish","type":"product","link":"https:\/\/roveyayinevi.com.tr\/index.php\/urun\/gumus-ok\/","title":{"rendered":"G\u00fcm\u00fc\u015f Ok"},"content":{"rendered":"<p>Yolcular\u0131 D\u00fcnyan\u0131n Farkl\u0131 Yerlerindeki Hayvanlardan Olu\u015fan Bir Tren, \u0130ki \u00c7ocuk VeB\u00fcy\u00fcl\u00fc Bir Yolculuk\u2026Kate ve karde\u015fi Tom, \u00e7ok s\u0131k\u0131c\u0131 bulduklar\u0131 bir hayat ya\u015f\u0131yorlard\u0131. Kate her zaman, okudu\u011fu kitaplardaki kahramanlar gibi d\u00fcnyay\u0131 kurtaraca\u011f\u0131, heyecan dolu maceralara \u00e7\u0131kmay\u0131 hayal etse de, on birinci do\u011fum g\u00fcn\u00fc bile gayet s\u0131k\u0131c\u0131 ilerliyordu; ta ki hi\u00e7 tan\u0131\u015fmad\u0131\u011f\u0131 Herbert day\u0131s\u0131 t\u00fcm zamanlar\u0131n en beklenmedik, en heyecan verici, en uygunsuz do\u011fum g\u00fcn\u00fc hediyesiyle gelene dek&#8230; Day\u0131s\u0131 ona G\u00fcm\u00fc\u015f Ok ad\u0131nda, devasa bir lokomotif alm\u0131\u015ft\u0131!G\u00fcm\u00fc\u015f Ok\u2019la birlikte, konu\u015fabilen say\u0131s\u0131z egzotik hayvan\u0131n e\u015fli\u011finde, uzak diyarlara do\u011fru \u00e7\u0131kacaklar\u0131 b\u00fcy\u00fcl\u00fc tren yolculu\u011funda Kate ve Tom\u2019u heyecan, merak ve sihirle \u00f6r\u00fcl\u00fc bir macera bekliyordu&#8230; Kim bilir? Belki de bu macerayla d\u00fcnyay\u0131 bile kurtarabilirlerdi&#8230;Lev Grossman\u2019\u0131n kaleminden G\u00fcm\u00fc\u015f Ok size, d\u00fcnyaya yepyeni bir g\u00f6zle bakmak i\u00e7in ilham verecek&#8230;\u201cMerak uyand\u0131r\u0131c\u0131 detaylar ve incelikle i\u015flenmi\u015f bu maceran\u0131n gen\u00e7 okurlar\u0131n dikkatini \u00e7ekece\u011fi kesin&#8230;\u201d\u2013Publishers WeeklyYolcular\u0131 D\u00fcnyan\u0131n Farkl\u0131 Yerlerindeki Hayvanlardan Olu\u015fan Bir Tren, \u0130ki \u00c7ocuk VeB\u00fcy\u00fcl\u00fc Bir Yolculuk\u2026Kate ve karde\u015fi Tom, \u00e7ok s\u0131k\u0131c\u0131 bulduklar\u0131 bir hayat ya\u015f\u0131yorlard\u0131. Kate her zaman, okudu\u011fu kitaplardaki kahramanlar gibi d\u00fcnyay\u0131 kurtaraca\u011f\u0131, heyecan dolu maceralara \u00e7\u0131kmay\u0131 hayal etse de, on birinci do\u011fum g\u00fcn\u00fc bile gayet s\u0131k\u0131c\u0131 ilerliyordu; ta ki hi\u00e7 tan\u0131\u015fmad\u0131\u011f\u0131 Herbert day\u0131s\u0131 t\u00fcm zamanlar\u0131n en beklenmedik, en heyecan verici, en uygunsuz do\u011fum g\u00fcn\u00fc hediyesiyle gelene dek&#8230; Day\u0131s\u0131 ona G\u00fcm\u00fc\u015f Ok ad\u0131nda, devasa bir lokomotif alm\u0131\u015ft\u0131!G\u00fcm\u00fc\u015f Ok\u2019la birlikte, konu\u015fabilen say\u0131s\u0131z egzotik hayvan\u0131n e\u015fli\u011finde, uzak diyarlara do\u011fru \u00e7\u0131kacaklar\u0131 b\u00fcy\u00fcl\u00fc tren yolculu\u011funda Kate ve Tom\u2019u heyecan, merak ve sihirle \u00f6r\u00fcl\u00fc bir macera bekliyordu&#8230; Kim bilir? Belki de bu macerayla d\u00fcnyay\u0131 bile kurtarabilirlerdi&#8230;Lev Grossman\u2019\u0131n kaleminden G\u00fcm\u00fc\u015f Ok size, d\u00fcnyaya yepyeni bir g\u00f6zle bakmak i\u00e7in ilham verecek&#8230;\u201cMerak uyand\u0131r\u0131c\u0131 detaylar ve incelikle i\u015flenmi\u015f bu maceran\u0131n gen\u00e7 okurlar\u0131n dikkatini \u00e7ekece\u011fi kesin&#8230;\u201d\u2013Publishers WeeklyYolcular\u0131 D\u00fcnyan\u0131n Farkl\u0131 Yerlerindeki Hayvanlardan Olu\u015fan Bir Tren, \u0130ki \u00c7ocuk VeB\u00fcy\u00fcl\u00fc Bir Yolculuk\u2026Kate ve karde\u015fi Tom, \u00e7ok s\u0131k\u0131c\u0131 bulduklar\u0131 bir hayat ya\u015f\u0131yorlard\u0131. Kate her zaman, okudu\u011fu kitaplardaki kahramanlar gibi d\u00fcnyay\u0131 kurtaraca\u011f\u0131, heyecan dolu maceralara \u00e7\u0131kmay\u0131 hayal etse de, on birinci do\u011fum g\u00fcn\u00fc bile gayet s\u0131k\u0131c\u0131 ilerliyordu; ta ki hi\u00e7 tan\u0131\u015fmad\u0131\u011f\u0131 Herbert day\u0131s\u0131 t\u00fcm zamanlar\u0131n en beklenmedik, en heyecan verici, en uygunsuz do\u011fum g\u00fcn\u00fc hediyesiyle gelene dek&#8230; Day\u0131s\u0131 ona G\u00fcm\u00fc\u015f Ok ad\u0131nda, devasa bir lokomotif alm\u0131\u015ft\u0131!G\u00fcm\u00fc\u015f Ok\u2019la birlikte, konu\u015fabilen say\u0131s\u0131z egzotik hayvan\u0131n e\u015fli\u011finde, uzak diyarlara do\u011fru \u00e7\u0131kacaklar\u0131 b\u00fcy\u00fcl\u00fc tren yolculu\u011funda Kate ve Tom\u2019u heyecan, merak ve sihirle \u00f6r\u00fcl\u00fc bir macera bekliyordu&#8230; Kim bilir? Belki de bu macerayla d\u00fcnyay\u0131 bile kurtarabilirlerdi&#8230;Lev Grossman\u2019\u0131n kaleminden G\u00fcm\u00fc\u015f Ok size, d\u00fcnyaya yepyeni bir g\u00f6zle bakmak i\u00e7in ilham verecek&#8230;\u201cMerak uyand\u0131r\u0131c\u0131 detaylar ve incelikle i\u015flenmi\u015f bu maceran\u0131n gen\u00e7 okurlar\u0131n dikkatini \u00e7ekece\u011fi kesin&#8230;\u201d\u2013Publishers WeeklyYolcular\u0131 D\u00fcnyan\u0131n Farkl\u0131 Yerlerindeki Hayvanlardan Olu\u015fan Bir Tren, \u0130ki \u00c7ocuk VeB\u00fcy\u00fcl\u00fc Bir Yolculuk\u2026Kate ve karde\u015fi Tom, \u00e7ok s\u0131k\u0131c\u0131 bulduklar\u0131 bir hayat ya\u015f\u0131yorlard\u0131. Kate her zaman, okudu\u011fu kitaplardaki kahramanlar gibi d\u00fcnyay\u0131 kurtaraca\u011f\u0131, heyecan dolu maceralara \u00e7\u0131kmay\u0131 hayal etse de, on birinci do\u011fum g\u00fcn\u00fc bile gayet s\u0131k\u0131c\u0131 ilerliyordu; ta ki hi\u00e7 tan\u0131\u015fmad\u0131\u011f\u0131 Herbert day\u0131s\u0131 t\u00fcm zamanlar\u0131n en beklenmedik, en heyecan verici, en uygunsuz do\u011fum g\u00fcn\u00fc hediyesiyle gelene dek&#8230; Day\u0131s\u0131 ona G\u00fcm\u00fc\u015f Ok ad\u0131nda, devasa bir lokomotif alm\u0131\u015ft\u0131!G\u00fcm\u00fc\u015f Ok\u2019la birlikte, konu\u015fabilen say\u0131s\u0131z egzotik hayvan\u0131n e\u015fli\u011finde, uzak diyarlara do\u011fru \u00e7\u0131kacaklar\u0131 b\u00fcy\u00fcl\u00fc tren yolculu\u011funda Kate ve Tom\u2019u heyecan, merak ve sihirle \u00f6r\u00fcl\u00fc bir macera bekliyordu&#8230; Kim bilir? Belki de bu macerayla d\u00fcnyay\u0131 bile kurtarabilirlerdi&#8230;Lev Grossman\u2019\u0131n kaleminden G\u00fcm\u00fc\u015f Ok size, d\u00fcnyaya yepyeni bir g\u00f6zle bakmak i\u00e7in ilham verecek&#8230;\u201cMerak uyand\u0131r\u0131c\u0131 detaylar ve incelikle i\u015flenmi\u015f bu maceran\u0131n gen\u00e7 okurlar\u0131n dikkatini \u00e7ekece\u011fi kesin&#8230;\u201d\u2013Publishers Weeklyc<\/p>\n","protected":false},"excerpt":{"rendered":"<p>Yolcular\u0131 D\u00fcnyan\u0131n Farkl\u0131 Yerlerindeki Hayvanlardan Olu\u015fan Bir Tren, \u0130ki \u00c7ocuk VeB\u00fcy\u00fcl\u00fc Bir Yolculuk\u2026Kate ve karde\u015fi Tom, \u00e7ok s\u0131k\u0131c\u0131 bulduklar\u0131 bir hayat ya\u015f\u0131yorlard\u0131. Kate her zaman, okudu\u011fu<span class=\"excerpt-hellip\"> [\u2026]<\/span><\/p>\n","protected":false},"featured_media":0,"template":"","meta":{"_monsterinsights_skip_tracking":false,"_monsterinsights_sitenote_active":false,"_monsterinsights_sitenote_note":"","_monsterinsights_sitenote_category":0},"product_brand":[],"product_cat":[12275,12274],"product_tag":[],"class_list":{"0":"post-732220","1":"product","2":"type-product","3":"status-publish","5":"product_cat-6-12-yas-kitaplari","6":"product_cat-cocuk-ve-genclik-kitaplari","7":"pa_cilt-ciltsiz","8":"pa_tur-kitap","9":"pa_yayinevi-ithaki-yayinlari","10":"pa_yazar-lev-grossman","12":"first","13":"instock","14":"sale","15":"shipping-taxable","16":"purchasable","17":"product-type-simple"},"_links":{"self":[{"href":"https:\/\/roveyayinevi.com.tr\/index.php\/wp-json\/wp\/v2\/product\/732220","targetHints":{"allow":["GET"]}}],"collection":[{"href":"https:\/\/roveyayinevi.com.tr\/index.php\/wp-json\/wp\/v2\/product"}],"about":[{"href":"https:\/\/roveyayinevi.com.tr\/index.php\/wp-json\/wp\/v2\/types\/product"}],"wp:attachment":[{"href":"https:\/\/roveyayinevi.com.tr\/index.php\/wp-json\/wp\/v2\/media?parent=732220"}],"wp:term":[{"taxonomy":"product_brand","embeddable":true,"href":"https:\/\/roveyayinevi.com.tr\/index.php\/wp-json\/wp\/v2\/product_brand?post=732220"},{"taxonomy":"product_cat","embeddable":true,"href":"https:\/\/roveyayinevi.com.tr\/index.php\/wp-json\/wp\/v2\/product_cat?post=732220"},{"taxonomy":"product_tag","embeddable":true,"href":"https:\/\/roveyayinevi.com.tr\/index.php\/wp-json\/wp\/v2\/product_tag?post=732220"}],"curies":[{"name":"wp","href":"https:\/\/api.w.org\/{rel}","templated":true}]}}