{"id":732219,"date":"2025-08-27T21:46:04","date_gmt":"2025-08-27T18:46:04","guid":{"rendered":"https:\/\/roveyayinevi.com.tr\/index.php\/urun\/cogu-zaman-derbeder-ciltli\/"},"modified":"2026-04-03T02:47:29","modified_gmt":"2026-04-02T23:47:29","slug":"cogu-zaman-derbeder-ciltli","status":"publish","type":"product","link":"https:\/\/roveyayinevi.com.tr\/index.php\/urun\/cogu-zaman-derbeder-ciltli\/","title":{"rendered":"\u00c7o\u011fu Zaman Derbeder (Ciltli)"},"content":{"rendered":"<p>Yaz a\u015fk\u0131 birden gelir\u2026 ama bazen hi\u00e7 ge\u00e7mez.Ollie, Will\u2019e \u00e7ok fena tutulmu\u015ftu ama yaz bitince b\u00fcy\u00fc bozulmu\u015f ve t\u00fcm ileti\u015fimleri kopmu\u015ftu.Ollie ailevi sebepler y\u00fcz\u00fcnden \u00fclkenin \u00f6b\u00fcr ucundaki okula \u2013Will\u2019in okuluna\u2013 ba\u015flamak zorunda kald\u0131\u011f\u0131ndakar\u015f\u0131la\u015ft\u0131\u011f\u0131 ki\u015finin o tatl\u0131 ve kendinden emin \u00e7ocukla alakas\u0131 yoktu.Kalbini daha \u00f6nce parampar\u00e7a etmi\u015f birine tekrar g\u00fcvenecek kadar aptal olamazd\u0131, de\u011fil mi?\u201c\u00c7o\u011fu Zaman Derbeder, ke\u015fke benim \u00e7ocuklar\u0131m\u0131n da gen\u00e7li\u011finde olsayd\u0131 dedi\u011fim bir kitap.\u201d \u2014Jodi Picoult\u201cAile, dostluk ve a\u015fk \u00fczerine y\u00fcreklerinizi \u0131s\u0131tacak bir hik\u00e2ye.\u201d \u2014Sandya Menon\u201cHer sayfas\u0131nda duvarlar\u0131n\u0131z\u0131 y\u0131kacak bir gen\u00e7lik roman\u0131.\u201d \u2014Book Riot\u201cSophie Gonzales, Grease filmini alm\u0131\u015f ve bamba\u015fka bir seviyeye \u00e7\u0131karm\u0131\u015f.\u201d \u2014School Library Journal\u201cYaz bitince yaz a\u015fklar\u0131na ne oldu\u011funa dair umut dolu ve y\u00fcrek burkan bir roman.\u201d \u2014Hannah Capin\u201cO kadar komik ve tatl\u0131 bir hik\u00e2ye ki bay\u0131lacaks\u0131n\u0131z.\u201d \u2014Cale Dietrich\u201cHem karakterler hem de aralar\u0131ndaki a\u015fk i\u00e7inizi \u0131s\u0131tacak.\u201d \u2014Mason Deaver\u201cBitmesini istemeyeceksiniz.\u201d \u2014Angelo Surmelis\u201cSevginin engel tan\u0131mayaca\u011f\u0131na dair g\u00fc\u00e7l\u00fc ve bir o kadar da e\u011flenceli bir roman.\u201d \u2014Jenn Bennett\u201cYaratt\u0131\u011f\u0131 sevilesi, komik ve \u00e7ok ger\u00e7ek\u00e7i karakterleriyle Sophie Gonzales\u2019in her kitab\u0131n\u0131 okumak isteyeceksiniz.\u201d \u2014Julia Lynn Rubin<\/p>\n","protected":false},"excerpt":{"rendered":"<p>Yaz a\u015fk\u0131 birden gelir\u2026 ama bazen hi\u00e7 ge\u00e7mez.Ollie, Will\u2019e \u00e7ok fena tutulmu\u015ftu ama yaz bitince b\u00fcy\u00fc bozulmu\u015f ve t\u00fcm ileti\u015fimleri kopmu\u015ftu.Ollie ailevi sebepler y\u00fcz\u00fcnden \u00fclkenin \u00f6b\u00fcr<span class=\"excerpt-hellip\"> [\u2026]<\/span><\/p>\n","protected":false},"featured_media":0,"template":"","meta":{"_monsterinsights_skip_tracking":false,"_monsterinsights_sitenote_active":false,"_monsterinsights_sitenote_note":"","_monsterinsights_sitenote_category":0},"product_brand":[],"product_cat":[12291,12711],"product_tag":[],"class_list":{"0":"post-732219","1":"product","2":"type-product","3":"status-publish","5":"product_cat-edebiyat","6":"product_cat-roman-oyku","7":"pa_cilt-ciltli","8":"pa_tur-kitap","9":"pa_yayinevi-yabanci-yayinevi","10":"pa_yazar-sophie-gonzales","12":"first","13":"instock","14":"sale","15":"shipping-taxable","16":"purchasable","17":"product-type-simple"},"_links":{"self":[{"href":"https:\/\/roveyayinevi.com.tr\/index.php\/wp-json\/wp\/v2\/product\/732219","targetHints":{"allow":["GET"]}}],"collection":[{"href":"https:\/\/roveyayinevi.com.tr\/index.php\/wp-json\/wp\/v2\/product"}],"about":[{"href":"https:\/\/roveyayinevi.com.tr\/index.php\/wp-json\/wp\/v2\/types\/product"}],"wp:attachment":[{"href":"https:\/\/roveyayinevi.com.tr\/index.php\/wp-json\/wp\/v2\/media?parent=732219"}],"wp:term":[{"taxonomy":"product_brand","embeddable":true,"href":"https:\/\/roveyayinevi.com.tr\/index.php\/wp-json\/wp\/v2\/product_brand?post=732219"},{"taxonomy":"product_cat","embeddable":true,"href":"https:\/\/roveyayinevi.com.tr\/index.php\/wp-json\/wp\/v2\/product_cat?post=732219"},{"taxonomy":"product_tag","embeddable":true,"href":"https:\/\/roveyayinevi.com.tr\/index.php\/wp-json\/wp\/v2\/product_tag?post=732219"}],"curies":[{"name":"wp","href":"https:\/\/api.w.org\/{rel}","templated":true}]}}