{"id":732217,"date":"2025-08-27T21:46:02","date_gmt":"2025-08-27T18:46:02","guid":{"rendered":"https:\/\/roveyayinevi.com.tr\/index.php\/urun\/korkudan-ozgurlesmek\/"},"modified":"2026-04-12T02:46:57","modified_gmt":"2026-04-11T23:46:57","slug":"korkudan-ozgurlesmek","status":"publish","type":"product","link":"https:\/\/roveyayinevi.com.tr\/index.php\/urun\/korkudan-ozgurlesmek\/","title":{"rendered":"Korkudan \u00d6zg\u00fcrle\u015fmek"},"content":{"rendered":"<p>Her sabah g\u00fcn\u00fcn ilerleyen saatlerinde sizi her ne bekliyor olursa olsun, bununla ba\u015fa \u00e7\u0131kabilecek beceri ve yeteneklere sahip oldu\u011funuzu bilerek, \u00f6zg\u00fcvenli ve korkusuz bir \u015fekilde uyanman\u0131n nas\u0131l bir his olabilece\u011fini hayal edin. Ya\u015fam\u0131n\u0131z\u0131 ku\u015fkulardan \u00f6zg\u00fcr, k\u0131s\u0131tlamalardan \u00f6zg\u00fcr, hayali felaketlerden \u00f6zg\u00fcr bir bi\u00e7imde, zihninizle kalbinizi ne\u015fe i\u00e7inde ba\u015fkalar\u0131na a\u00e7maktan korkmadan ya\u015famak harika olmaz m\u0131yd\u0131? \u201cBu m\u00fcmk\u00fcn m\u00fc?\u201d diye soruyor olabilirsiniz. Yan\u0131t, EVET!D\u00f6nemimizin b\u00fcy\u00fck Kriya Yoga ustalar\u0131ndan biri olan Paramahamsa Prajnanananda bizlere korkudan \u00f6zg\u00fcrle\u015fen bir birey i\u00e7in t\u00fcm bunlar\u0131n ve daha fazlas\u0131n\u0131n m\u00fcmk\u00fcn oldu\u011funu s\u00f6yl\u00fcyor. Korkudan \u00d6zg\u00fcrle\u015fmek kitab\u0131nda Paramahamsaji korkunun \u00e7e\u015fitli y\u00f6nlerini ve ya\u015fam\u0131m\u0131z ile d\u00fcnya \u00fczerindeki talihsiz etkilerini ustal\u0131kla inceliyor. Korkunun g\u00fcndelik d\u00fc\u015f\u00fcnce ve eylemlerimizin ard\u0131ndaki temel g\u00fcd\u00fclerden biri oldu\u011funu \u00f6\u011frenmi\u015f olsak da umutsuzlu\u011fa kap\u0131lmay\u0131n, cesaretinizi yitirmeyin! \u00c7\u00fcnk\u00fc bu kitap size \u00f6zg\u00fcrle\u015fmenin basit anahtarlar\u0131n\u0131 veriyor.Korku fethedilebilir ve \u00fcstat bu kitapta bizlere bunu nas\u0131l yapaca\u011f\u0131m\u0131z\u0131 anlat\u0131yor.<\/p>\n","protected":false},"excerpt":{"rendered":"<p>Her sabah g\u00fcn\u00fcn ilerleyen saatlerinde sizi her ne bekliyor olursa olsun, bununla ba\u015fa \u00e7\u0131kabilecek beceri ve yeteneklere sahip oldu\u011funuzu bilerek, \u00f6zg\u00fcvenli ve korkusuz bir \u015fekilde uyanman\u0131n<span class=\"excerpt-hellip\"> [\u2026]<\/span><\/p>\n","protected":false},"featured_media":0,"template":"","meta":{"_monsterinsights_skip_tracking":false,"_monsterinsights_sitenote_active":false,"_monsterinsights_sitenote_note":"","_monsterinsights_sitenote_category":0},"product_brand":[],"product_cat":[12364,12376],"product_tag":[],"class_list":{"0":"post-732217","1":"product","2":"type-product","3":"status-publish","5":"product_cat-genel-konular","6":"product_cat-kisisel-gelisim","7":"pa_cilt-ciltsiz","8":"pa_tur-kitap","9":"pa_yayinevi-muptela-yayinevi","10":"pa_yazar-paramahamsa-prajnanananda","12":"first","13":"instock","14":"sale","15":"shipping-taxable","16":"purchasable","17":"product-type-simple"},"_links":{"self":[{"href":"https:\/\/roveyayinevi.com.tr\/index.php\/wp-json\/wp\/v2\/product\/732217","targetHints":{"allow":["GET"]}}],"collection":[{"href":"https:\/\/roveyayinevi.com.tr\/index.php\/wp-json\/wp\/v2\/product"}],"about":[{"href":"https:\/\/roveyayinevi.com.tr\/index.php\/wp-json\/wp\/v2\/types\/product"}],"wp:attachment":[{"href":"https:\/\/roveyayinevi.com.tr\/index.php\/wp-json\/wp\/v2\/media?parent=732217"}],"wp:term":[{"taxonomy":"product_brand","embeddable":true,"href":"https:\/\/roveyayinevi.com.tr\/index.php\/wp-json\/wp\/v2\/product_brand?post=732217"},{"taxonomy":"product_cat","embeddable":true,"href":"https:\/\/roveyayinevi.com.tr\/index.php\/wp-json\/wp\/v2\/product_cat?post=732217"},{"taxonomy":"product_tag","embeddable":true,"href":"https:\/\/roveyayinevi.com.tr\/index.php\/wp-json\/wp\/v2\/product_tag?post=732217"}],"curies":[{"name":"wp","href":"https:\/\/api.w.org\/{rel}","templated":true}]}}