{"id":732216,"date":"2025-08-27T21:46:01","date_gmt":"2025-08-27T18:46:01","guid":{"rendered":"https:\/\/roveyayinevi.com.tr\/index.php\/urun\/donme-dolap-dusleri\/"},"modified":"2026-04-11T13:59:30","modified_gmt":"2026-04-11T10:59:30","slug":"donme-dolap-dusleri","status":"publish","type":"product","link":"https:\/\/roveyayinevi.com.tr\/index.php\/urun\/donme-dolap-dusleri\/","title":{"rendered":"D\u00f6nme Dolap D\u00fc\u015fleri"},"content":{"rendered":"<p>Hi\u00e7bir \u015fey olmas\u0131 gerekti\u011fi gibi de\u011fil art\u0131k. Ne da\u011f ne \u00e7ocuk, ne kum ne kar\u0131nca. Herkesin g\u00f6rd\u00fc\u011f\u00fc ama kimsenin \u015fa\u015f\u0131rmad\u0131\u011f\u0131 bir de\u011fi\u015fim bu. H\u0131zla kan\u0131ksanan, hatta zaman zaman alk\u0131\u015f tuttu\u011fumuz; tuhaf, yanl\u0131\u015f, zehirli bir de\u011fi\u015fim. Ayn\u0131 kalan, insan\u0131n bir k\u0131sa soluk veri\u015fi, kavgas\u0131, g\u00fcr\u00fclt\u00fcs\u00fc, temas\u0131. Hepsinin \u00fcst\u00fcnde ayn\u0131 kalman\u0131n tedirginli\u011fi, ba\u011f\u0131rmayan, usul usul, yal\u0131n bir tela\u015f.M. \u00d6zg\u00fcr Mutlu, D\u00f6nme Dolap D\u00fc\u015fleri ile ba\u015fta \u00f6yk\u00fc diline, sonra da atmosfere ve karaktere inand\u0131\u011f\u0131n\u0131 bir kez daha g\u00f6steriyor. 2011 Ya\u015far Nabi Nay\u0131r Gen\u00e7lik \u00d6d\u00fcl\u00fc\u2019n\u00fc \u00f6yk\u00fc dal\u0131nda Van G\u00f6l\u00fc Ekspresi ile ald\u0131ktan sonra Karton Ev ve D\u00fcnyan\u0131n \u00c7ivisi isimli kitaplar\u0131yla okurla bulu\u015fmaya devam eden yazar, yolculu\u011funu ara vermeden s\u00fcrd\u00fcr\u00fcyor.\u201cD\u00f6nme dolap a\u015fa\u011f\u0131 inerken bat\u0131yor d\u00fcnya, \u00e7\u0131karken do\u011fuyor. Batarken b\u00fcy\u00fcyor her \u015fey, do\u011farken k\u00fc\u00e7\u00fcl\u00fcyor. Ben bunca sene ne yapt\u0131m b\u00fcy\u00fcy\u00fcp k\u00fc\u00e7\u00fclmekten ba\u015fka? Ayn\u0131 yerde d\u00f6n\u00fcp durdum desem, yol nedir sanki, yolculuk? Bir geminin farelerin viyaklad\u0131\u011f\u0131, karanl\u0131k k\u00fcfl\u00fc mutfa\u011f\u0131nda Atlas Okyanusu\u2019nu ge\u00e7mi\u015fsem ne olmu\u015f. Yine burada de\u011fil miyim, kendimden b\u00fcy\u00fck g\u00f6lgemi kaybetti\u011fim yerde. Hayata beni ucuz c\u0131vatalar ba\u011fl\u0131yor yine.\u201d<\/p>\n","protected":false},"excerpt":{"rendered":"<p>Hi\u00e7bir \u015fey olmas\u0131 gerekti\u011fi gibi de\u011fil art\u0131k. Ne da\u011f ne \u00e7ocuk, ne kum ne kar\u0131nca. Herkesin g\u00f6rd\u00fc\u011f\u00fc ama kimsenin \u015fa\u015f\u0131rmad\u0131\u011f\u0131 bir de\u011fi\u015fim bu. H\u0131zla kan\u0131ksanan, hatta<span class=\"excerpt-hellip\"> [\u2026]<\/span><\/p>\n","protected":false},"featured_media":0,"template":"","meta":{"_monsterinsights_skip_tracking":false,"_monsterinsights_sitenote_active":false,"_monsterinsights_sitenote_note":"","_monsterinsights_sitenote_category":0},"product_brand":[],"product_cat":[12291,12711],"product_tag":[],"class_list":{"0":"post-732216","1":"product","2":"type-product","3":"status-publish","5":"product_cat-edebiyat","6":"product_cat-roman-oyku","7":"pa_cilt-ciltsiz","8":"pa_tur-kitap","9":"pa_yayinevi-ithaki-yayinlari","10":"pa_yazar-m-ozgur-mutlu","12":"first","13":"instock","14":"sale","15":"shipping-taxable","16":"purchasable","17":"product-type-simple"},"_links":{"self":[{"href":"https:\/\/roveyayinevi.com.tr\/index.php\/wp-json\/wp\/v2\/product\/732216","targetHints":{"allow":["GET"]}}],"collection":[{"href":"https:\/\/roveyayinevi.com.tr\/index.php\/wp-json\/wp\/v2\/product"}],"about":[{"href":"https:\/\/roveyayinevi.com.tr\/index.php\/wp-json\/wp\/v2\/types\/product"}],"wp:attachment":[{"href":"https:\/\/roveyayinevi.com.tr\/index.php\/wp-json\/wp\/v2\/media?parent=732216"}],"wp:term":[{"taxonomy":"product_brand","embeddable":true,"href":"https:\/\/roveyayinevi.com.tr\/index.php\/wp-json\/wp\/v2\/product_brand?post=732216"},{"taxonomy":"product_cat","embeddable":true,"href":"https:\/\/roveyayinevi.com.tr\/index.php\/wp-json\/wp\/v2\/product_cat?post=732216"},{"taxonomy":"product_tag","embeddable":true,"href":"https:\/\/roveyayinevi.com.tr\/index.php\/wp-json\/wp\/v2\/product_tag?post=732216"}],"curies":[{"name":"wp","href":"https:\/\/api.w.org\/{rel}","templated":true}]}}