{"id":732215,"date":"2025-08-27T21:45:59","date_gmt":"2025-08-27T18:45:59","guid":{"rendered":"https:\/\/roveyayinevi.com.tr\/index.php\/urun\/cehennem-atlasi-cehennemin-sinirindan-alti-oyku\/"},"modified":"2026-04-16T02:40:14","modified_gmt":"2026-04-15T23:40:14","slug":"cehennem-atlasi-cehennemin-sinirindan-alti-oyku","status":"publish","type":"product","link":"https:\/\/roveyayinevi.com.tr\/index.php\/urun\/cehennem-atlasi-cehennemin-sinirindan-alti-oyku\/","title":{"rendered":"Cehennem Atlas\u0131: Cehennemin S\u0131n\u0131r\u0131ndan Alt\u0131 \u00d6yk\u00fc"},"content":{"rendered":"<p>\u201cBu kitapta yazar\u0131n pe\u015finden cehenneme seve seve gidip (belki) geri geleceksiniz.\u201d \u2013Paul Tremblay\u201cNathan Ballingrud en sevdi\u011fim \u00f6yk\u00fc yazarlar\u0131ndan biri.\u201d \u2013Jeff VanderMeer\u201cBallingrud g\u00fcn\u00fcm\u00fcz yazarlar\u0131 aras\u0131nda en sevdiklerimden biri ve ne zaman bir kitab\u0131 \u00e7\u0131ksa okumak i\u00e7in hemen s\u0131raya girerim.\u201d \u2013Victor LaValle\u201cMilton ve Dante\u2019nin cehennemlerinin destans\u0131 hissiyat\u0131na sahip.\u201d \u2013Adam Nevill\u00c7a\u011fda\u015f korku edebiyat\u0131n\u0131n g\u00fc\u00e7l\u00fc kalemlerinden biri olan Nathan Ballingrud\u2019un d\u00f6rt k\u0131sa \u00f6yk\u00fcs\u00fc ile iki uzun \u00f6yk\u00fcs\u00fcn\u00fcn bir araya geldi\u011fi bu kitap, karanl\u0131k bir evrenin kap\u0131s\u0131n\u0131 aralay\u0131p bizi ba\u015fka d\u00fcnyalar\u0131n ok\u00fclt deh\u015fetleriyle kar\u015f\u0131la\u015ft\u0131r\u0131rken, k\u00e2buslar\u0131n \u00f6l\u00fcmc\u00fcl olduklar\u0131 kadar dokunakl\u0131 da olabileceklerini g\u00f6steriyor.Cehennemden gelen eserlerin yerini g\u00f6steren s\u0131rad\u0131\u015f\u0131 bir atlas, le\u015f\u00e7il melekler, canavarlarla al\u0131\u015fveri\u015fe giri\u015fen efsuncular, bir hortla\u011f\u0131n misafiri olan \u00e7ocuklar, lanetli bir panay\u0131r, yamyam rahibin k\u0131z\u0131na \u00e2\u015f\u0131k olan gen\u00e7 bir satanist, cehennemin s\u0131n\u0131r\u0131nda gezinen haritac\u0131lar\u2026 Sat\u0131r aralar\u0131nda birbirlerine g\u00f6ndermelerde bulunan bu \u00f6yk\u00fcler kar\u015f\u0131m\u0131za ilmik ilmik \u00f6r\u00fclm\u00fc\u015f bir cehennem mitolojisi \u00e7\u0131kar\u0131yor.\u015eehir \u00e2deta, uyan\u0131p anlat\u0131ncaya veya uykusunda \u00f6l\u00fcnceye dek kimsenin fark etmeyece\u011fi, kendine has bir k\u00e2bustan mustaripti.<\/p>\n","protected":false},"excerpt":{"rendered":"<p>\u201cBu kitapta yazar\u0131n pe\u015finden cehenneme seve seve gidip (belki) geri geleceksiniz.\u201d \u2013Paul Tremblay\u201cNathan Ballingrud en sevdi\u011fim \u00f6yk\u00fc yazarlar\u0131ndan biri.\u201d \u2013Jeff VanderMeer\u201cBallingrud g\u00fcn\u00fcm\u00fcz yazarlar\u0131 aras\u0131nda en sevdiklerimden<span class=\"excerpt-hellip\"> [\u2026]<\/span><\/p>\n","protected":false},"featured_media":0,"template":"","meta":{"_monsterinsights_skip_tracking":false,"_monsterinsights_sitenote_active":false,"_monsterinsights_sitenote_note":"","_monsterinsights_sitenote_category":0},"product_brand":[],"product_cat":[12291,17033],"product_tag":[],"class_list":{"0":"post-732215","1":"product","2":"type-product","3":"status-publish","5":"product_cat-edebiyat","6":"product_cat-korku-gerilim","7":"pa_cilt-ciltsiz","8":"pa_tur-kitap","9":"pa_yayinevi-ithaki-yayinlari","10":"pa_yazar-nathan-ballingrud","12":"first","13":"instock","14":"sale","15":"shipping-taxable","16":"purchasable","17":"product-type-simple"},"_links":{"self":[{"href":"https:\/\/roveyayinevi.com.tr\/index.php\/wp-json\/wp\/v2\/product\/732215","targetHints":{"allow":["GET"]}}],"collection":[{"href":"https:\/\/roveyayinevi.com.tr\/index.php\/wp-json\/wp\/v2\/product"}],"about":[{"href":"https:\/\/roveyayinevi.com.tr\/index.php\/wp-json\/wp\/v2\/types\/product"}],"wp:attachment":[{"href":"https:\/\/roveyayinevi.com.tr\/index.php\/wp-json\/wp\/v2\/media?parent=732215"}],"wp:term":[{"taxonomy":"product_brand","embeddable":true,"href":"https:\/\/roveyayinevi.com.tr\/index.php\/wp-json\/wp\/v2\/product_brand?post=732215"},{"taxonomy":"product_cat","embeddable":true,"href":"https:\/\/roveyayinevi.com.tr\/index.php\/wp-json\/wp\/v2\/product_cat?post=732215"},{"taxonomy":"product_tag","embeddable":true,"href":"https:\/\/roveyayinevi.com.tr\/index.php\/wp-json\/wp\/v2\/product_tag?post=732215"}],"curies":[{"name":"wp","href":"https:\/\/api.w.org\/{rel}","templated":true}]}}