{"id":732212,"date":"2025-08-27T21:45:56","date_gmt":"2025-08-27T18:45:56","guid":{"rendered":"https:\/\/roveyayinevi.com.tr\/index.php\/urun\/derinin-sir-saklama-agaci\/"},"modified":"2026-04-16T02:40:14","modified_gmt":"2026-04-15T23:40:14","slug":"derinin-sir-saklama-agaci","status":"publish","type":"product","link":"https:\/\/roveyayinevi.com.tr\/index.php\/urun\/derinin-sir-saklama-agaci\/","title":{"rendered":"Derin\u2019in S\u0131r Saklama A\u011fac\u0131"},"content":{"rendered":"<p>Demir ve Derin birbirini \u00e7ok seven ama ara s\u0131ra \u00e7eki\u015fen sevimli iki karde\u015f. Ancak Derin\u2019in ufak bir sorunu var: Asla s\u0131r saklayam\u0131yor\u2026 Kalbinizi \u0131s\u0131tacak unsurlarla \u00f6r\u00fcl\u00fc bu hik\u00e2yede Derin\u2019in yolculu\u011funu izlerken ayn\u0131 zamanda \u00e7i\u00e7ekli \u015fapkal\u0131 nine, Zeli\u015f ve Deren\u2019i de tan\u0131ma f\u0131rsat\u0131 bulacaks\u0131n\u0131z. Arkada\u015fl\u0131k, yard\u0131mla\u015fma, sayg\u0131, sevgi, g\u00fcven gibi erdemlerin yan\u0131 s\u0131ra \u015f\u0131mar\u0131kl\u0131k, kendini be\u011fenmi\u015flik, karamsarl\u0131k, merak gibi kavramlar\u0131n neler getirip neler g\u00f6t\u00fcrece\u011fini e\u011flenceli bir \u015fekilde \u00f6\u011frenecek, s\u0131r saklaman\u0131n \u00f6nemine dair ipu\u00e7lar\u0131n\u0131 heyecan ve ilgiyle ke\u015ffedeceksiniz<\/p>\n","protected":false},"excerpt":{"rendered":"<p>Demir ve Derin birbirini \u00e7ok seven ama ara s\u0131ra \u00e7eki\u015fen sevimli iki karde\u015f. Ancak Derin\u2019in ufak bir sorunu var: Asla s\u0131r saklayam\u0131yor\u2026 Kalbinizi \u0131s\u0131tacak unsurlarla \u00f6r\u00fcl\u00fc<span class=\"excerpt-hellip\"> [\u2026]<\/span><\/p>\n","protected":false},"featured_media":0,"template":"","meta":{"_monsterinsights_skip_tracking":false,"_monsterinsights_sitenote_active":false,"_monsterinsights_sitenote_note":"","_monsterinsights_sitenote_category":0},"product_brand":[],"product_cat":[12275,12274],"product_tag":[],"class_list":{"0":"post-732212","1":"product","2":"type-product","3":"status-publish","5":"product_cat-6-12-yas-kitaplari","6":"product_cat-cocuk-ve-genclik-kitaplari","7":"pa_cilt-ciltsiz","8":"pa_tur-kitap","9":"pa_yayinevi-buyulu-fener-yayinlari","10":"pa_yazar-merve-bascumali","12":"first","13":"instock","14":"sale","15":"shipping-taxable","16":"purchasable","17":"product-type-simple"},"_links":{"self":[{"href":"https:\/\/roveyayinevi.com.tr\/index.php\/wp-json\/wp\/v2\/product\/732212","targetHints":{"allow":["GET"]}}],"collection":[{"href":"https:\/\/roveyayinevi.com.tr\/index.php\/wp-json\/wp\/v2\/product"}],"about":[{"href":"https:\/\/roveyayinevi.com.tr\/index.php\/wp-json\/wp\/v2\/types\/product"}],"wp:attachment":[{"href":"https:\/\/roveyayinevi.com.tr\/index.php\/wp-json\/wp\/v2\/media?parent=732212"}],"wp:term":[{"taxonomy":"product_brand","embeddable":true,"href":"https:\/\/roveyayinevi.com.tr\/index.php\/wp-json\/wp\/v2\/product_brand?post=732212"},{"taxonomy":"product_cat","embeddable":true,"href":"https:\/\/roveyayinevi.com.tr\/index.php\/wp-json\/wp\/v2\/product_cat?post=732212"},{"taxonomy":"product_tag","embeddable":true,"href":"https:\/\/roveyayinevi.com.tr\/index.php\/wp-json\/wp\/v2\/product_tag?post=732212"}],"curies":[{"name":"wp","href":"https:\/\/api.w.org\/{rel}","templated":true}]}}