{"id":732211,"date":"2025-08-27T21:45:55","date_gmt":"2025-08-27T18:45:55","guid":{"rendered":"https:\/\/roveyayinevi.com.tr\/index.php\/urun\/sporcu-beslenmesinde-guncel-yaklasimlar\/"},"modified":"2026-04-16T02:40:14","modified_gmt":"2026-04-15T23:40:14","slug":"sporcu-beslenmesinde-guncel-yaklasimlar","status":"publish","type":"product","link":"https:\/\/roveyayinevi.com.tr\/index.php\/urun\/sporcu-beslenmesinde-guncel-yaklasimlar\/","title":{"rendered":"Sporcu Beslenmesinde G\u00fcncel Yakla\u015f\u0131mlar"},"content":{"rendered":"<p>\u0130\u00e7indekiler 1.      B\u00d6L\u00dcM \u2013 Sporcu Beslenmesi Beslenme G\u00fcnl\u00fck Enerji Al\u0131m\u0131, Harcanmas\u0131 ve Dengesi Besin \u00d6\u011feleri Makro Besin \u00d6\u011feleri 2.      B\u00d6L\u00dcM \u2013 Egzersiz\/M\u00fcsabaka \u00d6ncesi-S\u0131ras\u0131-Sonras\u0131 Beslenme Spor ve Beslenme Egzersiz\/M\u00fcsabaka \u00d6ncesi Beslenme Egzersiz \u00d6ncesi Karbonhidrat T\u00fcketimi Egzersiz \u00d6ncesi Ya\u011f T\u00fcketimi Egzersiz \u00d6ncesi Protein T\u00fcketimi Egzersiz \u00d6ncesi S\u0131v\u0131 T\u00fcketimi Egzersiz\/M\u00fcsabaka Esnas\u0131nda Beslenme Egzersiz\/M\u00fcsabaka Sonras\u0131nda Beslenme 1.      B\u00d6L\u00dcM \u2013 Vitaminler Ya\u011fda Eriyen Vitaminler Suda Eriyen Vitaminler Nanoteknoloji, Vitaminler ve Sportif Performans 2.      B\u00d6L\u00dcM \u2013 Probiyotikler Probiyotiklerin G\u00f6revleri Yayg\u0131n Olarak Kullan\u0131lan Probiyotik T\u00fcrleri Probiyotiklerin Sa\u011fl\u0131k \u00dczerindeki Etkileri Probiyotik ve Sportif Performans \u0130li\u015fkisi 3.      B\u00d6L\u00dcM \u2013 Prebiyotikler Prebiyotiklerin Sa\u011fl\u0131k \u00dczerindeki Yarar\u0131 Prebiyotikten Zengin G\u0131dalar Prebiyotiklerin Hastal\u0131klar ile \u0130li\u015fkisi Prebiyotik Egzersiz \u0130li\u015fkisi <\/p>\n","protected":false},"excerpt":{"rendered":"<p>\u0130\u00e7indekiler 1. B\u00d6L\u00dcM \u2013 Sporcu Beslenmesi Beslenme G\u00fcnl\u00fck Enerji Al\u0131m\u0131, Harcanmas\u0131 ve Dengesi Besin \u00d6\u011feleri Makro Besin \u00d6\u011feleri 2. B\u00d6L\u00dcM \u2013 Egzersiz\/M\u00fcsabaka \u00d6ncesi-S\u0131ras\u0131-Sonras\u0131 Beslenme Spor ve<span class=\"excerpt-hellip\"> [\u2026]<\/span><\/p>\n","protected":false},"featured_media":0,"template":"","meta":{"_monsterinsights_skip_tracking":false,"_monsterinsights_sitenote_active":false,"_monsterinsights_sitenote_note":"","_monsterinsights_sitenote_category":0},"product_brand":[],"product_cat":[13402,13365],"product_tag":[],"class_list":{"0":"post-732211","1":"product","2":"type-product","3":"status-publish","5":"product_cat-beslenme-ve-diyet","6":"product_cat-saglik","7":"pa_cilt-ciltsiz","8":"pa_tur-kitap","9":"pa_yayinevi-gazi-kitabevi","10":"pa_yazar-bilal-demirhan","12":"first","13":"instock","14":"sale","15":"shipping-taxable","16":"purchasable","17":"product-type-simple"},"_links":{"self":[{"href":"https:\/\/roveyayinevi.com.tr\/index.php\/wp-json\/wp\/v2\/product\/732211","targetHints":{"allow":["GET"]}}],"collection":[{"href":"https:\/\/roveyayinevi.com.tr\/index.php\/wp-json\/wp\/v2\/product"}],"about":[{"href":"https:\/\/roveyayinevi.com.tr\/index.php\/wp-json\/wp\/v2\/types\/product"}],"wp:attachment":[{"href":"https:\/\/roveyayinevi.com.tr\/index.php\/wp-json\/wp\/v2\/media?parent=732211"}],"wp:term":[{"taxonomy":"product_brand","embeddable":true,"href":"https:\/\/roveyayinevi.com.tr\/index.php\/wp-json\/wp\/v2\/product_brand?post=732211"},{"taxonomy":"product_cat","embeddable":true,"href":"https:\/\/roveyayinevi.com.tr\/index.php\/wp-json\/wp\/v2\/product_cat?post=732211"},{"taxonomy":"product_tag","embeddable":true,"href":"https:\/\/roveyayinevi.com.tr\/index.php\/wp-json\/wp\/v2\/product_tag?post=732211"}],"curies":[{"name":"wp","href":"https:\/\/api.w.org\/{rel}","templated":true}]}}