{"id":732210,"date":"2025-08-27T21:45:55","date_gmt":"2025-08-27T18:45:55","guid":{"rendered":"https:\/\/roveyayinevi.com.tr\/index.php\/urun\/gelir-vergisinde-tesvik-uygulamalari\/"},"modified":"2026-04-16T02:40:14","modified_gmt":"2026-04-15T23:40:14","slug":"gelir-vergisinde-tesvik-uygulamalari","status":"publish","type":"product","link":"https:\/\/roveyayinevi.com.tr\/index.php\/urun\/gelir-vergisinde-tesvik-uygulamalari\/","title":{"rendered":"Gelir Vergisinde Te\u015fvik Uygulamalar\u0131"},"content":{"rendered":"<p>\u0130\u00e7indekiler   B\u00d6L\u00dcM I I.       Te\u015fvik Kavram\u0131, \u00d6zellikleri, Ama\u00e7lar\u0131, Ara\u00e7lar\u0131 ve T\u00fcrleri A.    Te\u015fvik Kavram\u0131 B.     Te\u015fvikin \u00d6zellikleri C.    Te\u015fvikin Ama\u00e7lar\u0131 D.    Te\u015fvik Ara\u00e7lar\u0131 E.     Te\u015fvik T\u00fcrleri   B\u00d6L\u00dcM II II.    Vergi Te\u015fviki Kavram\u0131, \u00d6zellikleri, Ara\u00e7lar\u0131 ve Ama\u00e7lar\u0131 A.    Vergi Te\u015fviki Kavram\u0131 B.     Vergi Te\u015fvikinin \u00d6zellikleri C.    Vergi Te\u015fviki Ara\u00e7lar\u0131 D.    Vergi Te\u015fvikinin Ama\u00e7lar\u0131 B\u00d6L\u00dcM III I.       Gelir Vergisinde Te\u015fvik Uygulamalar\u0131 A.    Gelir Vergisi Kanunu Kapsam\u0131nda Sa\u011flanan Vergi Te\u015fvikleri   <\/p>\n","protected":false},"excerpt":{"rendered":"<p>\u0130\u00e7indekiler B\u00d6L\u00dcM I I. Te\u015fvik Kavram\u0131, \u00d6zellikleri, Ama\u00e7lar\u0131, Ara\u00e7lar\u0131 ve T\u00fcrleri A. Te\u015fvik Kavram\u0131 B. Te\u015fvikin \u00d6zellikleri C. Te\u015fvikin Ama\u00e7lar\u0131 D. Te\u015fvik Ara\u00e7lar\u0131 E. Te\u015fvik T\u00fcrleri<span class=\"excerpt-hellip\"> [\u2026]<\/span><\/p>\n","protected":false},"featured_media":0,"template":"","meta":{"_monsterinsights_skip_tracking":false,"_monsterinsights_sitenote_active":false,"_monsterinsights_sitenote_note":"","_monsterinsights_sitenote_category":0},"product_brand":[],"product_cat":[13043,14381],"product_tag":[],"class_list":{"0":"post-732210","1":"product","2":"type-product","3":"status-publish","5":"product_cat-ekonomi","6":"product_cat-isletme-muhasebe-maliye","7":"pa_cilt-ciltsiz","8":"pa_tur-kitap","9":"pa_yayinevi-gazi-kitabevi","10":"pa_yazar-mutlu-yoruldu","12":"first","13":"instock","14":"sale","15":"shipping-taxable","16":"purchasable","17":"product-type-simple"},"_links":{"self":[{"href":"https:\/\/roveyayinevi.com.tr\/index.php\/wp-json\/wp\/v2\/product\/732210","targetHints":{"allow":["GET"]}}],"collection":[{"href":"https:\/\/roveyayinevi.com.tr\/index.php\/wp-json\/wp\/v2\/product"}],"about":[{"href":"https:\/\/roveyayinevi.com.tr\/index.php\/wp-json\/wp\/v2\/types\/product"}],"wp:attachment":[{"href":"https:\/\/roveyayinevi.com.tr\/index.php\/wp-json\/wp\/v2\/media?parent=732210"}],"wp:term":[{"taxonomy":"product_brand","embeddable":true,"href":"https:\/\/roveyayinevi.com.tr\/index.php\/wp-json\/wp\/v2\/product_brand?post=732210"},{"taxonomy":"product_cat","embeddable":true,"href":"https:\/\/roveyayinevi.com.tr\/index.php\/wp-json\/wp\/v2\/product_cat?post=732210"},{"taxonomy":"product_tag","embeddable":true,"href":"https:\/\/roveyayinevi.com.tr\/index.php\/wp-json\/wp\/v2\/product_tag?post=732210"}],"curies":[{"name":"wp","href":"https:\/\/api.w.org\/{rel}","templated":true}]}}