{"id":732208,"date":"2025-08-27T21:45:53","date_gmt":"2025-08-27T18:45:53","guid":{"rendered":"https:\/\/roveyayinevi.com.tr\/index.php\/urun\/isi-ustasindan-ogrenin\/"},"modified":"2026-04-08T02:49:10","modified_gmt":"2026-04-07T23:49:10","slug":"isi-ustasindan-ogrenin","status":"publish","type":"product","link":"https:\/\/roveyayinevi.com.tr\/index.php\/urun\/isi-ustasindan-ogrenin\/","title":{"rendered":"\u0130\u015fi Ustas\u0131ndan \u00d6\u011frenin"},"content":{"rendered":"<p>\u201cBu kitap, y\u00f6netimin bilgilendirici bir sunumudur. D\u00fcnyaya y\u00f6n veren isimlerden y\u00f6netimi \u00f6\u011frenmenin pragmatik yakla\u015f\u0131m\u0131, kitab\u0131 hem gelecek vaat eden hem de deneyimli y\u00f6neticiler i\u00e7in son derece de\u011ferli bir \u00e7al\u0131\u015fma h\u00e2line getiriyor.\u201d\u2015 Dr. Helmut O. Maucher, Nestl\u00e9 Y\u00f6netim Kurulu Onursal Ba\u015fkan\u0131D\u00fcnyay\u0131 De\u011fi\u015ftiren \u0130simlerden Ba\u015far\u0131n\u0131n P\u00fcf Noktalar\u0131\u2026Hangi hedeflerin pe\u015finden ko\u015farsan\u0131z ko\u015fun, hangi toplumsal alanda etkili olmak isterseniz isteyin, y\u00f6netim bilgisine ihtiyac\u0131n\u0131z olacakt\u0131r. Sanat, m\u00fczik, k\u00fclt\u00fcr, spor, sa\u011fl\u0131k, askerlik, bilim, siyaset ve elbette i\u015f d\u00fcnyas\u0131. Her alan farkl\u0131 bir uzmanl\u0131k bilgisi gerektirir ama y\u00f6netim bilgisi her yerde ayn\u0131d\u0131r.Uzmanl\u0131k alan\u0131n\u0131z\u0131n ne oldu\u011fu, kimi tan\u0131d\u0131\u011f\u0131n\u0131z veya ne kadar e\u011fitimli oldu\u011funuz \u00f6nemli de\u011fil. G\u00fc\u00e7l\u00fc y\u00f6netim becerileriniz varsa ba\u015far\u0131l\u0131 olursunuz.\u00c7ok farkl\u0131 alanlarda ba\u015far\u0131ya ula\u015fm\u0131\u015f ki\u015filer -\u00e7o\u011fu kez kendileri bile fark\u0131nda olmadan- bu bilgiyi kulland\u0131. Einstein\u2019dan Stephen Hawking\u2019e, Coco Chanel\u2019den Bill Gates\u2019e, Michelangelo\u2019dan Madonna\u2019ya, Barack Obama\u2019dan Steve Jobs\u2019a, Pablo Picasso\u2019dan Napoleon\u2019a hepsinin ortak noktas\u0131 neydi? M\u00fckemmel y\u00f6netim becerileri.Eserleri d\u00fcnyada ses getiren liderlik uzman\u0131 Frank Arnold, zirveye ula\u015fmak i\u00e7in kulland\u0131klar\u0131 belirli y\u00f6netim becerilerini ele almak i\u00e7in i\u015f alan\u0131ndan spora, politikadan pop\u00fcler k\u00fclt\u00fcre kadar \u00e7e\u015fitli alanlardan 64 ismi bir araya getiriyor. \u201cY\u0131l\u0131n En \u0130yi Kitab\u0131\u201d se\u00e7ilen \u0130\u015fi Ustas\u0131ndan \u00d6\u011frenin, d\u00fcnyaya y\u00f6n veren isimlerin deneyimlerini ve meslek s\u0131rlar\u0131n\u0131 ba\u015far\u0131ya bir ad\u0131m daha yakla\u015fmak i\u00e7in mercek alt\u0131na al\u0131yor. Etkili y\u00f6netimi kolay anla\u015f\u0131l\u0131r ve her \u015feyden \u00f6nce uygulanabilir k\u0131larak e\u011flenceli bir \u00fcslupla aktar\u0131rken y\u00f6netimin b\u00fcy\u00fcleyici d\u00fcnyas\u0131n\u0131 aral\u0131yor.Bu \u00f6rnekler, y\u00f6netim bilgisini ba\u015far\u0131yla uygulayarak hedefinize ula\u015fman\u0131za yard\u0131m edecek. Kitapta bahsi ge\u00e7en unsurlar\u0131 hi\u00e7 taviz vermeden uygularsan\u0131z son derece etkili, son derece etkin -ve b\u00fcy\u00fck ihtimalle son derece ba\u015far\u0131l\u0131- olacaks\u0131n\u0131z.<\/p>\n","protected":false},"excerpt":{"rendered":"<p>\u201cBu kitap, y\u00f6netimin bilgilendirici bir sunumudur. D\u00fcnyaya y\u00f6n veren isimlerden y\u00f6netimi \u00f6\u011frenmenin pragmatik yakla\u015f\u0131m\u0131, kitab\u0131 hem gelecek vaat eden hem de deneyimli y\u00f6neticiler i\u00e7in son derece<span class=\"excerpt-hellip\"> [\u2026]<\/span><\/p>\n","protected":false},"featured_media":0,"template":"","meta":{"_monsterinsights_skip_tracking":false,"_monsterinsights_sitenote_active":false,"_monsterinsights_sitenote_note":"","_monsterinsights_sitenote_category":0},"product_brand":[],"product_cat":[12364,12376],"product_tag":[],"class_list":{"0":"post-732208","1":"product","2":"type-product","3":"status-publish","5":"product_cat-genel-konular","6":"product_cat-kisisel-gelisim","7":"pa_cilt-ciltsiz","8":"pa_tur-kitap","9":"pa_yayinevi-kronik-kitap","10":"pa_yazar-frank-arnold","12":"first","13":"instock","14":"sale","15":"shipping-taxable","16":"purchasable","17":"product-type-simple"},"_links":{"self":[{"href":"https:\/\/roveyayinevi.com.tr\/index.php\/wp-json\/wp\/v2\/product\/732208","targetHints":{"allow":["GET"]}}],"collection":[{"href":"https:\/\/roveyayinevi.com.tr\/index.php\/wp-json\/wp\/v2\/product"}],"about":[{"href":"https:\/\/roveyayinevi.com.tr\/index.php\/wp-json\/wp\/v2\/types\/product"}],"wp:attachment":[{"href":"https:\/\/roveyayinevi.com.tr\/index.php\/wp-json\/wp\/v2\/media?parent=732208"}],"wp:term":[{"taxonomy":"product_brand","embeddable":true,"href":"https:\/\/roveyayinevi.com.tr\/index.php\/wp-json\/wp\/v2\/product_brand?post=732208"},{"taxonomy":"product_cat","embeddable":true,"href":"https:\/\/roveyayinevi.com.tr\/index.php\/wp-json\/wp\/v2\/product_cat?post=732208"},{"taxonomy":"product_tag","embeddable":true,"href":"https:\/\/roveyayinevi.com.tr\/index.php\/wp-json\/wp\/v2\/product_tag?post=732208"}],"curies":[{"name":"wp","href":"https:\/\/api.w.org\/{rel}","templated":true}]}}