{"id":732203,"date":"2025-08-27T21:45:49","date_gmt":"2025-08-27T18:45:49","guid":{"rendered":"https:\/\/roveyayinevi.com.tr\/index.php\/urun\/her-sey-sevgi-ve-nefretten-dogar-empedokles\/"},"modified":"2026-04-16T02:40:14","modified_gmt":"2026-04-15T23:40:14","slug":"her-sey-sevgi-ve-nefretten-dogar-empedokles","status":"publish","type":"product","link":"https:\/\/roveyayinevi.com.tr\/index.php\/urun\/her-sey-sevgi-ve-nefretten-dogar-empedokles\/","title":{"rendered":"Her \u015eey Sevgi ve Nefretten Do\u011far-Empedokles"},"content":{"rendered":"<p>\u201cSevgi birle\u015ftirir, nefret ay\u0131r\u0131r, sevginin asil hizmetk\u00e2rlar\u0131 ger\u00e7ek hazineye ula\u015f\u0131r.\u201d   Zaman\u0131n co\u015fkun akan \u0131rma\u011f\u0131 adlar\u0131n\u0131 unuttursa da fikirleriyle bize uzak \u00e7a\u011flardan seslenen, fark\u0131nda olmasak dahi fikir d\u00fcnyam\u0131z\u0131 \u015fekillendirmeye devam eden d\u00fc\u015f\u00fcn\u00fcrler vard\u0131r. Do\u011fan\u0131n kitab\u0131n\u0131 okuyarak \u201c\u00f6l\u00fcms\u00fczl\u00fc\u011f\u00fcn\u201d bilgisine eri\u015fip gitti\u011fi yerlerde bir \u201ctanr\u0131\u201d gibi h\u00fcrmet g\u00f6ren, bu bilgiyle salg\u0131n hastal\u0131klara \u00e7are bulan, f\u0131rt\u0131nalar\u0131 dindiren ve tiranlarla sava\u015farak yurtta\u015flar\u0131n\u0131n kalbini kazanan Empedokles, \u015f\u00fcphesiz bunlardan biridir. Bu kitapta b\u00fcy\u00fck \u015fair ve filozof Empedokles bizleri fragmanlar\u0131yla; evreni olu\u015fturan ate\u015f, su, hava ve topra\u011f\u0131n \u015fark\u0131s\u0131n\u0131 dinlemeye davet ederken, Sevgi ve Nefret\u2019in sonsuz devinimindeki yerimizi d\u00fc\u015f\u00fcnmeye, ya\u015farken Nefret\u2019in oyunca\u011f\u0131 olmaktan kurtulup yery\u00fcz\u00fcnde Sevgi\u2019yi h\u00e2kim k\u0131labilmek i\u00e7in yapabileceklerimizi de\u011ferlendirmeye \u00e7a\u011f\u0131r\u0131yor. <\/p>\n","protected":false},"excerpt":{"rendered":"<p>\u201cSevgi birle\u015ftirir, nefret ay\u0131r\u0131r, sevginin asil hizmetk\u00e2rlar\u0131 ger\u00e7ek hazineye ula\u015f\u0131r.\u201d Zaman\u0131n co\u015fkun akan \u0131rma\u011f\u0131 adlar\u0131n\u0131 unuttursa da fikirleriyle bize uzak \u00e7a\u011flardan seslenen, fark\u0131nda olmasak dahi fikir<span class=\"excerpt-hellip\"> [\u2026]<\/span><\/p>\n","protected":false},"featured_media":0,"template":"","meta":{"_monsterinsights_skip_tracking":false,"_monsterinsights_sitenote_active":false,"_monsterinsights_sitenote_note":"","_monsterinsights_sitenote_category":0},"product_brand":[],"product_cat":[12388,13555],"product_tag":[],"class_list":{"0":"post-732203","1":"product","2":"type-product","3":"status-publish","5":"product_cat-felsefe","6":"product_cat-genel-felsefe","7":"pa_cilt-ciltsiz","8":"pa_tur-kitap","9":"pa_yayinevi-destek-yayinlari","10":"pa_yazar-reha-kuldasli","12":"first","13":"instock","14":"sale","15":"shipping-taxable","16":"purchasable","17":"product-type-simple"},"_links":{"self":[{"href":"https:\/\/roveyayinevi.com.tr\/index.php\/wp-json\/wp\/v2\/product\/732203","targetHints":{"allow":["GET"]}}],"collection":[{"href":"https:\/\/roveyayinevi.com.tr\/index.php\/wp-json\/wp\/v2\/product"}],"about":[{"href":"https:\/\/roveyayinevi.com.tr\/index.php\/wp-json\/wp\/v2\/types\/product"}],"wp:attachment":[{"href":"https:\/\/roveyayinevi.com.tr\/index.php\/wp-json\/wp\/v2\/media?parent=732203"}],"wp:term":[{"taxonomy":"product_brand","embeddable":true,"href":"https:\/\/roveyayinevi.com.tr\/index.php\/wp-json\/wp\/v2\/product_brand?post=732203"},{"taxonomy":"product_cat","embeddable":true,"href":"https:\/\/roveyayinevi.com.tr\/index.php\/wp-json\/wp\/v2\/product_cat?post=732203"},{"taxonomy":"product_tag","embeddable":true,"href":"https:\/\/roveyayinevi.com.tr\/index.php\/wp-json\/wp\/v2\/product_tag?post=732203"}],"curies":[{"name":"wp","href":"https:\/\/api.w.org\/{rel}","templated":true}]}}