{"id":732199,"date":"2025-08-27T21:45:45","date_gmt":"2025-08-27T18:45:45","guid":{"rendered":"https:\/\/roveyayinevi.com.tr\/index.php\/urun\/paris-komunu-150\/"},"modified":"2026-04-16T02:40:14","modified_gmt":"2026-04-15T23:40:14","slug":"paris-komunu-150","status":"publish","type":"product","link":"https:\/\/roveyayinevi.com.tr\/index.php\/urun\/paris-komunu-150\/","title":{"rendered":"Paris Kom\u00fcn\u00fc 150"},"content":{"rendered":"<p>Paris halk\u0131 18 Mart 1871\u2019de bu \u015fehrin y\u00f6netimini \u00fcstlenerek Paris Kom\u00fcn\u00fc\u2019n\u00fc kurdu ve gelece\u011fe bir kap\u0131 a\u00e7t\u0131. Yetmi\u015f iki g\u00fcn boyunca kendi kaderlerini kendi ellerinde tutan i\u015f\u00e7iler, toplumsal kurtulu\u015f m\u00fccadelelerini yeni bir a\u015famaya ta\u015f\u0131d\u0131. Ancak kar\u015f\u0131devrim g\u00fc\u00e7leri toparland\u0131, \u015fehre sald\u0131rd\u0131 ve 28 May\u0131s\u2019ta Kom\u00fcn\u2019\u00fc yenilgiye u\u011fratt\u0131lar. Karl Marx, iki g\u00fcn sonra, Uluslararas\u0131 \u0130\u015f\u00e7i Birli\u011fi Genel Konseyi \u00fcyelerine, Fransa\u2019da \u0130\u00e7 Sava\u015f ba\u015fl\u0131\u011f\u0131yla yay\u0131mlanacak olan metni y\u00fcksek sesle okudu ve bu metin oybirli\u011fiyle onayland\u0131. Yar\u0131m y\u00fczy\u0131l sonra, Ekim Devrimi\u2019nin hemen \u00f6ncesinde, Lenin, Devlet ve Devrim adl\u0131 eserinde, mevcut devlet mekanizmas\u0131n\u0131n nas\u0131l par\u00e7alanaca\u011f\u0131n\u0131 ve yerine nelerin koyulaca\u011f\u0131n\u0131 Kom\u00fcn deneyiminden ve Marx\u2019\u0131n metninden yararlanarak ele ald\u0131. Elinizdeki kitap, Fransa\u2019da \u0130\u00e7 Sava\u015f\u2019\u0131n, Lenin\u2019in Devlet ve Devrim adl\u0131 eserinin Kom\u00fcn hakk\u0131ndaki b\u00f6l\u00fcm\u00fcn\u00fcn ve Bertolt Brecht\u2019in Kom\u00fcn G\u00fcnleri adl\u0131 oyunundaki bir \u015fiirin yan\u0131 s\u0131ra, Kom\u00fcn\u2019le ilgili iki yaz\u0131y\u0131 ve bir manifestoyu i\u00e7eriyor. Paris Kom\u00fcn\u00fc, i\u015f\u00e7i s\u0131n\u0131f\u0131n\u0131n, kendi devletini kurmaya y\u00f6nelik ilk b\u00fcy\u00fck tarihsel giri\u015fimiydi. Sosyalizm m\u00fccadelesi, ge\u00e7mi\u015fteki zaferlerden oldu\u011fu kadar yenilgilerden de \u00f6\u011frenerek ilerletiliyor. Kom\u00fcnc\u00fcleri selaml\u0131yor ve onlar\u0131n deneyiminden dersler \u00e7\u0131karmaya devam ediyoruz.<\/p>\n","protected":false},"excerpt":{"rendered":"<p>Paris halk\u0131 18 Mart 1871\u2019de bu \u015fehrin y\u00f6netimini \u00fcstlenerek Paris Kom\u00fcn\u00fc\u2019n\u00fc kurdu ve gelece\u011fe bir kap\u0131 a\u00e7t\u0131. Yetmi\u015f iki g\u00fcn boyunca kendi kaderlerini kendi ellerinde tutan<span class=\"excerpt-hellip\"> [\u2026]<\/span><\/p>\n","protected":false},"featured_media":0,"template":"","meta":{"_monsterinsights_skip_tracking":false,"_monsterinsights_sitenote_active":false,"_monsterinsights_sitenote_note":"","_monsterinsights_sitenote_category":0},"product_brand":[],"product_cat":[13590,12337],"product_tag":[],"class_list":{"0":"post-732199","1":"product","2":"type-product","3":"status-publish","5":"product_cat-arastirma-inceleme-politika-siyaset","6":"product_cat-politika-siyaset","7":"pa_cilt-ciltsiz","8":"pa_tur-kitap","9":"pa_yayinevi-yordam-kitap","10":"pa_yazar-vijay-prashad","12":"first","13":"instock","14":"sale","15":"shipping-taxable","16":"purchasable","17":"product-type-simple"},"_links":{"self":[{"href":"https:\/\/roveyayinevi.com.tr\/index.php\/wp-json\/wp\/v2\/product\/732199","targetHints":{"allow":["GET"]}}],"collection":[{"href":"https:\/\/roveyayinevi.com.tr\/index.php\/wp-json\/wp\/v2\/product"}],"about":[{"href":"https:\/\/roveyayinevi.com.tr\/index.php\/wp-json\/wp\/v2\/types\/product"}],"wp:attachment":[{"href":"https:\/\/roveyayinevi.com.tr\/index.php\/wp-json\/wp\/v2\/media?parent=732199"}],"wp:term":[{"taxonomy":"product_brand","embeddable":true,"href":"https:\/\/roveyayinevi.com.tr\/index.php\/wp-json\/wp\/v2\/product_brand?post=732199"},{"taxonomy":"product_cat","embeddable":true,"href":"https:\/\/roveyayinevi.com.tr\/index.php\/wp-json\/wp\/v2\/product_cat?post=732199"},{"taxonomy":"product_tag","embeddable":true,"href":"https:\/\/roveyayinevi.com.tr\/index.php\/wp-json\/wp\/v2\/product_tag?post=732199"}],"curies":[{"name":"wp","href":"https:\/\/api.w.org\/{rel}","templated":true}]}}