{"id":732197,"date":"2025-08-27T21:45:43","date_gmt":"2025-08-27T18:45:43","guid":{"rendered":"https:\/\/roveyayinevi.com.tr\/index.php\/urun\/islam-oncesi-turk-tanri-inanci\/"},"modified":"2026-04-16T02:40:14","modified_gmt":"2026-04-15T23:40:14","slug":"islam-oncesi-turk-tanri-inanci","status":"publish","type":"product","link":"https:\/\/roveyayinevi.com.tr\/index.php\/urun\/islam-oncesi-turk-tanri-inanci\/","title":{"rendered":"\u0130slam \u00d6ncesi T\u00fcrk Tanr\u0131 \u0130nanc\u0131"},"content":{"rendered":"<p>\u201cAltay yarat\u0131l\u0131\u015f efsanesini okuyan herkese ayan olmal\u0131d\u0131r ki, bu efsaneyi yaratan, yazan ve ulusal rivayetler yoluyla ku\u015faktan ku\u015fa\u011fa aktaran T\u00fcrkler, d\u00fcnya olaylar\u0131n\u0131 ve insan hayat\u0131n\u0131, insan odakl\u0131 (antroposentrik) de\u011fil, Tanr\u0131 odakl\u0131 (teosentrik); d\u00fcnyay\u0131 evrenin merkezi olarak (geosentrik) de\u011fil, g\u00f6k odakl\u0131 olarak (uranosentrik) g\u00f6rd\u00fcler.. Ayn\u0131 \u015fekilde bilinmelidir ki, d\u00fcnyaya ve insana Tanr\u0131 ve g\u00f6k odakl\u0131 bu yakla\u015f\u0131m tarz\u0131 T\u00fcrklere ayd\u0131nl\u0131\u011f\u0131n karanl\u0131k \u00fczerindeki nihai zaferi ba\u011flam\u0131nda sars\u0131lmaz bir inan\u00e7 ve g\u00fc\u00e7 kazand\u0131rm\u0131\u015f, b\u00f6ylece onlar ayd\u0131nl\u0131k ile karanl\u0131k, iyi ile k\u00f6t\u00fc aras\u0131ndaki sava\u015fta daima kararl\u0131 bir \u015fekilde ayd\u0131nl\u0131\u011f\u0131n ve iyinin yan\u0131nda yer alm\u0131\u015f, k\u00f6t\u00fcye ve karanl\u0131\u011fa kar\u015f\u0131 y\u00fcr\u00fct\u00fclen sava\u015fta kendilerine d\u00fc\u015feni yapm\u0131\u015flard\u0131r.\u201d <\/p>\n","protected":false},"excerpt":{"rendered":"<p>\u201cAltay yarat\u0131l\u0131\u015f efsanesini okuyan herkese ayan olmal\u0131d\u0131r ki, bu efsaneyi yaratan, yazan ve ulusal rivayetler yoluyla ku\u015faktan ku\u015fa\u011fa aktaran T\u00fcrkler, d\u00fcnya olaylar\u0131n\u0131 ve insan hayat\u0131n\u0131, insan<span class=\"excerpt-hellip\"> [\u2026]<\/span><\/p>\n","protected":false},"featured_media":0,"template":"","meta":{"_monsterinsights_skip_tracking":false,"_monsterinsights_sitenote_active":false,"_monsterinsights_sitenote_note":"","_monsterinsights_sitenote_category":0},"product_brand":[],"product_cat":[12718,12858],"product_tag":[],"class_list":{"0":"post-732197","1":"product","2":"type-product","3":"status-publish","5":"product_cat-din","6":"product_cat-mitolojiler","7":"pa_cilt-ciltsiz","8":"pa_tur-kitap","9":"pa_yayinevi-altinordu-yayinlari","10":"pa_yazar-g-ahmetcan-asena","12":"first","13":"instock","14":"sale","15":"shipping-taxable","16":"purchasable","17":"product-type-simple"},"_links":{"self":[{"href":"https:\/\/roveyayinevi.com.tr\/index.php\/wp-json\/wp\/v2\/product\/732197","targetHints":{"allow":["GET"]}}],"collection":[{"href":"https:\/\/roveyayinevi.com.tr\/index.php\/wp-json\/wp\/v2\/product"}],"about":[{"href":"https:\/\/roveyayinevi.com.tr\/index.php\/wp-json\/wp\/v2\/types\/product"}],"wp:attachment":[{"href":"https:\/\/roveyayinevi.com.tr\/index.php\/wp-json\/wp\/v2\/media?parent=732197"}],"wp:term":[{"taxonomy":"product_brand","embeddable":true,"href":"https:\/\/roveyayinevi.com.tr\/index.php\/wp-json\/wp\/v2\/product_brand?post=732197"},{"taxonomy":"product_cat","embeddable":true,"href":"https:\/\/roveyayinevi.com.tr\/index.php\/wp-json\/wp\/v2\/product_cat?post=732197"},{"taxonomy":"product_tag","embeddable":true,"href":"https:\/\/roveyayinevi.com.tr\/index.php\/wp-json\/wp\/v2\/product_tag?post=732197"}],"curies":[{"name":"wp","href":"https:\/\/api.w.org\/{rel}","templated":true}]}}