{"id":732188,"date":"2025-08-27T21:45:34","date_gmt":"2025-08-27T18:45:34","guid":{"rendered":"https:\/\/roveyayinevi.com.tr\/index.php\/urun\/rol-ve-toplumsal-yapi\/"},"modified":"2026-04-16T02:40:14","modified_gmt":"2026-04-15T23:40:14","slug":"rol-ve-toplumsal-yapi","status":"publish","type":"product","link":"https:\/\/roveyayinevi.com.tr\/index.php\/urun\/rol-ve-toplumsal-yapi\/","title":{"rendered":"Rol Ve Toplumsal Yap\u0131"},"content":{"rendered":"<p>Hepimiz belli toplumsal yap\u0131lar\u0131n i\u00e7ine do\u011far, onlarla hemhal olur, onlarla ya\u015far ve onlar\u0131n kal\u0131plar\u0131 aras\u0131nda ya\u015fam\u0131m\u0131za veda ederiz. Bu, bir anlamda, bizden \u00f6nce kurulmu\u015f\/kurgulanm\u0131\u015f bir sistemin i\u00e7ine do\u011fmak ve onun menfezleri aras\u0131nda dola\u015f\u0131p durmak anlam\u0131na gelir. Ancak yine de insan ve onun toplam potansiyeli d\u00fc\u015f\u00fcn\u00fcld\u00fc\u011f\u00fcnde bazen o menfezleri irademizle geni\u015fletir, hayat\u0131 oldu\u011fundan \u00e7ok daha \u00e7ekilebilir, \u00e7ok daha nefes al\u0131nabilir, \u00e7ok daha ya\u015fanabilir hale getirebiliriz. Elbette b\u00fct\u00fcn bunlar; insan ile i\u00e7ine do\u011fdu\u011fu siyasal sistemler, toplumsal yap\u0131lar ve bu yap\u0131lar\u0131n tevdi etti\u011fi roller, insan\u0131n \u00f6zg\u00fcrl\u00fck meselesini de ilgilendirir. Ald\u0131\u011f\u0131m\u0131z rol\u00fcn ne oldu\u011fu, hangi durumlarda, hangi rolleri \u00fcstlendi\u011fimiz, \u00fcstlenmek zorunda kald\u0131\u011f\u0131m\u0131z, \u00fcstlendi\u011fimiz rolleri nas\u0131l oynad\u0131\u011f\u0131m\u0131z do\u011frudan toplumsal yap\u0131larla ilgilidir ve onlar\u0131n sa\u011fl\u0131kl\u0131, insan onuruna yak\u0131\u015f\u0131r bir d\u00fczlemde bulunu\u015fu \u00f6zg\u00fcrl\u00fc\u011f\u00fcm\u00fcz\u00fc peki\u015ftirirken, hastal\u0131kl\u0131, insan onurunu rencide eden bir d\u00fczlemde yer al\u0131\u015flar\u0131 da \u00f6zg\u00fcrl\u00fcm\u00fcz\u00fc ya daralt\u0131r veya ona b\u00fcsb\u00fct\u00fcn prangalar vurur. Burada, ald\u0131\u011f\u0131m\u0131z roller ile toplumsal yap\u0131lar aras\u0131nda kaliteli ve \u00f6zg\u00fcrce bir ya\u015fam ile sefalet i\u00e7inde ve prangaya vurulmu\u015f bir ya\u015fam aras\u0131ndaki fark kadar b\u00fcy\u00fck ve hat\u0131r\u0131 say\u0131l\u0131r bir fark vard\u0131r: Baz\u0131lar\u0131m\u0131z ald\u0131\u011f\u0131m\u0131z rolleri sessizce benimser ve bunlar aras\u0131ndaki \u00e7at\u0131\u015fmalar\u0131 uyumlu hale getirmek i\u00e7in kendimizi harap ederken di\u011fer baz\u0131lar\u0131m\u0131z onu sorgular, yeni rol taleplerinde bulunur ve daha insanca ya\u015faman\u0131n yollar\u0131na y\u00f6nelik bir m\u00fccadelenin i\u00e7ine gireriz. \u0130\u015fte bu ikincisini yapman\u0131n yolu biraz da tevdi edilen rol\u00fcn mahiyeti ve onun toplumsal yap\u0131 i\u00e7indeki konumu ile ilgidir ki bu ilgiyi kurabilmenin yegane yolu da bunlara dair bilgi bi\u00e7imlerinden ge\u00e7mektedir. Elinizdeki kitap ge\u00e7mi\u015ften bug\u00fcne oyun olarak kurgulanm\u0131\u015f hayat\u0131n rollere ve toplumsal yap\u0131lara dair kuramsal bilgiler i\u00e7ermenin yan\u0131 s\u0131ra i\u00e7inde bulundu\u011fumuz ve i\u00e7inden ge\u00e7mekte oldu\u011fumuz s\u00fcre\u00e7lere y\u00f6nelik pek \u00e7ok bilgiyi sunmakta, her birimizin kendimize ait fark\u0131ndal\u0131k alanlar\u0131m\u0131z\u0131 geni\u015fletmenin imkanlar\u0131n\u0131 art\u0131rmaktad\u0131r. De\u011ferli dost Prof. Dr. Mustafa G\u00fcnd\u00fcz ile rahmetli b\u00fcy\u00fc\u011f\u00fcm\u00fcz Prof. Dr. Ey\u00fcp Kemerlio\u011flu\u2019nun bu sonsuz \u00e7a\u011fr\u0131\u015f\u0131ml\u0131 yetkin \u00e7al\u0131\u015fmas\u0131, umar\u0131z ba\u015flang\u0131\u00e7tan beri b\u00fcy\u00fck oyunlara sahne olan ve g\u00fcn\u00fcm\u00fczde de hem rollerin hem de toplumsal yap\u0131lar\u0131n ciddi hasarlar ald\u0131\u011f\u0131 g\u00fczel \u00fclkemizin g\u00fczel insanlar\u0131na yeni ufuklar a\u00e7arak hem ald\u0131\u011f\u0131m\u0131z roller hem de o rollerin gerisindeki toplumsal yap\u0131lara y\u00f6nelik bilincimizi daha da yukar\u0131lara ta\u015f\u0131man\u0131n, bundan da \u00f6nemlisi, daha g\u00fczel bir \u00fclkede ya\u015faman\u0131n vesilesine d\u00f6ner. <\/p>\n","protected":false},"excerpt":{"rendered":"<p>Hepimiz belli toplumsal yap\u0131lar\u0131n i\u00e7ine do\u011far, onlarla hemhal olur, onlarla ya\u015far ve onlar\u0131n kal\u0131plar\u0131 aras\u0131nda ya\u015fam\u0131m\u0131za veda ederiz. Bu, bir anlamda, bizden \u00f6nce kurulmu\u015f\/kurgulanm\u0131\u015f bir sistemin<span class=\"excerpt-hellip\"> [\u2026]<\/span><\/p>\n","protected":false},"featured_media":0,"template":"","meta":{"_monsterinsights_skip_tracking":false,"_monsterinsights_sitenote_active":false,"_monsterinsights_sitenote_note":"","_monsterinsights_sitenote_category":0},"product_brand":[],"product_cat":[13005,40995],"product_tag":[],"class_list":{"0":"post-732188","1":"product","2":"type-product","3":"status-publish","5":"product_cat-bilim-muhendislik","6":"product_cat-sosyal-bilimler","7":"pa_cilt-ciltsiz","8":"pa_tur-kitap","9":"pa_yayinevi-ani-yayincilik","10":"pa_yazar-eyup-kemerlioglu-mustafa-gunduz","12":"first","13":"instock","14":"sale","15":"shipping-taxable","16":"purchasable","17":"product-type-simple"},"_links":{"self":[{"href":"https:\/\/roveyayinevi.com.tr\/index.php\/wp-json\/wp\/v2\/product\/732188","targetHints":{"allow":["GET"]}}],"collection":[{"href":"https:\/\/roveyayinevi.com.tr\/index.php\/wp-json\/wp\/v2\/product"}],"about":[{"href":"https:\/\/roveyayinevi.com.tr\/index.php\/wp-json\/wp\/v2\/types\/product"}],"wp:attachment":[{"href":"https:\/\/roveyayinevi.com.tr\/index.php\/wp-json\/wp\/v2\/media?parent=732188"}],"wp:term":[{"taxonomy":"product_brand","embeddable":true,"href":"https:\/\/roveyayinevi.com.tr\/index.php\/wp-json\/wp\/v2\/product_brand?post=732188"},{"taxonomy":"product_cat","embeddable":true,"href":"https:\/\/roveyayinevi.com.tr\/index.php\/wp-json\/wp\/v2\/product_cat?post=732188"},{"taxonomy":"product_tag","embeddable":true,"href":"https:\/\/roveyayinevi.com.tr\/index.php\/wp-json\/wp\/v2\/product_tag?post=732188"}],"curies":[{"name":"wp","href":"https:\/\/api.w.org\/{rel}","templated":true}]}}