{"id":732184,"date":"2025-08-27T21:45:31","date_gmt":"2025-08-27T18:45:31","guid":{"rendered":"https:\/\/roveyayinevi.com.tr\/index.php\/urun\/martin-eden-12\/"},"modified":"2026-04-16T02:40:14","modified_gmt":"2026-04-15T23:40:14","slug":"martin-eden-12","status":"publish","type":"product","link":"https:\/\/roveyayinevi.com.tr\/index.php\/urun\/martin-eden-12\/","title":{"rendered":"Martin Eden"},"content":{"rendered":"<p>\u201cV\u00fccudunun kasl\u0131 olu\u015funun fark\u0131na vard\u0131 ve fizik\u00ee olarak onlardan \u00fcst\u00fcn oldu\u011fundan emin oldu. Ancak onlar\u0131n kafalar\u0131 Ruth gibi konu\u015fmalar\u0131n\u0131 sa\u011flayacak bilgilerle doluydu, bu d\u00fc\u015f\u00fcnce can\u0131n\u0131 s\u0131kt\u0131. Ama beyin ne i\u015fe yarar, diye sordu tutkuyla. Onlar\u0131n yapt\u0131klar\u0131 \u015feyleri kendisi de yapabilirdi. Onlar hayat\u0131 kitaplardan \u00f6\u011frenirlerken kendisi o hayat\u0131 ya\u015famakla me\u015fguld\u00fc. Biraz farkl\u0131 olmakla beraber kendi beyni de onlar\u0131nki gibi bilgiyle doluydu. Ka\u00e7 tanesi halat d\u00fc\u011f\u00fcm\u00fc atabiliyor, d\u00fcmene ge\u00e7ebiliyor ya da g\u00f6zc\u00fcl\u00fck yapabiliyordu? \u00d6\u011frenme s\u00fcrecindeki ba\u015far\u0131s\u0131zl\u0131klar\u0131 ve zorluklar\u0131 geldi akl\u0131na. Yine de ba\u015farm\u0131\u015ft\u0131. \u0130leride onlar da hayat\u0131 ya\u015famaya ve kendisi gibi fele\u011fin \u00e7emberinden ge\u00e7meye ba\u015flayacaklard\u0131. \u00c7ok g\u00fczel. Onlar bununla me\u015fgulken, kendisi de hayat\u0131n \u00f6teki y\u00fcz\u00fcn\u00fc kitaplardan \u00f6\u011frenecekti.\u201d   Jack London bu yar\u0131 otobiyografik roman\u0131nda, hayat\u0131n\u0131 denizcilik yaparak kazanan yoksul ve e\u011fitimsiz bir gencin, tutkulu bir bi\u00e7imde kendisini geli\u015ftirme ve edeb\u00ee \u00fcne kavu\u015fma \u00e7abalar\u0131n\u0131 anlat\u0131r. A\u015fk\u0131 i\u00e7in stat\u00fc ve servet kazanma idealinin pe\u015finden ko\u015fan Martin Eden\u2019\u0131 hayallerine yakla\u015ft\u0131ran sars\u0131lmaz inanc\u0131 ve kendinden \u00f6d\u00fcn vermeyen karakteri olur. Ancak hedefine ula\u015ft\u0131\u011f\u0131nda art\u0131k ne daha ileri gidebilecek ne de geri d\u00f6nebilecektir. 20. y\u00fczy\u0131l\u0131n Amerika\u2019s\u0131nda s\u0131n\u0131flar aras\u0131ndaki ideolojik farkl\u0131l\u0131klar\u0131 g\u00f6zler \u00f6n\u00fcne seren roman, yaln\u0131zca g\u00f6r\u00fcnt\u00fcden ibaret olan burjuvan\u0131n de\u011fer yarg\u0131lar\u0131na bir ele\u015ftiri niteli\u011fi ta\u015f\u0131maktad\u0131r. <\/p>\n","protected":false},"excerpt":{"rendered":"<p>\u201cV\u00fccudunun kasl\u0131 olu\u015funun fark\u0131na vard\u0131 ve fizik\u00ee olarak onlardan \u00fcst\u00fcn oldu\u011fundan emin oldu. Ancak onlar\u0131n kafalar\u0131 Ruth gibi konu\u015fmalar\u0131n\u0131 sa\u011flayacak bilgilerle doluydu, bu d\u00fc\u015f\u00fcnce can\u0131n\u0131 s\u0131kt\u0131.<span class=\"excerpt-hellip\"> [\u2026]<\/span><\/p>\n","protected":false},"featured_media":0,"template":"","meta":{"_monsterinsights_skip_tracking":false,"_monsterinsights_sitenote_active":false,"_monsterinsights_sitenote_note":"","_monsterinsights_sitenote_category":0},"product_brand":[],"product_cat":[12291,12711],"product_tag":[],"class_list":{"0":"post-732184","1":"product","2":"type-product","3":"status-publish","5":"product_cat-edebiyat","6":"product_cat-roman-oyku","7":"pa_cilt-ciltsiz","8":"pa_tur-kitap","9":"pa_yayinevi-sms-yayinlari","10":"pa_yazar-jack-london","12":"first","13":"instock","14":"sale","15":"shipping-taxable","16":"purchasable","17":"product-type-simple"},"_links":{"self":[{"href":"https:\/\/roveyayinevi.com.tr\/index.php\/wp-json\/wp\/v2\/product\/732184","targetHints":{"allow":["GET"]}}],"collection":[{"href":"https:\/\/roveyayinevi.com.tr\/index.php\/wp-json\/wp\/v2\/product"}],"about":[{"href":"https:\/\/roveyayinevi.com.tr\/index.php\/wp-json\/wp\/v2\/types\/product"}],"wp:attachment":[{"href":"https:\/\/roveyayinevi.com.tr\/index.php\/wp-json\/wp\/v2\/media?parent=732184"}],"wp:term":[{"taxonomy":"product_brand","embeddable":true,"href":"https:\/\/roveyayinevi.com.tr\/index.php\/wp-json\/wp\/v2\/product_brand?post=732184"},{"taxonomy":"product_cat","embeddable":true,"href":"https:\/\/roveyayinevi.com.tr\/index.php\/wp-json\/wp\/v2\/product_cat?post=732184"},{"taxonomy":"product_tag","embeddable":true,"href":"https:\/\/roveyayinevi.com.tr\/index.php\/wp-json\/wp\/v2\/product_tag?post=732184"}],"curies":[{"name":"wp","href":"https:\/\/api.w.org\/{rel}","templated":true}]}}