{"id":732183,"date":"2025-08-27T21:45:30","date_gmt":"2025-08-27T18:45:30","guid":{"rendered":"https:\/\/roveyayinevi.com.tr\/index.php\/urun\/karanfil-firtinasi\/"},"modified":"2025-11-21T06:59:23","modified_gmt":"2025-11-21T03:59:23","slug":"karanfil-firtinasi","status":"publish","type":"product","link":"https:\/\/roveyayinevi.com.tr\/index.php\/urun\/karanfil-firtinasi\/","title":{"rendered":"Karanfil F\u0131rt\u0131nas\u0131"},"content":{"rendered":"<p>&#8220;Bir leyl\u00e2yd\u0131m bin ademden nice mecnun yaratt\u0131m ecel bendim, iksir bendim, huri ben merak arkada\u015f\u0131m, ate\u015f ruhuma bela g\u00f6ze cand\u0131m, k\u00f6re mana gizlendi\u011fim tenhalar\u0131m buldular asi hayvanlar\u0131m evcil odalarda tufanlar\u0131mdan habersiz uyudular s\u00f6kt\u00fcm m\u00fchr\u00fc kap\u0131dan g\u00fcle kar\u2019\u0131 sordum, mevsime yalan zakkumdan \u00f6z toplad\u0131m s\u00fct i\u00e7tim s\u00fctle\u011fen damar\u0131ndan \u015fa\u015fk\u0131n gezdim, can kanatt\u0131m sabaha \u00e7ekildi sis, h\u00fck\u00fcms\u00fczd\u00fcr fermanlar&#8221; \u201cDeli Bal\u201d <\/p>\n","protected":false},"excerpt":{"rendered":"<p>&#8220;Bir leyl\u00e2yd\u0131m bin ademden nice mecnun yaratt\u0131m ecel bendim, iksir bendim, huri ben merak arkada\u015f\u0131m, ate\u015f ruhuma bela g\u00f6ze cand\u0131m, k\u00f6re mana gizlendi\u011fim tenhalar\u0131m buldular asi<span class=\"excerpt-hellip\"> [\u2026]<\/span><\/p>\n","protected":false},"featured_media":0,"template":"","meta":{"_monsterinsights_skip_tracking":false,"_monsterinsights_sitenote_active":false,"_monsterinsights_sitenote_note":"","_monsterinsights_sitenote_category":0},"product_brand":[],"product_cat":[12291,12509],"product_tag":[],"class_list":{"0":"post-732183","1":"product","2":"type-product","3":"status-publish","5":"product_cat-edebiyat","6":"product_cat-siir","7":"pa_cilt-ciltsiz","8":"pa_tur-kitap","9":"pa_yayinevi-imgenin-cocuklari","10":"pa_yazar-arife-kalender","12":"first","13":"instock","14":"sale","15":"shipping-taxable","16":"purchasable","17":"product-type-simple"},"_links":{"self":[{"href":"https:\/\/roveyayinevi.com.tr\/index.php\/wp-json\/wp\/v2\/product\/732183","targetHints":{"allow":["GET"]}}],"collection":[{"href":"https:\/\/roveyayinevi.com.tr\/index.php\/wp-json\/wp\/v2\/product"}],"about":[{"href":"https:\/\/roveyayinevi.com.tr\/index.php\/wp-json\/wp\/v2\/types\/product"}],"wp:attachment":[{"href":"https:\/\/roveyayinevi.com.tr\/index.php\/wp-json\/wp\/v2\/media?parent=732183"}],"wp:term":[{"taxonomy":"product_brand","embeddable":true,"href":"https:\/\/roveyayinevi.com.tr\/index.php\/wp-json\/wp\/v2\/product_brand?post=732183"},{"taxonomy":"product_cat","embeddable":true,"href":"https:\/\/roveyayinevi.com.tr\/index.php\/wp-json\/wp\/v2\/product_cat?post=732183"},{"taxonomy":"product_tag","embeddable":true,"href":"https:\/\/roveyayinevi.com.tr\/index.php\/wp-json\/wp\/v2\/product_tag?post=732183"}],"curies":[{"name":"wp","href":"https:\/\/api.w.org\/{rel}","templated":true}]}}