{"id":732182,"date":"2025-08-27T21:45:29","date_gmt":"2025-08-27T18:45:29","guid":{"rendered":"https:\/\/roveyayinevi.com.tr\/index.php\/urun\/kulun-ruyasi\/"},"modified":"2026-04-16T02:40:14","modified_gmt":"2026-04-15T23:40:14","slug":"kulun-ruyasi","status":"publish","type":"product","link":"https:\/\/roveyayinevi.com.tr\/index.php\/urun\/kulun-ruyasi\/","title":{"rendered":"K\u00fcl\u00fcn R\u00fcyas\u0131"},"content":{"rendered":"<p>&#8220;\u00c7ocuklu\u011fumu d\u00fc\u015fleyerek s\u00fcsledim, gen\u00e7li\u011fimi Geceleri d\u00fc\u015fe dal\u0131nca, g\u00fcnd\u00fczleri unutuyorum Kalbimin s\u0131z\u0131lar\u0131na, kuyu \u00e7\u0131kr\u0131\u011f\u0131 oluyorum \u00c7ekildim bakra\u00e7ta y\u0131llar y\u0131l\u0131 usanmadan&#8221; <\/p>\n","protected":false},"excerpt":{"rendered":"<p>&#8220;\u00c7ocuklu\u011fumu d\u00fc\u015fleyerek s\u00fcsledim, gen\u00e7li\u011fimi Geceleri d\u00fc\u015fe dal\u0131nca, g\u00fcnd\u00fczleri unutuyorum Kalbimin s\u0131z\u0131lar\u0131na, kuyu \u00e7\u0131kr\u0131\u011f\u0131 oluyorum \u00c7ekildim bakra\u00e7ta y\u0131llar y\u0131l\u0131 usanmadan&#8221;<\/p>\n","protected":false},"featured_media":0,"template":"","meta":{"_monsterinsights_skip_tracking":false,"_monsterinsights_sitenote_active":false,"_monsterinsights_sitenote_note":"","_monsterinsights_sitenote_category":0},"product_brand":[],"product_cat":[12291,12509],"product_tag":[],"class_list":{"0":"post-732182","1":"product","2":"type-product","3":"status-publish","5":"product_cat-edebiyat","6":"product_cat-siir","7":"pa_cilt-ciltsiz","8":"pa_tur-kitap","9":"pa_yayinevi-imgenin-cocuklari","10":"pa_yazar-zeki-karaaslan","12":"first","13":"instock","14":"sale","15":"shipping-taxable","16":"purchasable","17":"product-type-simple"},"_links":{"self":[{"href":"https:\/\/roveyayinevi.com.tr\/index.php\/wp-json\/wp\/v2\/product\/732182","targetHints":{"allow":["GET"]}}],"collection":[{"href":"https:\/\/roveyayinevi.com.tr\/index.php\/wp-json\/wp\/v2\/product"}],"about":[{"href":"https:\/\/roveyayinevi.com.tr\/index.php\/wp-json\/wp\/v2\/types\/product"}],"wp:attachment":[{"href":"https:\/\/roveyayinevi.com.tr\/index.php\/wp-json\/wp\/v2\/media?parent=732182"}],"wp:term":[{"taxonomy":"product_brand","embeddable":true,"href":"https:\/\/roveyayinevi.com.tr\/index.php\/wp-json\/wp\/v2\/product_brand?post=732182"},{"taxonomy":"product_cat","embeddable":true,"href":"https:\/\/roveyayinevi.com.tr\/index.php\/wp-json\/wp\/v2\/product_cat?post=732182"},{"taxonomy":"product_tag","embeddable":true,"href":"https:\/\/roveyayinevi.com.tr\/index.php\/wp-json\/wp\/v2\/product_tag?post=732182"}],"curies":[{"name":"wp","href":"https:\/\/api.w.org\/{rel}","templated":true}]}}