{"id":732178,"date":"2025-08-27T21:45:24","date_gmt":"2025-08-27T18:45:24","guid":{"rendered":"https:\/\/roveyayinevi.com.tr\/index.php\/urun\/vahyin-sahidi-kuranin-mufessiri-hz-aise\/"},"modified":"2026-04-16T02:40:13","modified_gmt":"2026-04-15T23:40:13","slug":"vahyin-sahidi-kuranin-mufessiri-hz-aise","status":"publish","type":"product","link":"https:\/\/roveyayinevi.com.tr\/index.php\/urun\/vahyin-sahidi-kuranin-mufessiri-hz-aise\/","title":{"rendered":"Vahyin \u015eahidi Kur&#8217;an&#8217;\u0131n M\u00fcfessiri Hz. Ai\u015fe"},"content":{"rendered":"<p>Hz. Ai\u015fe, Hz. Peygamber\u2019le y\u0131llarca ayn\u0131 ortam\u0131 payla\u015fm\u0131\u015f, bir\u00e7ok ayetin n\u00fczul\u00fcne \u015fahit ve bir k\u0131sm\u0131n\u0131n da inmesine sebep ve vesile olmu\u015f bir \u015fahsiyettir. Gerek T\u00fcrkiye\u2019de gerekse \u0130sl\u00e2m d\u00fcnyas\u0131nda Hz. Ai\u015fe ve ondan gelen rivayetler ile ilgili pek \u00e7ok ilm\u00ee \u00e7al\u0131\u015fma yap\u0131lmakla birlikte Kur\u2019an ayetlerinin tefsirine dair bize intikal eden rivayetler, tefsir ilminin verileri a\u00e7\u0131s\u0131ndan b\u00fct\u00fcn literat\u00fcr dikkate al\u0131narak ele al\u0131nmam\u0131\u015ft\u0131r. Hem tefsir ve hem de hadis kaynaklar\u0131nda yer alan Hz. Ai\u015fe\u2019den gelen rivayetler i\u00e7in as\u0131l yap\u0131lmas\u0131 gereken, bunlar\u0131 tasnif etmek ve de\u011ferlendirmektir. Bu kitap, Hz. Ai\u015fe\u2019nin Kur\u2019an\u2019\u0131 anlamaya ve yorumlamaya yapt\u0131\u011f\u0131 \u00f6nemli katk\u0131lar\u0131 ele almaktad\u0131r.<\/p>\n","protected":false},"excerpt":{"rendered":"<p>Hz. Ai\u015fe, Hz. Peygamber\u2019le y\u0131llarca ayn\u0131 ortam\u0131 payla\u015fm\u0131\u015f, bir\u00e7ok ayetin n\u00fczul\u00fcne \u015fahit ve bir k\u0131sm\u0131n\u0131n da inmesine sebep ve vesile olmu\u015f bir \u015fahsiyettir. Gerek T\u00fcrkiye\u2019de gerekse<span class=\"excerpt-hellip\"> [\u2026]<\/span><\/p>\n","protected":false},"featured_media":0,"template":"","meta":{"_monsterinsights_skip_tracking":false,"_monsterinsights_sitenote_active":false,"_monsterinsights_sitenote_note":"","_monsterinsights_sitenote_category":0},"product_brand":[],"product_cat":[12718,12858],"product_tag":[],"class_list":{"0":"post-732178","1":"product","2":"type-product","3":"status-publish","5":"product_cat-din","6":"product_cat-mitolojiler","7":"pa_cilt-ciltsiz","8":"pa_tur-kitap","9":"pa_yayinevi-otto-yayinlari","10":"pa_yazar-hatice-gormez","12":"first","13":"instock","14":"sale","15":"shipping-taxable","16":"purchasable","17":"product-type-simple"},"_links":{"self":[{"href":"https:\/\/roveyayinevi.com.tr\/index.php\/wp-json\/wp\/v2\/product\/732178","targetHints":{"allow":["GET"]}}],"collection":[{"href":"https:\/\/roveyayinevi.com.tr\/index.php\/wp-json\/wp\/v2\/product"}],"about":[{"href":"https:\/\/roveyayinevi.com.tr\/index.php\/wp-json\/wp\/v2\/types\/product"}],"wp:attachment":[{"href":"https:\/\/roveyayinevi.com.tr\/index.php\/wp-json\/wp\/v2\/media?parent=732178"}],"wp:term":[{"taxonomy":"product_brand","embeddable":true,"href":"https:\/\/roveyayinevi.com.tr\/index.php\/wp-json\/wp\/v2\/product_brand?post=732178"},{"taxonomy":"product_cat","embeddable":true,"href":"https:\/\/roveyayinevi.com.tr\/index.php\/wp-json\/wp\/v2\/product_cat?post=732178"},{"taxonomy":"product_tag","embeddable":true,"href":"https:\/\/roveyayinevi.com.tr\/index.php\/wp-json\/wp\/v2\/product_tag?post=732178"}],"curies":[{"name":"wp","href":"https:\/\/api.w.org\/{rel}","templated":true}]}}