{"id":732176,"date":"2025-08-27T21:45:22","date_gmt":"2025-08-27T18:45:22","guid":{"rendered":"https:\/\/roveyayinevi.com.tr\/index.php\/urun\/husn-u-aska-roman-gozuyle-bakmak\/"},"modified":"2026-04-16T02:39:57","modified_gmt":"2026-04-15T23:39:57","slug":"husn-u-aska-roman-gozuyle-bakmak","status":"publish","type":"product","link":"https:\/\/roveyayinevi.com.tr\/index.php\/urun\/husn-u-aska-roman-gozuyle-bakmak\/","title":{"rendered":"H\u00fcsn \u00fc A\u015fk\u2019a Roman G\u00f6z\u00fcyle Bakmak"},"content":{"rendered":"<p>Konu itibariyle \u015eeyh Galib\u2019in kendi i\u00e7 yolculu\u011fundan yola \u00e7\u0131karak kurgulad\u0131\u011f\u0131 tasavvuf ehlinin k\u00e2mil insan olma yolunda ge\u00e7irdi\u011fi zorlu a\u015famalar\u0131 ve kendini bulma \u00e7abalar\u0131n\u0131 anlatan H\u00fcsn \u00fc A\u015fk, alegorik yap\u0131s\u0131, olay i\u00e7erisinde kahramanlar\u0131n de\u011fi\u015fim ve d\u00f6n\u00fc\u015f\u00fcmlerinin ustaca verili\u015fi, vakan\u0131n kronolojik bir yap\u0131 i\u00e7erisinde s\u0131ralan\u0131\u015f\u0131, mek\u00e2n unsurlar\u0131n\u0131n insan psikolojisi \u00fczerindeki etkilerinin g\u00f6z ard\u0131 edilmemesi ve olay kronolojisine paralel olarak tasarlanm\u0131\u015f zaman unsurlar\u0131n\u0131n kullan\u0131l\u0131\u015f\u0131 bak\u0131m\u0131ndan romanla b\u00fcy\u00fck oranda benzerlik g\u00f6sterir. Bu sebeple H\u00fcsn \u00fc A\u015fk, modern anlat\u0131 t\u00fcrlerinden olan romana dair teknik y\u00f6ntemler kullan\u0131larak incelenmesi gereken \u00f6nemli bir eserdir.   Bu \u00e7al\u0131\u015fma, modern roman\u0131m\u0131z\u0131n olu\u015fumuna b\u00fcy\u00fck katk\u0131lar sa\u011flayan klasik edebiyat\u0131m\u0131za ait mesnevi t\u00fcr\u00fcnde yaz\u0131lm\u0131\u015f muhte\u015fem bir eser olan H\u00fcsn \u00fc A\u015fk\u2019\u0131n sahip oldu\u011fu i\u00e7erik ve teknik \u00f6zelliklerin, ba\u015fta roman olmak \u00fczere modern anlat\u0131 t\u00fcrlerinde kullan\u0131lan anlat\u0131m tekniklerine hi\u00e7 de uzak olmad\u0131\u011f\u0131 ger\u00e7e\u011fini ortaya koymak ve eserden hareketle roman ile mesneviler aras\u0131nda incelenmeye de\u011fer bir ili\u015fki oldu\u011fu ger\u00e7e\u011fini seslendirmek amac\u0131yla haz\u0131rlanm\u0131\u015ft\u0131r. <\/p>\n","protected":false},"excerpt":{"rendered":"<p>Konu itibariyle \u015eeyh Galib\u2019in kendi i\u00e7 yolculu\u011fundan yola \u00e7\u0131karak kurgulad\u0131\u011f\u0131 tasavvuf ehlinin k\u00e2mil insan olma yolunda ge\u00e7irdi\u011fi zorlu a\u015famalar\u0131 ve kendini bulma \u00e7abalar\u0131n\u0131 anlatan H\u00fcsn \u00fc<span class=\"excerpt-hellip\"> [\u2026]<\/span><\/p>\n","protected":false},"featured_media":0,"template":"","meta":{"_monsterinsights_skip_tracking":false,"_monsterinsights_sitenote_active":false,"_monsterinsights_sitenote_note":"","_monsterinsights_sitenote_category":0},"product_brand":[],"product_cat":[20234,12291],"product_tag":[],"class_list":{"0":"post-732176","1":"product","2":"type-product","3":"status-publish","5":"product_cat-divan-edebiyati-halk-edebiyati","6":"product_cat-edebiyat","7":"pa_cilt-ciltsiz","8":"pa_tur-kitap","9":"pa_yayinevi-gulnar-yayinlari","10":"pa_yazar-ahmet-isler","12":"first","13":"instock","14":"sale","15":"shipping-taxable","16":"purchasable","17":"product-type-simple"},"_links":{"self":[{"href":"https:\/\/roveyayinevi.com.tr\/index.php\/wp-json\/wp\/v2\/product\/732176","targetHints":{"allow":["GET"]}}],"collection":[{"href":"https:\/\/roveyayinevi.com.tr\/index.php\/wp-json\/wp\/v2\/product"}],"about":[{"href":"https:\/\/roveyayinevi.com.tr\/index.php\/wp-json\/wp\/v2\/types\/product"}],"wp:attachment":[{"href":"https:\/\/roveyayinevi.com.tr\/index.php\/wp-json\/wp\/v2\/media?parent=732176"}],"wp:term":[{"taxonomy":"product_brand","embeddable":true,"href":"https:\/\/roveyayinevi.com.tr\/index.php\/wp-json\/wp\/v2\/product_brand?post=732176"},{"taxonomy":"product_cat","embeddable":true,"href":"https:\/\/roveyayinevi.com.tr\/index.php\/wp-json\/wp\/v2\/product_cat?post=732176"},{"taxonomy":"product_tag","embeddable":true,"href":"https:\/\/roveyayinevi.com.tr\/index.php\/wp-json\/wp\/v2\/product_tag?post=732176"}],"curies":[{"name":"wp","href":"https:\/\/api.w.org\/{rel}","templated":true}]}}