{"id":732175,"date":"2025-08-27T21:45:21","date_gmt":"2025-08-27T18:45:21","guid":{"rendered":"https:\/\/roveyayinevi.com.tr\/index.php\/urun\/kitabet-i-kemal\/"},"modified":"2026-04-16T02:39:57","modified_gmt":"2026-04-15T23:39:57","slug":"kitabet-i-kemal","status":"publish","type":"product","link":"https:\/\/roveyayinevi.com.tr\/index.php\/urun\/kitabet-i-kemal\/","title":{"rendered":"Kitabet-\u0130 Kemal"},"content":{"rendered":"<p>Atalar\u0131m\u0131z\u0131n &#8220;Damlaya damlaya g\u00f6l olur&#8221; s\u00f6zlerinde i\u015faret ettikleri gibi bu kitap, son \u00fc\u00e7 y\u0131lda sosyal medyada damla damla payla\u015ft\u0131\u011f\u0131m makale yaz\u0131lar\u0131mdan olu\u015fmaktad\u0131r.  \u0130\u00e7eri\u011finde din\u00ee, ahlaki ve toplumla ilgili konularda, hayata dair bir\u00e7ok makalelerim bulunmaktad\u0131r. Hepsi yaz\u0131ld\u0131\u011f\u0131 tarihte g\u00fcncel buldu\u011fum konular \u00fczerinedir. Hi\u00e7biri hayal \u00fcr\u00fcn\u00fc olarak kurgulanm\u0131\u015f de\u011fildir.    \u0130nanc\u0131ma g\u00f6re, din ad\u0131na anlatt\u0131klar\u0131m\u0131z hayat\u0131n i\u00e7inden de\u011filse, onu ahretliklerden ba\u015fkas\u0131 dinlemez.  Din hizmetinde 43 y\u0131ll\u0131k aktif g\u00f6rev s\u00fcremde ve \u015fimdi emeklili\u011fimde yaz\u0131l\u0131 ve s\u00f6zl\u00fc olarak anlatt\u0131\u011f\u0131m b\u00fct\u00fcn konularda bu husus d\u00fcsturum olmu\u015ftur.  B\u00f6yle bir anlay\u0131\u015fla yazd\u0131\u011f\u0131m bu kitab\u0131m\u0131n i\u00e7eri\u011fini sadece  \u2018din\u00ee\u2019 olarak alg\u0131lamak tam isabetli bir yakla\u015f\u0131m olmaz.  Bu kitap dine ve d\u00fcnyaya dair hayat\u0131n her alan\u0131ndan konular\u0131 i\u00e7ermektedir.   S\u00f6z\u00fcn\u00fc etti\u011fim d\u00fcstur ile ayn\u0131 kapsamda 2015 y\u0131l\u0131nda yay\u0131nlad\u0131\u011f\u0131m, hayata dair k\u0131sa ve \u00f6zl\u00fc 2262 veciz s\u00f6zlerimi i\u00e7eren &#8220;Kelam-\u0131 Kemal&#8221; adl\u0131 1. kitab\u0131m\u0131n arka kapa\u011f\u0131nda okurlar\u0131ma, bundan sonraki ikinci kitab\u0131m\u0131n, &#8220;makale yaz\u0131lar\u0131m\u0131 i\u00e7erece\u011fi&#8221; s\u00f6z\u00fcn\u00fc vermi\u015ftim.   &#8220;Kemal&#8217;in Yaz\u0131lar\u0131&#8221; anlam\u0131nda \u2018Kitabet-i Kemal\u2019 ad\u0131n\u0131 ta\u015f\u0131yan bu kitab\u0131mla verdi\u011fim s\u00f6z\u00fcm\u00fc ger\u00e7ekle\u015ftirmeyi bana nasip eden Y\u00fcce Allah&#8217;a sonsuz hamd ve senalar ediyorum.  \u0130n\u015fallah \u00fc\u00e7\u00fcnc\u00fc kitab\u0131m\u0131 da ger\u00e7ekle\u015ftirmek nasip olur.   Bu kitab\u0131m\u0131, kutsal din\u00ee mesle\u011fimi se\u00e7memde b\u00fcy\u00fck arzular\u0131 ve \u0131srarl\u0131 te\u015fvikleri olan rahmetli anne ve babama &#8220;ithaf&#8221; ediyorum.  Haz\u0131rlan\u0131\u015f\u0131nda ve her zaman yan\u0131mda en b\u00fcy\u00fck yard\u0131mc\u0131m olan sevgili e\u015fime de te\u015fekk\u00fcr ediyorum.    Gayret bizden, muvaffakiyet Rabbimizdendir. <\/p>\n","protected":false},"excerpt":{"rendered":"<p>Atalar\u0131m\u0131z\u0131n &#8220;Damlaya damlaya g\u00f6l olur&#8221; s\u00f6zlerinde i\u015faret ettikleri gibi bu kitap, son \u00fc\u00e7 y\u0131lda sosyal medyada damla damla payla\u015ft\u0131\u011f\u0131m makale yaz\u0131lar\u0131mdan olu\u015fmaktad\u0131r. \u0130\u00e7eri\u011finde din\u00ee, ahlaki ve<span class=\"excerpt-hellip\"> [\u2026]<\/span><\/p>\n","protected":false},"featured_media":0,"template":"","meta":{"_monsterinsights_skip_tracking":false,"_monsterinsights_sitenote_active":false,"_monsterinsights_sitenote_note":"","_monsterinsights_sitenote_category":0},"product_brand":[],"product_cat":[12777,12291],"product_tag":[],"class_list":{"0":"post-732175","1":"product","2":"type-product","3":"status-publish","5":"product_cat-deneme","6":"product_cat-edebiyat","7":"pa_cilt-ciltsiz","8":"pa_tur-kitap","9":"pa_yayinevi-gulnar-yayinlari","10":"pa_yazar-kemal-cengiz","12":"first","13":"instock","14":"sale","15":"shipping-taxable","16":"purchasable","17":"product-type-simple"},"_links":{"self":[{"href":"https:\/\/roveyayinevi.com.tr\/index.php\/wp-json\/wp\/v2\/product\/732175","targetHints":{"allow":["GET"]}}],"collection":[{"href":"https:\/\/roveyayinevi.com.tr\/index.php\/wp-json\/wp\/v2\/product"}],"about":[{"href":"https:\/\/roveyayinevi.com.tr\/index.php\/wp-json\/wp\/v2\/types\/product"}],"wp:attachment":[{"href":"https:\/\/roveyayinevi.com.tr\/index.php\/wp-json\/wp\/v2\/media?parent=732175"}],"wp:term":[{"taxonomy":"product_brand","embeddable":true,"href":"https:\/\/roveyayinevi.com.tr\/index.php\/wp-json\/wp\/v2\/product_brand?post=732175"},{"taxonomy":"product_cat","embeddable":true,"href":"https:\/\/roveyayinevi.com.tr\/index.php\/wp-json\/wp\/v2\/product_cat?post=732175"},{"taxonomy":"product_tag","embeddable":true,"href":"https:\/\/roveyayinevi.com.tr\/index.php\/wp-json\/wp\/v2\/product_tag?post=732175"}],"curies":[{"name":"wp","href":"https:\/\/api.w.org\/{rel}","templated":true}]}}