{"id":732174,"date":"2025-08-27T21:45:21","date_gmt":"2025-08-27T18:45:21","guid":{"rendered":"https:\/\/roveyayinevi.com.tr\/index.php\/urun\/risk-istahi-finansal-piyasalara-etkisi\/"},"modified":"2026-04-16T02:39:57","modified_gmt":"2026-04-15T23:39:57","slug":"risk-istahi-finansal-piyasalara-etkisi","status":"publish","type":"product","link":"https:\/\/roveyayinevi.com.tr\/index.php\/urun\/risk-istahi-finansal-piyasalara-etkisi\/","title":{"rendered":"Risk \u0130\u015ftah\u0131 Finansal Piyasalara Etkisi"},"content":{"rendered":"<p>\u0130\u00e7indekiler 1.Geleneksel Finans Teorileri 1.1Beklenen Fayda Teorisi 1.2.Etkin Piyasalar Hipotezi 1.3.Sermaye Varl\u0131klar\u0131 Fiyatlama Modeli (SVFM) 1.4.Arbitraj Fiyatlama Modeli 1.5.Modern Portf\u00f6y Teorisi 1.6.Temel Analiz 1.7.Teknik Analiz 2.Davran\u0131\u015fsal Finans 2.1.Davran\u0131\u015fsal Finansta Yat\u0131r\u0131mc\u0131 E\u011filimleri 3.Risk \u0130\u015ftah\u0131 3.1.Risk \u0130\u015ftah\u0131 ile \u0130lgili Yap\u0131lm\u0131\u015f \u00c7al\u0131\u015fmalar 4.Veriler, Y\u00f6ntem ve Bulgular 4.1Veriler 4.2.Y\u00f6ntem 4.3.BIST ve RISE \u0130li\u015fkisi 4.4.Bitcoin ve Fear and Greed Endeksi \u0130li\u015fkisi <\/p>\n","protected":false},"excerpt":{"rendered":"<p>\u0130\u00e7indekiler 1.Geleneksel Finans Teorileri 1.1Beklenen Fayda Teorisi 1.2.Etkin Piyasalar Hipotezi 1.3.Sermaye Varl\u0131klar\u0131 Fiyatlama Modeli (SVFM) 1.4.Arbitraj Fiyatlama Modeli 1.5.Modern Portf\u00f6y Teorisi 1.6.Temel Analiz 1.7.Teknik Analiz 2.Davran\u0131\u015fsal<span class=\"excerpt-hellip\"> [\u2026]<\/span><\/p>\n","protected":false},"featured_media":0,"template":"","meta":{"_monsterinsights_skip_tracking":false,"_monsterinsights_sitenote_active":false,"_monsterinsights_sitenote_note":"","_monsterinsights_sitenote_category":0},"product_brand":[],"product_cat":[17249,13043],"product_tag":[],"class_list":{"0":"post-732174","1":"product","2":"type-product","3":"status-publish","5":"product_cat-borsa-finans","6":"product_cat-ekonomi","7":"pa_cilt-ciltsiz","8":"pa_tur-kitap","9":"pa_yayinevi-gazi-kitabevi","10":"pa_yazar-muhammet-ozcan","12":"first","13":"instock","14":"sale","15":"shipping-taxable","16":"purchasable","17":"product-type-simple"},"_links":{"self":[{"href":"https:\/\/roveyayinevi.com.tr\/index.php\/wp-json\/wp\/v2\/product\/732174","targetHints":{"allow":["GET"]}}],"collection":[{"href":"https:\/\/roveyayinevi.com.tr\/index.php\/wp-json\/wp\/v2\/product"}],"about":[{"href":"https:\/\/roveyayinevi.com.tr\/index.php\/wp-json\/wp\/v2\/types\/product"}],"wp:attachment":[{"href":"https:\/\/roveyayinevi.com.tr\/index.php\/wp-json\/wp\/v2\/media?parent=732174"}],"wp:term":[{"taxonomy":"product_brand","embeddable":true,"href":"https:\/\/roveyayinevi.com.tr\/index.php\/wp-json\/wp\/v2\/product_brand?post=732174"},{"taxonomy":"product_cat","embeddable":true,"href":"https:\/\/roveyayinevi.com.tr\/index.php\/wp-json\/wp\/v2\/product_cat?post=732174"},{"taxonomy":"product_tag","embeddable":true,"href":"https:\/\/roveyayinevi.com.tr\/index.php\/wp-json\/wp\/v2\/product_tag?post=732174"}],"curies":[{"name":"wp","href":"https:\/\/api.w.org\/{rel}","templated":true}]}}