{"id":732172,"date":"2025-08-27T21:45:19","date_gmt":"2025-08-27T18:45:19","guid":{"rendered":"https:\/\/roveyayinevi.com.tr\/index.php\/urun\/hayvan-ciftligi-ciltli-2\/"},"modified":"2026-04-16T02:39:57","modified_gmt":"2026-04-15T23:39:57","slug":"hayvan-ciftligi-ciltli-2","status":"publish","type":"product","link":"https:\/\/roveyayinevi.com.tr\/index.php\/urun\/hayvan-ciftligi-ciltli-2\/","title":{"rendered":"Hayvan \u00c7iftli\u011fi (Ciltli)"},"content":{"rendered":"<p>Fazla \u00e7al\u0131\u015ft\u0131r\u0131lan ve k\u00f6t\u00fc muamele g\u00f6ren hayvanlar bir g\u00fcn toplan\u0131p ya\u015fad\u0131klar\u0131 \u00e7iftli\u011fi ele ge\u00e7irirler. Sonunda s\u00f6z sahibi olmu\u015flard\u0131r, \u00e7iftlikte daha adil ve e\u015fit bir toplum olu\u015fturmaya kararl\u0131d\u0131rlar. Domuzlar\u0131n \u00f6nc\u00fcl\u00fc\u011f\u00fcnde bu yeni d\u00fczeni kurmak i\u00e7in \u00e7al\u0131\u015fmaya ba\u015flarlar. Bu d\u00fczen ilk ba\u015fta \u00e7iftli\u011fin geli\u015fmesini sa\u011flasa da zamanla hayvanlar\u0131n \u00f6ng\u00f6remedi\u011fi sorunlar ortaya \u00e7\u0131kacak ve eskisinden daha ac\u0131mas\u0131z bir rejim kurulacakt\u0131r. Hayvan \u00c7iftli\u011fi George Orwell\u2019in modern klasikler aras\u0131na girmi\u015f ikinci \u00fcnl\u00fc roman\u0131 ve \u00e7arp\u0131c\u0131 bir politik ta\u015flamad\u0131r. \u015eimdiye kadar yaz\u0131lm\u0131\u015f en iyi sistem ele\u015ftirilerinden biri olan bu roman, \u00f6zg\u00fcrl\u00fck ama\u00e7l\u0131 bir devrimin nas\u0131l tek adaml\u0131\u011fa evrilebilece\u011fini g\u00f6zler \u00f6n\u00fcne serer. George Orwell\u2019in alegorisi, bug\u00fcn \u00f6zg\u00fcrl\u00fc\u011f\u00fcn sald\u0131r\u0131ya u\u011frad\u0131\u011f\u0131 her durum ve yerde g\u00fcncelli\u011fini koruyor.<\/p>\n","protected":false},"excerpt":{"rendered":"<p>Fazla \u00e7al\u0131\u015ft\u0131r\u0131lan ve k\u00f6t\u00fc muamele g\u00f6ren hayvanlar bir g\u00fcn toplan\u0131p ya\u015fad\u0131klar\u0131 \u00e7iftli\u011fi ele ge\u00e7irirler. Sonunda s\u00f6z sahibi olmu\u015flard\u0131r, \u00e7iftlikte daha adil ve e\u015fit bir toplum olu\u015fturmaya<span class=\"excerpt-hellip\"> [\u2026]<\/span><\/p>\n","protected":false},"featured_media":0,"template":"","meta":{"_monsterinsights_skip_tracking":false,"_monsterinsights_sitenote_active":false,"_monsterinsights_sitenote_note":"","_monsterinsights_sitenote_category":0},"product_brand":[],"product_cat":[12291,12711],"product_tag":[],"class_list":{"0":"post-732172","1":"product","2":"type-product","3":"status-publish","5":"product_cat-edebiyat","6":"product_cat-roman-oyku","7":"pa_cilt-ciltli","8":"pa_tur-kitap","9":"pa_yayinevi-can-yayinlari","10":"pa_yazar-george-orwell","12":"first","13":"instock","14":"sale","15":"shipping-taxable","16":"purchasable","17":"product-type-simple"},"_links":{"self":[{"href":"https:\/\/roveyayinevi.com.tr\/index.php\/wp-json\/wp\/v2\/product\/732172","targetHints":{"allow":["GET"]}}],"collection":[{"href":"https:\/\/roveyayinevi.com.tr\/index.php\/wp-json\/wp\/v2\/product"}],"about":[{"href":"https:\/\/roveyayinevi.com.tr\/index.php\/wp-json\/wp\/v2\/types\/product"}],"wp:attachment":[{"href":"https:\/\/roveyayinevi.com.tr\/index.php\/wp-json\/wp\/v2\/media?parent=732172"}],"wp:term":[{"taxonomy":"product_brand","embeddable":true,"href":"https:\/\/roveyayinevi.com.tr\/index.php\/wp-json\/wp\/v2\/product_brand?post=732172"},{"taxonomy":"product_cat","embeddable":true,"href":"https:\/\/roveyayinevi.com.tr\/index.php\/wp-json\/wp\/v2\/product_cat?post=732172"},{"taxonomy":"product_tag","embeddable":true,"href":"https:\/\/roveyayinevi.com.tr\/index.php\/wp-json\/wp\/v2\/product_tag?post=732172"}],"curies":[{"name":"wp","href":"https:\/\/api.w.org\/{rel}","templated":true}]}}