{"id":732169,"date":"2025-08-27T21:45:15","date_gmt":"2025-08-27T18:45:15","guid":{"rendered":"https:\/\/roveyayinevi.com.tr\/index.php\/urun\/guzelim-oykuler\/"},"modified":"2026-04-16T02:39:56","modified_gmt":"2026-04-15T23:39:56","slug":"guzelim-oykuler","status":"publish","type":"product","link":"https:\/\/roveyayinevi.com.tr\/index.php\/urun\/guzelim-oykuler\/","title":{"rendered":"G\u00fczelim \u00d6yk\u00fcler"},"content":{"rendered":"<p>Neden g\u00fczelim \u00f6yk\u00fcler? \u00c7\u00fcnk\u00fc bu \u00f6yk\u00fcler kula\u011fa g\u00fczel gelecek kelimeler, sesler, ritimler se\u00e7ilerek yaz\u0131ld\u0131, hepsinin birer t\u0131n\u0131s\u0131, melodisi var. Tiyatrodaki gibi e\u011flenceli sahneleri, replikleri, k\u00fc\u00e7\u00fck maskelere benzer karakterleri var. Neden bu \u00f6yk\u00fcleri anlatmak \u00e7ok ho\u015f? \u00c7\u00fcnk\u00fc dinlerken insan\u0131 yormayacak kadar k\u0131salar ama i\u00e7inde bir \u00f6yk\u00fcs\u00fc olacak kadar da uzunlar. Karakterler yap\u0131l\u0131, sahneler oyunlu, olaylar heyecanl\u0131. Son olarak, bu \u00f6yk\u00fclerin hepsi \u00e7ok ama \u00e7ok g\u00fczel \u00e7\u00fcnk\u00fc i\u00e7lerinde ke\u015ffedilmesi kolay bir gizem ta\u015f\u0131yorlar: \u00d6zg\u00fcrl\u00fc\u011f\u00fcn ta kendisini!<\/p>\n","protected":false},"excerpt":{"rendered":"<p>Neden g\u00fczelim \u00f6yk\u00fcler? \u00c7\u00fcnk\u00fc bu \u00f6yk\u00fcler kula\u011fa g\u00fczel gelecek kelimeler, sesler, ritimler se\u00e7ilerek yaz\u0131ld\u0131, hepsinin birer t\u0131n\u0131s\u0131, melodisi var. Tiyatrodaki gibi e\u011flenceli sahneleri, replikleri, k\u00fc\u00e7\u00fck maskelere<span class=\"excerpt-hellip\"> [\u2026]<\/span><\/p>\n","protected":false},"featured_media":0,"template":"","meta":{"_monsterinsights_skip_tracking":false,"_monsterinsights_sitenote_active":false,"_monsterinsights_sitenote_note":"","_monsterinsights_sitenote_category":0},"product_brand":[],"product_cat":[12275,12274],"product_tag":[],"class_list":{"0":"post-732169","1":"product","2":"type-product","3":"status-publish","5":"product_cat-6-12-yas-kitaplari","6":"product_cat-cocuk-ve-genclik-kitaplari","7":"pa_cilt-ciltsiz","8":"pa_tur-kitap","9":"pa_yayinevi-can-cocuk-yayinlari","10":"pa_yazar-roberto-piumini","12":"first","13":"instock","14":"sale","15":"shipping-taxable","16":"purchasable","17":"product-type-simple"},"_links":{"self":[{"href":"https:\/\/roveyayinevi.com.tr\/index.php\/wp-json\/wp\/v2\/product\/732169","targetHints":{"allow":["GET"]}}],"collection":[{"href":"https:\/\/roveyayinevi.com.tr\/index.php\/wp-json\/wp\/v2\/product"}],"about":[{"href":"https:\/\/roveyayinevi.com.tr\/index.php\/wp-json\/wp\/v2\/types\/product"}],"wp:attachment":[{"href":"https:\/\/roveyayinevi.com.tr\/index.php\/wp-json\/wp\/v2\/media?parent=732169"}],"wp:term":[{"taxonomy":"product_brand","embeddable":true,"href":"https:\/\/roveyayinevi.com.tr\/index.php\/wp-json\/wp\/v2\/product_brand?post=732169"},{"taxonomy":"product_cat","embeddable":true,"href":"https:\/\/roveyayinevi.com.tr\/index.php\/wp-json\/wp\/v2\/product_cat?post=732169"},{"taxonomy":"product_tag","embeddable":true,"href":"https:\/\/roveyayinevi.com.tr\/index.php\/wp-json\/wp\/v2\/product_tag?post=732169"}],"curies":[{"name":"wp","href":"https:\/\/api.w.org\/{rel}","templated":true}]}}