{"id":732168,"date":"2025-08-27T21:45:14","date_gmt":"2025-08-27T18:45:14","guid":{"rendered":"https:\/\/roveyayinevi.com.tr\/index.php\/urun\/hayat-benim-bildigim-kadar-mi\/"},"modified":"2026-04-16T02:39:56","modified_gmt":"2026-04-15T23:39:56","slug":"hayat-benim-bildigim-kadar-mi","status":"publish","type":"product","link":"https:\/\/roveyayinevi.com.tr\/index.php\/urun\/hayat-benim-bildigim-kadar-mi\/","title":{"rendered":"Hayat Benim Bildi\u011fim Kadar M\u0131?"},"content":{"rendered":"<p>\u00c7ok uzun zaman \u00f6nce, insanlar yazmaya ihtiya\u00e7 duyduklar\u0131n\u0131 anlad\u0131lar. Ancak bunu nas\u0131l yapacaklar\u0131n\u0131 bilmiyorlard\u0131. Tam o s\u0131rada, d\u00fcnyayaen yak\u0131n bulut olan Alfabe Bulutu\u2019nda ya\u015famlar\u0131n\u0131 s\u00fcren harfler, insanlarla ileti\u015fime ge\u00e7ip onlara yaz\u0131y\u0131 \u00f6\u011frettiler. Alfabe Bulutu\u2019nun d\u00fczenli ziyaret\u00e7ilerinden Alp G\u00f6kalp, bu dizide bizlere baz\u0131bulut sakinlerinin hik\u00e2yelerini anlat\u0131yor\u2026 Alfabe Bulutu\u2019ndaki oyuncak fabrikas\u0131nda, \u00e7al\u0131\u015fanlar i\u00e7in bir aktivite d\u00fczenleniyordu. Her harf, aile a\u011fac\u0131ndaki di\u011fer harflerin \u00e7al\u0131\u015ft\u0131klar\u0131 diller, \u00fclkeler ve k\u00fclt\u00fcrler hakk\u0131nda ara\u015ft\u0131rma yapacakt\u0131. \u0130\u015fine \u00e2\u015f\u0131k O etkinlik i\u00e7in ne kadar sab\u0131rs\u0131zsa, i\u015finden bezmi\u015f C \u00f6devden bir o kadar habersizdi. Bu z\u0131t ikili, o g\u00fcn farkl\u0131 k\u00fclt\u00fcrlerden\u00e7ok daha fazlas\u0131n\u0131 ke\u015ffedecekti<\/p>\n","protected":false},"excerpt":{"rendered":"<p>\u00c7ok uzun zaman \u00f6nce, insanlar yazmaya ihtiya\u00e7 duyduklar\u0131n\u0131 anlad\u0131lar. Ancak bunu nas\u0131l yapacaklar\u0131n\u0131 bilmiyorlard\u0131. Tam o s\u0131rada, d\u00fcnyayaen yak\u0131n bulut olan Alfabe Bulutu\u2019nda ya\u015famlar\u0131n\u0131 s\u00fcren harfler,<span class=\"excerpt-hellip\"> [\u2026]<\/span><\/p>\n","protected":false},"featured_media":0,"template":"","meta":{"_monsterinsights_skip_tracking":false,"_monsterinsights_sitenote_active":false,"_monsterinsights_sitenote_note":"","_monsterinsights_sitenote_category":0},"product_brand":[],"product_cat":[12913,12274],"product_tag":[],"class_list":{"0":"post-732168","1":"product","2":"type-product","3":"status-publish","5":"product_cat-3-6-yas-kitaplari","6":"product_cat-cocuk-ve-genclik-kitaplari","7":"pa_cilt-ciltsiz","8":"pa_tur-kitap","9":"pa_yayinevi-can-cocuk-yayinlari","10":"pa_yazar-alp-gokalp","12":"first","13":"instock","14":"sale","15":"shipping-taxable","16":"purchasable","17":"product-type-simple"},"_links":{"self":[{"href":"https:\/\/roveyayinevi.com.tr\/index.php\/wp-json\/wp\/v2\/product\/732168","targetHints":{"allow":["GET"]}}],"collection":[{"href":"https:\/\/roveyayinevi.com.tr\/index.php\/wp-json\/wp\/v2\/product"}],"about":[{"href":"https:\/\/roveyayinevi.com.tr\/index.php\/wp-json\/wp\/v2\/types\/product"}],"wp:attachment":[{"href":"https:\/\/roveyayinevi.com.tr\/index.php\/wp-json\/wp\/v2\/media?parent=732168"}],"wp:term":[{"taxonomy":"product_brand","embeddable":true,"href":"https:\/\/roveyayinevi.com.tr\/index.php\/wp-json\/wp\/v2\/product_brand?post=732168"},{"taxonomy":"product_cat","embeddable":true,"href":"https:\/\/roveyayinevi.com.tr\/index.php\/wp-json\/wp\/v2\/product_cat?post=732168"},{"taxonomy":"product_tag","embeddable":true,"href":"https:\/\/roveyayinevi.com.tr\/index.php\/wp-json\/wp\/v2\/product_tag?post=732168"}],"curies":[{"name":"wp","href":"https:\/\/api.w.org\/{rel}","templated":true}]}}