{"id":732165,"date":"2025-08-27T21:45:12","date_gmt":"2025-08-27T18:45:12","guid":{"rendered":"https:\/\/roveyayinevi.com.tr\/index.php\/urun\/isigini-kullan-kehanet-kartlari\/"},"modified":"2026-04-16T02:39:56","modified_gmt":"2026-04-15T23:39:56","slug":"isigini-kullan-kehanet-kartlari","status":"publish","type":"product","link":"https:\/\/roveyayinevi.com.tr\/index.php\/urun\/isigini-kullan-kehanet-kartlari\/","title":{"rendered":"I\u015f\u0131\u011f\u0131n\u0131 Kullan Kehanet Kartlar\u0131"},"content":{"rendered":"<p>44 Kartl\u0131k Deste ve Rehber Kitap.Bu rehber kitapta I\u015f\u0131\u011f\u0131n\u0131 Kullan\u2122 Kehanet Kartlar\u0131\u2019n\u0131n ruhunuzla ve her \u015feyin Kayna\u011f\u0131yla ili\u015fkinizi derinle\u015ftirmek i\u00e7in nas\u0131l kullan\u0131laca\u011f\u0131 a\u00e7\u0131klan\u0131yor. 44 kart\u0131n her birinin anlam\u0131n\u0131n kapsaml\u0131 olarak a\u00e7\u0131kland\u0131\u011f\u0131 kitapta kartlar\u0131n\u0131z\u0131 nas\u0131l uyumlayaca\u011f\u0131n\u0131z, \u00e7al\u0131\u015fmaya ba\u015flamadan \u00f6nce bir ruh alan\u0131n\u0131 nas\u0131l etkinle\u015ftirece\u011finiz, nas\u0131l farkl\u0131 kart a\u00e7\u0131l\u0131mlar\u0131 tasarlayaca\u011f\u0131n\u0131z ve ba\u015fkalar\u0131 i\u00e7in okuma yapaca\u011f\u0131n\u0131z anlat\u0131l\u0131yor.Bu kartlarla \u00e7al\u0131\u015f\u0131rken sezgilerinizin artt\u0131\u011f\u0131n\u0131, ruhunuzun sesinin y\u00fckseldi\u011fini g\u00f6recek ve kim oldu\u011funuzu ve buraya ne yapmaya geldi\u011finizi daha derinden idrak edebileceksiniz.<\/p>\n","protected":false},"excerpt":{"rendered":"<p>44 Kartl\u0131k Deste ve Rehber Kitap.Bu rehber kitapta I\u015f\u0131\u011f\u0131n\u0131 Kullan\u2122 Kehanet Kartlar\u0131\u2019n\u0131n ruhunuzla ve her \u015feyin Kayna\u011f\u0131yla ili\u015fkinizi derinle\u015ftirmek i\u00e7in nas\u0131l kullan\u0131laca\u011f\u0131 a\u00e7\u0131klan\u0131yor. 44 kart\u0131n her<span class=\"excerpt-hellip\"> [\u2026]<\/span><\/p>\n","protected":false},"featured_media":0,"template":"","meta":{"_monsterinsights_skip_tracking":false,"_monsterinsights_sitenote_active":false,"_monsterinsights_sitenote_note":"","_monsterinsights_sitenote_category":0},"product_brand":[],"product_cat":[12364,16154],"product_tag":[],"class_list":{"0":"post-732165","1":"product","2":"type-product","3":"status-publish","5":"product_cat-genel-konular","6":"product_cat-parapsikoloji","7":"pa_cilt-ciltsiz","8":"pa_tur-kitap","9":"pa_yayinevi-butik-yayinlari","10":"pa_yazar-rebecca-campbell","12":"first","13":"instock","14":"sale","15":"shipping-taxable","16":"purchasable","17":"product-type-simple"},"_links":{"self":[{"href":"https:\/\/roveyayinevi.com.tr\/index.php\/wp-json\/wp\/v2\/product\/732165","targetHints":{"allow":["GET"]}}],"collection":[{"href":"https:\/\/roveyayinevi.com.tr\/index.php\/wp-json\/wp\/v2\/product"}],"about":[{"href":"https:\/\/roveyayinevi.com.tr\/index.php\/wp-json\/wp\/v2\/types\/product"}],"wp:attachment":[{"href":"https:\/\/roveyayinevi.com.tr\/index.php\/wp-json\/wp\/v2\/media?parent=732165"}],"wp:term":[{"taxonomy":"product_brand","embeddable":true,"href":"https:\/\/roveyayinevi.com.tr\/index.php\/wp-json\/wp\/v2\/product_brand?post=732165"},{"taxonomy":"product_cat","embeddable":true,"href":"https:\/\/roveyayinevi.com.tr\/index.php\/wp-json\/wp\/v2\/product_cat?post=732165"},{"taxonomy":"product_tag","embeddable":true,"href":"https:\/\/roveyayinevi.com.tr\/index.php\/wp-json\/wp\/v2\/product_tag?post=732165"}],"curies":[{"name":"wp","href":"https:\/\/api.w.org\/{rel}","templated":true}]}}