{"id":732164,"date":"2025-08-27T21:45:11","date_gmt":"2025-08-27T18:45:11","guid":{"rendered":"https:\/\/roveyayinevi.com.tr\/index.php\/urun\/egemen-kentler\/"},"modified":"2026-04-16T02:39:56","modified_gmt":"2026-04-15T23:39:56","slug":"egemen-kentler","status":"publish","type":"product","link":"https:\/\/roveyayinevi.com.tr\/index.php\/urun\/egemen-kentler\/","title":{"rendered":"Egemen Kentler"},"content":{"rendered":"<p>Kent devletini jeopolitik bir form olarak ele alan ve kentin s\u00fcrekli de\u011fi\u015fen stat\u00fcs\u00fcn\u00fc ara\u015ft\u0131ran Geoffrey Parker bu eserinde, d\u00fcnya tarihi boyunca \u00e7e\u015fitli kentleri ve kent devletlerini inceliyor. Platon ve Aristoteles&#8217;in m\u00fckemmel bir devlet t\u00fcr\u00fc olarak g\u00f6rd\u00fc\u011f\u00fc Yunan polis\u2019ini, Roma imparatorluk ba\u015fkentini, Venedik ve R\u00f6nesans kentlerini, Alman Hanse\u2019sini, Rus ve Balt\u0131k kentlerini derinlemesine ele al\u0131yor. Parker ayr\u0131ca erken d\u00f6nem \u0130slam toplumunda kente atfedilen politik rol\u00fc tart\u0131\u015f\u0131yor ve kent devletlerinin Kuzey Avrupa\u2019da yeniden canlanmas\u0131yla ba\u015flayan ancak ulus devletin y\u00fckselmesiyle son bulan geli\u015fme s\u00fcrecini g\u00f6zler \u00f6n\u00fcne seriyor.Egemen Kentler, Bat\u0131 uygarl\u0131\u011f\u0131n\u0131n do\u011fu\u015fundan 21. y\u00fczy\u0131l\u0131n k\u00fcreselle\u015fme olgusuna kadar kentin tarihteki rol\u00fcn\u00fc anlamaya \u00e7al\u0131\u015fan en g\u00fc\u00e7l\u00fc ve kapsaml\u0131 incelemelerden biri<\/p>\n","protected":false},"excerpt":{"rendered":"<p>Kent devletini jeopolitik bir form olarak ele alan ve kentin s\u00fcrekli de\u011fi\u015fen stat\u00fcs\u00fcn\u00fc ara\u015ft\u0131ran Geoffrey Parker bu eserinde, d\u00fcnya tarihi boyunca \u00e7e\u015fitli kentleri ve kent devletlerini<span class=\"excerpt-hellip\"> [\u2026]<\/span><\/p>\n","protected":false},"featured_media":0,"template":"","meta":{"_monsterinsights_skip_tracking":false,"_monsterinsights_sitenote_active":false,"_monsterinsights_sitenote_note":"","_monsterinsights_sitenote_category":0},"product_brand":[],"product_cat":[12370,12304],"product_tag":[],"class_list":{"0":"post-732164","1":"product","2":"type-product","3":"status-publish","5":"product_cat-arastirma-inceleme","6":"product_cat-tarih","7":"pa_cilt-ciltsiz","8":"pa_tur-kitap","9":"pa_yayinevi-tellekt","10":"pa_yazar-geoffrey-parker","12":"first","13":"instock","14":"sale","15":"shipping-taxable","16":"purchasable","17":"product-type-simple"},"_links":{"self":[{"href":"https:\/\/roveyayinevi.com.tr\/index.php\/wp-json\/wp\/v2\/product\/732164","targetHints":{"allow":["GET"]}}],"collection":[{"href":"https:\/\/roveyayinevi.com.tr\/index.php\/wp-json\/wp\/v2\/product"}],"about":[{"href":"https:\/\/roveyayinevi.com.tr\/index.php\/wp-json\/wp\/v2\/types\/product"}],"wp:attachment":[{"href":"https:\/\/roveyayinevi.com.tr\/index.php\/wp-json\/wp\/v2\/media?parent=732164"}],"wp:term":[{"taxonomy":"product_brand","embeddable":true,"href":"https:\/\/roveyayinevi.com.tr\/index.php\/wp-json\/wp\/v2\/product_brand?post=732164"},{"taxonomy":"product_cat","embeddable":true,"href":"https:\/\/roveyayinevi.com.tr\/index.php\/wp-json\/wp\/v2\/product_cat?post=732164"},{"taxonomy":"product_tag","embeddable":true,"href":"https:\/\/roveyayinevi.com.tr\/index.php\/wp-json\/wp\/v2\/product_tag?post=732164"}],"curies":[{"name":"wp","href":"https:\/\/api.w.org\/{rel}","templated":true}]}}