{"id":732159,"date":"2025-08-27T21:45:06","date_gmt":"2025-08-27T18:45:06","guid":{"rendered":"https:\/\/roveyayinevi.com.tr\/index.php\/urun\/bakuye-gidiyorum-ay-balam\/"},"modified":"2026-04-16T02:39:56","modified_gmt":"2026-04-15T23:39:56","slug":"bakuye-gidiyorum-ay-balam","status":"publish","type":"product","link":"https:\/\/roveyayinevi.com.tr\/index.php\/urun\/bakuye-gidiyorum-ay-balam\/","title":{"rendered":"Bak\u00fc&#8217;ye Gidiyorum Ay Balam"},"content":{"rendered":"<p>Azerbaycan, Naz\u0131m Hikmet&#8217;in ilk \u015fiir kitab\u0131 G\u00fcne\u015fi \u0130\u00e7enlerin T\u00fcrk\u00fcs\u00fc&#8217;n\u00fcn bas\u0131ld\u0131\u011f\u0131, Sovyetler Birli\u011fi&#8217;ne gittikten sonra ya\u015famak istedi\u011fi, hatta \u00fclkesinden umudu kesti\u011finde, \u00f6l\u00fcnce g\u00f6m\u00fclmek istedi\u011fi \u00fclke&#8230; Azerbaycan&#8217;da gazetecileri, mektuplar, dergileri ve kitaplar\u0131 tarayarak, gerek Naz\u0131m taraf\u0131ndan yaz\u0131lanlar\u0131 gerek onunla ilgili yaz\u0131lar\u0131 bir araya getiren, ayr\u0131ca ki\u015fisel tan\u0131klara da yer veren &#8220;Bak\u00fc&#8217;ye Gidiyorum Ay Balam&#8221; \/ Naz\u0131m Hikmet&#8217;in Azerbaycan&#8217;daki \u0130zleri (1921 &#8211; 1963) kitab\u0131nda Aslan Kavlak, \u015fairin Azerbaycan&#8217;la 1920&#8217;li y\u0131llarda ba\u015flay\u0131p \u00f6l\u00fcm\u00fcne kadar s\u00fcren ili\u015fkisinin izini s\u00fcr\u00fcyor. Kitapta kullan\u0131lan foto\u011fraflar\u0131n pek \u00e7o\u011fu ise T\u00fcrkiye&#8217;de ilk kez yay\u0131mlan\u0131yor.<\/p>\n","protected":false},"excerpt":{"rendered":"<p>Azerbaycan, Naz\u0131m Hikmet&#8217;in ilk \u015fiir kitab\u0131 G\u00fcne\u015fi \u0130\u00e7enlerin T\u00fcrk\u00fcs\u00fc&#8217;n\u00fcn bas\u0131ld\u0131\u011f\u0131, Sovyetler Birli\u011fi&#8217;ne gittikten sonra ya\u015famak istedi\u011fi, hatta \u00fclkesinden umudu kesti\u011finde, \u00f6l\u00fcnce g\u00f6m\u00fclmek istedi\u011fi \u00fclke&#8230; Azerbaycan&#8217;da gazetecileri,<span class=\"excerpt-hellip\"> [\u2026]<\/span><\/p>\n","protected":false},"featured_media":0,"template":"","meta":{"_monsterinsights_skip_tracking":false,"_monsterinsights_sitenote_active":false,"_monsterinsights_sitenote_note":"","_monsterinsights_sitenote_category":0},"product_brand":[],"product_cat":[13701,12291],"product_tag":[],"class_list":{"0":"post-732159","1":"product","2":"type-product","3":"status-publish","5":"product_cat-ani-mektup-gunluk","6":"product_cat-edebiyat","7":"pa_cilt-ciltsiz","8":"pa_tur-kitap","9":"pa_yayinevi-yapi-kredi-yayinlari","10":"pa_yazar-aslan-kavlak","12":"first","13":"instock","14":"sale","15":"shipping-taxable","16":"purchasable","17":"product-type-simple"},"_links":{"self":[{"href":"https:\/\/roveyayinevi.com.tr\/index.php\/wp-json\/wp\/v2\/product\/732159","targetHints":{"allow":["GET"]}}],"collection":[{"href":"https:\/\/roveyayinevi.com.tr\/index.php\/wp-json\/wp\/v2\/product"}],"about":[{"href":"https:\/\/roveyayinevi.com.tr\/index.php\/wp-json\/wp\/v2\/types\/product"}],"wp:attachment":[{"href":"https:\/\/roveyayinevi.com.tr\/index.php\/wp-json\/wp\/v2\/media?parent=732159"}],"wp:term":[{"taxonomy":"product_brand","embeddable":true,"href":"https:\/\/roveyayinevi.com.tr\/index.php\/wp-json\/wp\/v2\/product_brand?post=732159"},{"taxonomy":"product_cat","embeddable":true,"href":"https:\/\/roveyayinevi.com.tr\/index.php\/wp-json\/wp\/v2\/product_cat?post=732159"},{"taxonomy":"product_tag","embeddable":true,"href":"https:\/\/roveyayinevi.com.tr\/index.php\/wp-json\/wp\/v2\/product_tag?post=732159"}],"curies":[{"name":"wp","href":"https:\/\/api.w.org\/{rel}","templated":true}]}}