{"id":732158,"date":"2025-08-27T21:45:05","date_gmt":"2025-08-27T18:45:05","guid":{"rendered":"https:\/\/roveyayinevi.com.tr\/index.php\/urun\/insanoglunun-kitabi\/"},"modified":"2026-04-16T02:39:56","modified_gmt":"2026-04-15T23:39:56","slug":"insanoglunun-kitabi","status":"publish","type":"product","link":"https:\/\/roveyayinevi.com.tr\/index.php\/urun\/insanoglunun-kitabi\/","title":{"rendered":"\u0130nsano\u011flunun Kitab\u0131"},"content":{"rendered":"<p>Homo Sapiens Nasil Do\u011fanin En Paradoksal Canl\u0131s\u0131 Oldu?K\u00fclt\u00fcr\u00fcm\u00fcz\u00fcn,  Cinsiyetimizin, Sava\u015f\u0131m\u0131z\u0131n Ve Evrimimizin K\u0131sa Bir Tarihi\u0130nsanlar\u0131n \u00f6zel hayvanlar oldu\u011fu fikri kim oldu\u011fumuzun temelini olu\u015fturmaktad\u0131r; \u00f6te yandan biraz daha derine indi\u011fimizde, \u201cBizleri evrimsel kuzenlerimizden daha \u00fcst basamaklara \u00e7\u0131karan hangi yeteneklerimiz ve hareketlerimiz?\u201d sorusuyla kar\u015f\u0131la\u015fmaktay\u0131z.Bug\u00fcne Dek Ya\u015fam\u0131\u015f Herkesin K\u0131sa Bir Tarihi kitab\u0131n\u0131n yazar\u0131 olarak da tan\u0131d\u0131\u011f\u0131m\u0131z Adam Rutherford, bu \u00e7al\u0131\u015fmas\u0131nda bizlere bug\u00fcn oldu\u011fu \u015fekliyle insan t\u00fcr\u00fcn\u00fcn nas\u0131l e\u015fsiz bir konuma geldi\u011fini, hayvanlar \u00e2leminde heyecanl\u0131 ve bir o kadar \u015fa\u015f\u0131rt\u0131c\u0131 bilgilerle dolu bir yolculu\u011fa \u00e7\u0131karak anlat\u0131yor.G\u00fcncel bilimsel ara\u015ft\u0131rmalar\u0131n \u0131\u015f\u0131\u011f\u0131nda ortalama bir maymunken; davran\u0131\u015fsal modernitenin evrimiyle sanat, m\u00fczik, bilim ve m\u00fchendislik alanlar\u0131nda eserler ortaya koyabilecek kadar zeki olmam\u0131z\u0131 sa\u011flayan evrimsel geli\u015fmenin tarihi, \u0130nsano\u011flunun Kitab\u0131: Biz Olu\u015fumuzun Hik\u00e2yesi\u2019nde sizleri bekliyor. \u201cBu nefis ve b\u00fcy\u00fcleyici kitap, kendinize ve tabiattaki yerinize dair bak\u0131\u015f a\u00e7\u0131n\u0131z\u0131 de\u011fi\u015ftirecek.\u201dEd Yong\u201cAna hatlar\u0131 ustaca \u00e7izilmi\u015f, \u00f6zl\u00fc anlat\u0131m\u0131n\u0131n yan\u0131 s\u0131ra etkileyici g\u00f6zlemler ve anekdotlarla dolu bir kitap.\u201dRobin McKie<\/p>\n","protected":false},"excerpt":{"rendered":"<p>Homo Sapiens Nasil Do\u011fanin En Paradoksal Canl\u0131s\u0131 Oldu?K\u00fclt\u00fcr\u00fcm\u00fcz\u00fcn, Cinsiyetimizin, Sava\u015f\u0131m\u0131z\u0131n Ve Evrimimizin K\u0131sa Bir Tarihi\u0130nsanlar\u0131n \u00f6zel hayvanlar oldu\u011fu fikri kim oldu\u011fumuzun temelini olu\u015fturmaktad\u0131r; \u00f6te yandan biraz<span class=\"excerpt-hellip\"> [\u2026]<\/span><\/p>\n","protected":false},"featured_media":0,"template":"","meta":{"_monsterinsights_skip_tracking":false,"_monsterinsights_sitenote_active":false,"_monsterinsights_sitenote_note":"","_monsterinsights_sitenote_category":0},"product_brand":[],"product_cat":[12370,12304],"product_tag":[],"class_list":{"0":"post-732158","1":"product","2":"type-product","3":"status-publish","5":"product_cat-arastirma-inceleme","6":"product_cat-tarih","7":"pa_cilt-ciltsiz","8":"pa_tur-kitap","9":"pa_yayinevi-indigo-kitap","10":"pa_yazar-adam-rutherford","12":"first","13":"instock","14":"sale","15":"shipping-taxable","16":"purchasable","17":"product-type-simple"},"_links":{"self":[{"href":"https:\/\/roveyayinevi.com.tr\/index.php\/wp-json\/wp\/v2\/product\/732158","targetHints":{"allow":["GET"]}}],"collection":[{"href":"https:\/\/roveyayinevi.com.tr\/index.php\/wp-json\/wp\/v2\/product"}],"about":[{"href":"https:\/\/roveyayinevi.com.tr\/index.php\/wp-json\/wp\/v2\/types\/product"}],"wp:attachment":[{"href":"https:\/\/roveyayinevi.com.tr\/index.php\/wp-json\/wp\/v2\/media?parent=732158"}],"wp:term":[{"taxonomy":"product_brand","embeddable":true,"href":"https:\/\/roveyayinevi.com.tr\/index.php\/wp-json\/wp\/v2\/product_brand?post=732158"},{"taxonomy":"product_cat","embeddable":true,"href":"https:\/\/roveyayinevi.com.tr\/index.php\/wp-json\/wp\/v2\/product_cat?post=732158"},{"taxonomy":"product_tag","embeddable":true,"href":"https:\/\/roveyayinevi.com.tr\/index.php\/wp-json\/wp\/v2\/product_tag?post=732158"}],"curies":[{"name":"wp","href":"https:\/\/api.w.org\/{rel}","templated":true}]}}