{"id":732157,"date":"2025-08-27T21:45:04","date_gmt":"2025-08-27T18:45:04","guid":{"rendered":"https:\/\/roveyayinevi.com.tr\/index.php\/urun\/okulsuzlugun-el-kitabi\/"},"modified":"2026-04-16T02:39:56","modified_gmt":"2026-04-15T23:39:56","slug":"okulsuzlugun-el-kitabi","status":"publish","type":"product","link":"https:\/\/roveyayinevi.com.tr\/index.php\/urun\/okulsuzlugun-el-kitabi\/","title":{"rendered":"Okulsuzlu\u011fun El Kitab\u0131"},"content":{"rendered":"<p>D\u00fcnyan\u0131n b\u00fcy\u00fck \u00e7o\u011funlu\u011funun hayat\u0131na okul olgusunun giri\u015fi ancak y\u00fcz y\u0131l\u0131 kaps\u0131yor. Herhalde bu y\u00fczy\u0131lda her birimiz y\u00fcz bin kere okul kavram\u0131n\u0131 tart\u0131\u015fm\u0131\u015f\u0131zd\u0131r. Okulsuzluk, okulun bir alternatifidir. Hepimize ba\u015fka bir e\u011fitimin m\u00fcmk\u00fcn oldu\u011funu g\u00f6sterir. \u00c7ok sa\u011flam arg\u00fcmanlarla donanm\u0131\u015ft\u0131r. D\u00fcnyan\u0131n de\u011fi\u015fik \u00fclkelerinde hayata ge\u00e7mi\u015ftir. \u00dczerine kitaplar yaz\u0131lacak kadar deneyim birikmi\u015ftir. Okulsuzlu\u011fun El Kitab\u0131, e\u011fitimlerini okulsuz yani evde ger\u00e7ekle\u015ftiren \u00f6\u011frencilerin ve onlar\u0131n velilerinin deneyimlerinden hareketle yaz\u0131lm\u0131\u015f bir kitap. B\u00fct\u00fcn \u00f6rnekler ger\u00e7ek ve ya\u015fanm\u0131\u015f. Okulsuz e\u011fitimle ilgili okullu olanlar\u0131n kafas\u0131 kar\u0131\u015f\u0131kken a\u00e7\u0131k\u00e7as\u0131 okulsuz \u00f6\u011frencilerin ve velilerin kafalar\u0131 pek de kar\u0131\u015f\u0131k g\u00f6r\u00fcnm\u00fcyor. Giri\u015f b\u00f6l\u00fcm\u00fc, okulsuzluk ya da evde e\u011fitim kavram\u0131n\u0131 inceleyerek ba\u015fl\u0131yor.  Ard\u0131ndan tek tek okuma-yazma, tarih, sanat, matematik, yabanc\u0131 dil ve di\u011ferleri \u00fczerine \u00f6\u011frenme bi\u00e7imleri ve e\u011fitim materyalleri hakk\u0131nda ayr\u0131nt\u0131l\u0131 bilgiler payla\u015f\u0131l\u0131yor. \u201cB\u00fcy\u00fckannem e\u011fitim almam\u0131 istedi ve bu nedenle beni okuldan ald\u0131.\u201d diyor okulsuz \u00f6\u011frencilerden biri ve esas\u0131nda meseleyi tek c\u00fcmleyle \u00f6zetlemi\u015f oluyor. \u00dclkemizde \u201cE\u011fitim \u015fart!\u201d nidalar\u0131, \u201cHaydi K\u0131zlar Okula\u201d kampanyalar\u0131, \u201cK\u00f6y Enstit\u00fcs\u00fc\u201d tart\u0131\u015fmalar\u0131, \u201c\u0130mam Hatipler\u201d karga\u015fas\u0131 aras\u0131nda \u201c\u00c7ocuklar\u0131n ger\u00e7ekten neye ihtiyac\u0131 var?\u201d sorusu silikle\u015fip g\u00f6r\u00fcnmez oluyor. B\u00fcy\u00fcklerin toplum m\u00fchendisli\u011fi kayg\u0131lar\u0131 bir m\u00fcsaade etse de yeni nesillere ihtiyac\u0131 olan e\u011fitim verilse. Haydi bunu tart\u0131\u015fmaya ba\u015flayal\u0131m \u00e7\u00fcnk\u00fc ba\u015fka bir e\u011fitim m\u00fcmk\u00fcn. <\/p>\n","protected":false},"excerpt":{"rendered":"<p>D\u00fcnyan\u0131n b\u00fcy\u00fck \u00e7o\u011funlu\u011funun hayat\u0131na okul olgusunun giri\u015fi ancak y\u00fcz y\u0131l\u0131 kaps\u0131yor. Herhalde bu y\u00fczy\u0131lda her birimiz y\u00fcz bin kere okul kavram\u0131n\u0131 tart\u0131\u015fm\u0131\u015f\u0131zd\u0131r. Okulsuzluk, okulun bir alternatifidir.<span class=\"excerpt-hellip\"> [\u2026]<\/span><\/p>\n","protected":false},"featured_media":0,"template":"","meta":{"_monsterinsights_skip_tracking":false,"_monsterinsights_sitenote_active":false,"_monsterinsights_sitenote_note":"","_monsterinsights_sitenote_category":0},"product_brand":[],"product_cat":[17996,12364],"product_tag":[],"class_list":{"0":"post-732157","1":"product","2":"type-product","3":"status-publish","5":"product_cat-ebeveyn-kitaplari","6":"product_cat-genel-konular","7":"pa_cilt-ciltsiz","8":"pa_tur-kitap","9":"pa_yayinevi-yeni-insan-yayinlari","10":"pa_yazar-mary-griffith","12":"first","13":"instock","14":"sale","15":"shipping-taxable","16":"purchasable","17":"product-type-simple"},"_links":{"self":[{"href":"https:\/\/roveyayinevi.com.tr\/index.php\/wp-json\/wp\/v2\/product\/732157","targetHints":{"allow":["GET"]}}],"collection":[{"href":"https:\/\/roveyayinevi.com.tr\/index.php\/wp-json\/wp\/v2\/product"}],"about":[{"href":"https:\/\/roveyayinevi.com.tr\/index.php\/wp-json\/wp\/v2\/types\/product"}],"wp:attachment":[{"href":"https:\/\/roveyayinevi.com.tr\/index.php\/wp-json\/wp\/v2\/media?parent=732157"}],"wp:term":[{"taxonomy":"product_brand","embeddable":true,"href":"https:\/\/roveyayinevi.com.tr\/index.php\/wp-json\/wp\/v2\/product_brand?post=732157"},{"taxonomy":"product_cat","embeddable":true,"href":"https:\/\/roveyayinevi.com.tr\/index.php\/wp-json\/wp\/v2\/product_cat?post=732157"},{"taxonomy":"product_tag","embeddable":true,"href":"https:\/\/roveyayinevi.com.tr\/index.php\/wp-json\/wp\/v2\/product_tag?post=732157"}],"curies":[{"name":"wp","href":"https:\/\/api.w.org\/{rel}","templated":true}]}}