{"id":732156,"date":"2025-08-27T21:45:03","date_gmt":"2025-08-27T18:45:03","guid":{"rendered":"https:\/\/roveyayinevi.com.tr\/index.php\/urun\/osmanli-tasra-teskilatinda-yenilikler-1826-1876\/"},"modified":"2026-04-16T02:39:56","modified_gmt":"2026-04-15T23:39:56","slug":"osmanli-tasra-teskilatinda-yenilikler-1826-1876","status":"publish","type":"product","link":"https:\/\/roveyayinevi.com.tr\/index.php\/urun\/osmanli-tasra-teskilatinda-yenilikler-1826-1876\/","title":{"rendered":"Osmanl\u0131 Ta\u015fra Te\u015fkilat\u0131nda Yenilikler (1826-1876)"},"content":{"rendered":"<p>Ge\u00e7mi\u015fi anlamaya \u00e7al\u0131\u015f\u0131rken yaln\u0131zca sava\u015flara ve antla\u015fmalara odaklanarak, o d\u00f6nemde toplumun ya\u015fay\u0131\u015f\u0131n\u0131, toplumsal m\u00fcnasebetleri, hukuki ve idari yap\u0131lar\u0131 g\u00f6zden ka\u00e7\u0131rmamak gerekir. Bu d\u00fc\u015f\u00fcnceyle ge\u00e7mi\u015fteki iktisadi m\u00fcnasebetleri, hukuk d\u00fczenini ve idari te\u015fkilatlanmalar\u0131, b\u00fcnyesinde bar\u0131nd\u0131rd\u0131\u011f\u0131 de\u011fi\u015fimler, devaml\u0131l\u0131klar ve g\u00fcn\u00fcm\u00fcze etkileri bak\u0131m\u0131ndan anlayabilmek \u00f6nem ta\u015f\u0131maktad\u0131r. Bu \u00e7al\u0131\u015fma 19. y\u00fczy\u0131lda Osmanl\u0131 ta\u015fra y\u00f6netimi \u00fczerine odaklanmaktad\u0131r. 19. y\u00fczy\u0131l, Osmanl\u0131da genelde modernle\u015fme, \u00f6zelde modern devlet olu\u015fumunun ortaya \u00e7\u0131k\u0131\u015f s\u00fcrecine denk gelmektedir.20 y\u00fczy\u0131l\u0131n ilk \u00e7eyre\u011finde ise y\u0131k\u0131lan imparatorluk ile yeni kurulan cumhuriyet aras\u0131ndaki ili\u015fki, g\u00f6sterilmek istenenin aksine, olduk\u00e7a kuvvetlidir. \u015e\u00fcphesiz zaman\u0131n da etkisi ile de\u011fi\u015fimler ge\u00e7irmekle beraber \u00e7ok kuvvetli devaml\u0131l\u0131klar, ge\u00e7en y\u00fczy\u0131ll\u0131k zamana ra\u011fmen, g\u00fcn\u00fcm\u00fczde halen mevcuttur. Bu tespit, ta\u015fra idaresi i\u00e7in ziyadesiyle ge\u00e7erlidir. Hatta g\u00fcn\u00fcm\u00fcz ta\u015fra idaresi, Osmanl\u0131 \u0130mparatorlu\u011fu\u2019nda 19. y\u00fczy\u0131lda hayata ge\u00e7irilen reformlar\u0131n temelleri \u00fczerinde y\u00fckselmi\u015ftir. <\/p>\n","protected":false},"excerpt":{"rendered":"<p>Ge\u00e7mi\u015fi anlamaya \u00e7al\u0131\u015f\u0131rken yaln\u0131zca sava\u015flara ve antla\u015fmalara odaklanarak, o d\u00f6nemde toplumun ya\u015fay\u0131\u015f\u0131n\u0131, toplumsal m\u00fcnasebetleri, hukuki ve idari yap\u0131lar\u0131 g\u00f6zden ka\u00e7\u0131rmamak gerekir. Bu d\u00fc\u015f\u00fcnceyle ge\u00e7mi\u015fteki iktisadi m\u00fcnasebetleri,<span class=\"excerpt-hellip\"> [\u2026]<\/span><\/p>\n","protected":false},"featured_media":0,"template":"","meta":{"_monsterinsights_skip_tracking":false,"_monsterinsights_sitenote_active":false,"_monsterinsights_sitenote_note":"","_monsterinsights_sitenote_category":0},"product_brand":[],"product_cat":[13517,12304],"product_tag":[],"class_list":{"0":"post-732156","1":"product","2":"type-product","3":"status-publish","5":"product_cat-osmanli-tarihi","6":"product_cat-tarih","7":"pa_cilt-ciltsiz","8":"pa_tur-kitap","9":"pa_yayinevi-tiav","10":"pa_yazar-omer-toraman","12":"first","13":"instock","14":"sale","15":"shipping-taxable","16":"purchasable","17":"product-type-simple"},"_links":{"self":[{"href":"https:\/\/roveyayinevi.com.tr\/index.php\/wp-json\/wp\/v2\/product\/732156","targetHints":{"allow":["GET"]}}],"collection":[{"href":"https:\/\/roveyayinevi.com.tr\/index.php\/wp-json\/wp\/v2\/product"}],"about":[{"href":"https:\/\/roveyayinevi.com.tr\/index.php\/wp-json\/wp\/v2\/types\/product"}],"wp:attachment":[{"href":"https:\/\/roveyayinevi.com.tr\/index.php\/wp-json\/wp\/v2\/media?parent=732156"}],"wp:term":[{"taxonomy":"product_brand","embeddable":true,"href":"https:\/\/roveyayinevi.com.tr\/index.php\/wp-json\/wp\/v2\/product_brand?post=732156"},{"taxonomy":"product_cat","embeddable":true,"href":"https:\/\/roveyayinevi.com.tr\/index.php\/wp-json\/wp\/v2\/product_cat?post=732156"},{"taxonomy":"product_tag","embeddable":true,"href":"https:\/\/roveyayinevi.com.tr\/index.php\/wp-json\/wp\/v2\/product_tag?post=732156"}],"curies":[{"name":"wp","href":"https:\/\/api.w.org\/{rel}","templated":true}]}}