{"id":732150,"date":"2025-08-27T21:44:57","date_gmt":"2025-08-27T18:44:57","guid":{"rendered":"https:\/\/roveyayinevi.com.tr\/index.php\/urun\/buyuyorum-ogreniyorum-okul-oncesi-etkinlikleri-dikkat-ve-gorsel-algi\/"},"modified":"2026-04-16T02:39:56","modified_gmt":"2026-04-15T23:39:56","slug":"buyuyorum-ogreniyorum-okul-oncesi-etkinlikleri-dikkat-ve-gorsel-algi","status":"publish","type":"product","link":"https:\/\/roveyayinevi.com.tr\/index.php\/urun\/buyuyorum-ogreniyorum-okul-oncesi-etkinlikleri-dikkat-ve-gorsel-algi\/","title":{"rendered":"B\u00fcy\u00fcyorum \u00d6\u011freniyorum Okul \u00d6ncesi Etkinlikleri Dikkat ve G\u00f6rsel Alg\u0131"},"content":{"rendered":"<p>\u00c7ocuklar\u0131m\u0131z\u0131n e\u011fitimi ailede ba\u015flar. Okul \u00f6ncesi d\u00f6nemde \u00e7ocuklar\u0131m\u0131z\u0131n, b\u00fcy\u00fck ve k\u00fc\u00e7\u00fck kaslar\u0131 geli\u015fmektedir. Yap\u0131lacak \u00e7al\u0131\u015fmalar ve etkinlikler, bu kaslar\u0131n en iyi \u015fekilde geli\u015fmesini sa\u011flar. G\u00fcnl\u00fck e\u011fitim plan\u0131nda, okuma yazmaya haz\u0131rl\u0131k ve di\u011fer etkinliklere yer verilmesi, okula haz\u0131rlanan \u00e7ocu\u011fa \u00f6nemli katk\u0131lar yapar.B\u00fcy\u00fcyorum \u00d6\u011freniyorum Okul \u00d6ncesi Etkinlikleri Serisi; \u00e7ocuklar\u0131m\u0131za, okul i\u00e7in gerekli bilgi, beceri ve yeterlilikleri kazand\u0131rmay\u0131 ama\u00e7lamaktad\u0131r.Kitaptaki etkinliklere ba\u015flamadan \u00f6nce makas, boya kalemi, silgi gibi e\u015fyalar\u0131 yan\u0131n\u0131za al\u0131n.Y\u00f6nergeleri okuyun ve \u00e7ocu\u011funuza, g\u00f6rd\u00fc\u011f\u00fc sayfalar hakk\u0131nda ne d\u00fc\u015f\u00fcnd\u00fc\u011f\u00fcn\u00fc sorun.\u00c7al\u0131\u015fmalar\u0131 birlikte yap\u0131n. B\u00fct\u00fcn kitab\u0131 bir seferde bitirmeye \u00e7al\u0131\u015fmay\u0131n. Her g\u00fcn belli say\u0131da etkinlik yapmak, ertesi g\u00fcn i\u00e7in \u00e7ocu\u011fun heyecan\u0131n\u0131 art\u0131racakt\u0131r.<\/p>\n","protected":false},"excerpt":{"rendered":"<p>\u00c7ocuklar\u0131m\u0131z\u0131n e\u011fitimi ailede ba\u015flar. Okul \u00f6ncesi d\u00f6nemde \u00e7ocuklar\u0131m\u0131z\u0131n, b\u00fcy\u00fck ve k\u00fc\u00e7\u00fck kaslar\u0131 geli\u015fmektedir. Yap\u0131lacak \u00e7al\u0131\u015fmalar ve etkinlikler, bu kaslar\u0131n en iyi \u015fekilde geli\u015fmesini sa\u011flar. G\u00fcnl\u00fck e\u011fitim<span class=\"excerpt-hellip\"> [\u2026]<\/span><\/p>\n","protected":false},"featured_media":0,"template":"","meta":{"_monsterinsights_skip_tracking":false,"_monsterinsights_sitenote_active":false,"_monsterinsights_sitenote_note":"","_monsterinsights_sitenote_category":0},"product_brand":[],"product_cat":[12274,12518],"product_tag":[],"class_list":{"0":"post-732150","1":"product","2":"type-product","3":"status-publish","5":"product_cat-cocuk-ve-genclik-kitaplari","6":"product_cat-okul-oncesi-kitaplar","7":"pa_cilt-ciltsiz","8":"pa_tur-kitap","9":"pa_yayinevi-bicirik-yayinlari","10":"pa_yazar-bicirik-yayinlari-kolektif","12":"first","13":"instock","14":"sale","15":"shipping-taxable","16":"purchasable","17":"product-type-simple"},"_links":{"self":[{"href":"https:\/\/roveyayinevi.com.tr\/index.php\/wp-json\/wp\/v2\/product\/732150","targetHints":{"allow":["GET"]}}],"collection":[{"href":"https:\/\/roveyayinevi.com.tr\/index.php\/wp-json\/wp\/v2\/product"}],"about":[{"href":"https:\/\/roveyayinevi.com.tr\/index.php\/wp-json\/wp\/v2\/types\/product"}],"wp:attachment":[{"href":"https:\/\/roveyayinevi.com.tr\/index.php\/wp-json\/wp\/v2\/media?parent=732150"}],"wp:term":[{"taxonomy":"product_brand","embeddable":true,"href":"https:\/\/roveyayinevi.com.tr\/index.php\/wp-json\/wp\/v2\/product_brand?post=732150"},{"taxonomy":"product_cat","embeddable":true,"href":"https:\/\/roveyayinevi.com.tr\/index.php\/wp-json\/wp\/v2\/product_cat?post=732150"},{"taxonomy":"product_tag","embeddable":true,"href":"https:\/\/roveyayinevi.com.tr\/index.php\/wp-json\/wp\/v2\/product_tag?post=732150"}],"curies":[{"name":"wp","href":"https:\/\/api.w.org\/{rel}","templated":true}]}}