{"id":732149,"date":"2025-08-27T21:44:56","date_gmt":"2025-08-27T18:44:56","guid":{"rendered":"https:\/\/roveyayinevi.com.tr\/index.php\/urun\/sadece-toplumsal-baskiya-baskaldirdigi-icin-asiklarini-perisan-eden-kadin-lou-salome\/"},"modified":"2025-11-21T06:59:09","modified_gmt":"2025-11-21T03:59:09","slug":"sadece-toplumsal-baskiya-baskaldirdigi-icin-asiklarini-perisan-eden-kadin-lou-salome","status":"publish","type":"product","link":"https:\/\/roveyayinevi.com.tr\/index.php\/urun\/sadece-toplumsal-baskiya-baskaldirdigi-icin-asiklarini-perisan-eden-kadin-lou-salome\/","title":{"rendered":"Sadece Toplumsal Bask\u0131ya Ba\u015fkald\u0131rd\u0131\u011f\u0131 \u0130\u00e7in A\u015f\u0131klar\u0131n\u0131 Peri\u015fan Eden Kad\u0131n &#8211; Lou Salome"},"content":{"rendered":"<p>\u201cHayatta her \u015feyin bir bedeli var, en fazla da mutlulu\u011fun&#8230;\u201d \u2013 Lou Salom\u00e9 Rus as\u0131ll\u0131 bir psikanalist ve yazar. Teoloji, felsefe ve sanat \u00fczerine e\u011fitim alm\u0131\u015f bir d\u00fc\u015f\u00fcn\u00fcr. D\u00f6nemin en dikkat \u00e7eken filozoflar\u0131ndan Nietzsche\u2019yle, b\u00fcy\u00fck Alman \u015fairi Rilke\u2019yle, Rus yazar Tolstoy\u2019la ve \u00fcnl\u00fc psikanalist Sigmund Freud\u2019la b\u00fcy\u00fck a\u015fklar ya\u015fam\u0131\u015f, k\u0131ymetli dostluklar kurmu\u015f bir kad\u0131n&#8230; \u201cEril tarihi ba\u015ftan \u00e7\u0131karan kad\u0131n\u201d olarak an\u0131l\u0131yor olsa da tarihte, o kimseyi ba\u015ftan \u00e7\u0131karmaya kalkmad\u0131 asl\u0131nda. Salom\u00e9\u2019deki ba\u015fkald\u0131r\u0131y\u0131 g\u00f6ren erkekler, onu elde etmeyi hayata bir meydan okuma gibi g\u00f6rd\u00fcler ve ba\u015far\u0131s\u0131z oldular. Oysa onunla kalmak, onun sevgisini ve takdirini kazanabilmek i\u00e7in yapabilecekleri tek bir \u015fey vard\u0131\u2026 <\/p>\n","protected":false},"excerpt":{"rendered":"<p>\u201cHayatta her \u015feyin bir bedeli var, en fazla da mutlulu\u011fun&#8230;\u201d \u2013 Lou Salom\u00e9 Rus as\u0131ll\u0131 bir psikanalist ve yazar. Teoloji, felsefe ve sanat \u00fczerine e\u011fitim alm\u0131\u015f<span class=\"excerpt-hellip\"> [\u2026]<\/span><\/p>\n","protected":false},"featured_media":0,"template":"","meta":{"_monsterinsights_skip_tracking":false,"_monsterinsights_sitenote_active":false,"_monsterinsights_sitenote_note":"","_monsterinsights_sitenote_category":0},"product_brand":[],"product_cat":[14009,12291],"product_tag":[],"class_list":{"0":"post-732149","1":"product","2":"type-product","3":"status-publish","5":"product_cat-biyografi-otobiyografi-edebiyat","6":"product_cat-edebiyat","7":"pa_cilt-ciltsiz","8":"pa_tur-kitap","9":"pa_yayinevi-destek-yayinlari","10":"pa_yazar-selda-terek","12":"first","13":"instock","14":"sale","15":"shipping-taxable","16":"purchasable","17":"product-type-simple"},"_links":{"self":[{"href":"https:\/\/roveyayinevi.com.tr\/index.php\/wp-json\/wp\/v2\/product\/732149","targetHints":{"allow":["GET"]}}],"collection":[{"href":"https:\/\/roveyayinevi.com.tr\/index.php\/wp-json\/wp\/v2\/product"}],"about":[{"href":"https:\/\/roveyayinevi.com.tr\/index.php\/wp-json\/wp\/v2\/types\/product"}],"wp:attachment":[{"href":"https:\/\/roveyayinevi.com.tr\/index.php\/wp-json\/wp\/v2\/media?parent=732149"}],"wp:term":[{"taxonomy":"product_brand","embeddable":true,"href":"https:\/\/roveyayinevi.com.tr\/index.php\/wp-json\/wp\/v2\/product_brand?post=732149"},{"taxonomy":"product_cat","embeddable":true,"href":"https:\/\/roveyayinevi.com.tr\/index.php\/wp-json\/wp\/v2\/product_cat?post=732149"},{"taxonomy":"product_tag","embeddable":true,"href":"https:\/\/roveyayinevi.com.tr\/index.php\/wp-json\/wp\/v2\/product_tag?post=732149"}],"curies":[{"name":"wp","href":"https:\/\/api.w.org\/{rel}","templated":true}]}}