{"id":732147,"date":"2025-08-27T21:44:54","date_gmt":"2025-08-27T18:44:54","guid":{"rendered":"https:\/\/roveyayinevi.com.tr\/index.php\/urun\/kanatsiz-ari-mu-4-dev-multeci\/"},"modified":"2026-04-16T02:39:56","modified_gmt":"2026-04-15T23:39:56","slug":"kanatsiz-ari-mu-4-dev-multeci","status":"publish","type":"product","link":"https:\/\/roveyayinevi.com.tr\/index.php\/urun\/kanatsiz-ari-mu-4-dev-multeci\/","title":{"rendered":"Kanats\u0131z Ar\u0131 Mu -4  Dev M\u00fclteci"},"content":{"rendered":"<p>Sevilen yazar Ahmet \u015eerif \u0130zg\u00f6ren, baldan tatl\u0131 Mu\u2019nun maceralar\u0131na bir yenisini ekliyor. Aram\u0131za kat\u0131lan gizemli karakterimizle m\u00fclteci olmak ve do\u011fa \u00fczerine d\u00fc\u015f\u00fcncelere dal\u0131yoruz. Maceran\u0131n, heyecan\u0131n dozu da iyice art\u0131yor. Bakal\u0131m bu kez kovanda neler ya\u015fanacak? Uzaklara u\u00e7ar\u0131zzzz, bak\u0131n \u00e7ok heyecanl\u0131y\u0131zzzz\u2026 Kaz Da\u011flar\u0131\u2019ndan gelen dostluk esintisi\u2026O g\u00fcn n\u00f6bet\u00e7i ar\u0131 \u00e7ok tela\u015fl\u0131yd\u0131 \u00e7\u00fcnk\u00fc haberler k\u00f6t\u00fcyd\u00fc. Dev bir d\u00fc\u015fman, kovana do\u011fru yakla\u015f\u0131yordu. Bizim Kara Vezir Kargo durur mu, korkun\u00e7 f\u0131rt\u0131naya ra\u011fmen devin pe\u015fine d\u00fc\u015ft\u00fc. Krali\u00e7e, Mu ve t\u00fcm ar\u0131lar da merak i\u00e7inde onu beklemeye koyuldular. Derken \u00f6yle bir \u015fey oldu ki\u2026<\/p>\n","protected":false},"excerpt":{"rendered":"<p>Sevilen yazar Ahmet \u015eerif \u0130zg\u00f6ren, baldan tatl\u0131 Mu\u2019nun maceralar\u0131na bir yenisini ekliyor. Aram\u0131za kat\u0131lan gizemli karakterimizle m\u00fclteci olmak ve do\u011fa \u00fczerine d\u00fc\u015f\u00fcncelere dal\u0131yoruz. Maceran\u0131n, heyecan\u0131n dozu<span class=\"excerpt-hellip\"> [\u2026]<\/span><\/p>\n","protected":false},"featured_media":0,"template":"","meta":{"_monsterinsights_skip_tracking":false,"_monsterinsights_sitenote_active":false,"_monsterinsights_sitenote_note":"","_monsterinsights_sitenote_category":0},"product_brand":[],"product_cat":[12913,12274],"product_tag":[],"class_list":{"0":"post-732147","1":"product","2":"type-product","3":"status-publish","5":"product_cat-3-6-yas-kitaplari","6":"product_cat-cocuk-ve-genclik-kitaplari","7":"pa_cilt-ciltsiz","8":"pa_tur-kitap","9":"pa_yayinevi-elma-cocuk","10":"pa_yazar-ahmet-serif-izgoren","12":"first","13":"instock","14":"sale","15":"shipping-taxable","16":"purchasable","17":"product-type-simple"},"_links":{"self":[{"href":"https:\/\/roveyayinevi.com.tr\/index.php\/wp-json\/wp\/v2\/product\/732147","targetHints":{"allow":["GET"]}}],"collection":[{"href":"https:\/\/roveyayinevi.com.tr\/index.php\/wp-json\/wp\/v2\/product"}],"about":[{"href":"https:\/\/roveyayinevi.com.tr\/index.php\/wp-json\/wp\/v2\/types\/product"}],"wp:attachment":[{"href":"https:\/\/roveyayinevi.com.tr\/index.php\/wp-json\/wp\/v2\/media?parent=732147"}],"wp:term":[{"taxonomy":"product_brand","embeddable":true,"href":"https:\/\/roveyayinevi.com.tr\/index.php\/wp-json\/wp\/v2\/product_brand?post=732147"},{"taxonomy":"product_cat","embeddable":true,"href":"https:\/\/roveyayinevi.com.tr\/index.php\/wp-json\/wp\/v2\/product_cat?post=732147"},{"taxonomy":"product_tag","embeddable":true,"href":"https:\/\/roveyayinevi.com.tr\/index.php\/wp-json\/wp\/v2\/product_tag?post=732147"}],"curies":[{"name":"wp","href":"https:\/\/api.w.org\/{rel}","templated":true}]}}