{"id":732144,"date":"2025-08-27T21:44:51","date_gmt":"2025-08-27T18:44:51","guid":{"rendered":"https:\/\/roveyayinevi.com.tr\/index.php\/urun\/kopek-kalbi-bez-ciltli\/"},"modified":"2026-04-16T02:39:56","modified_gmt":"2026-04-15T23:39:56","slug":"kopek-kalbi-bez-ciltli","status":"publish","type":"product","link":"https:\/\/roveyayinevi.com.tr\/index.php\/urun\/kopek-kalbi-bez-ciltli\/","title":{"rendered":"K\u00f6pek Kalbi (Bez Ciltli)"},"content":{"rendered":"<p>Tipik bir burjuva ya\u015fant\u0131s\u0131na sahip ve laboratuvar\u0131nda ger\u00e7ekle\u015ftirdi\u011fi gen\u00e7le\u015ftirme deneyleriyle tan\u0131nan Profes\u00f6r Filipovi\u00e7 restoran \u00e7\u0131k\u0131\u015f\u0131nda sokakta rastlad\u0131\u011f\u0131 sahipsiz, a\u00e7 bir k\u00f6pe\u011fi evine g\u00f6t\u00fcr\u00fcr. Yaralar\u0131n\u0131 tedavi eder, onu besler, ona s\u0131cak bir yuva sunar; zavall\u0131n\u0131n \u00e7ekti\u011fi \u00e7ileler art\u0131k son bulmu\u015f gibidir. Ta ki g\u00f6z\u00fcnde ilaha d\u00f6n\u00fc\u015fen bu profes\u00f6r onu ameliyat edip hipofiz ve er bezlerini bir su\u00e7lununkiyle de\u011fi\u015ftirene kadar. Ya\u015famas\u0131 \u00e2deta bir mucize olan \u015earik\u2019in insana d\u00f6n\u00fc\u015fme s\u00fcreci de b\u00f6ylece ba\u015flam\u0131\u015f olur. D\u00f6rt ayaktan iki aya\u011fa terfi eden, serseri davran\u0131\u015flar\u0131yla \u00e7evresinde ter\u00f6r estiren ve profes\u00f6r\u00fcn elinde rejime kar\u015f\u0131 bir koz olmaktan \u00e7\u0131k\u0131p potansiyel bir tehdit h\u00e2line gelen \u015earik\u2019in k\u00f6pek kalbi b\u00fcy\u00fck de\u011fi\u015fime ne kadar uyum sa\u011flayabilecektir?Bulgakov\u2019un 1925\u2019te kaleme ald\u0131\u011f\u0131 bu kitap ancak \u00f6l\u00fcm\u00fcnden y\u0131llar sonra 1987\u2019de yay\u0131mlanabilmi\u015ftir. Yeni Sovyet b\u00fcrokrasisi i\u00e7inde debelenen bir fig\u00fcr \u00fczerinden rejimi mizahi bir dille ele\u015ftiren bu eseri Mehmet Y\u0131lmaz\u2019\u0131n \u00f6zenli \u00e7evirisiyle sunuyoruz.<\/p>\n","protected":false},"excerpt":{"rendered":"<p>Tipik bir burjuva ya\u015fant\u0131s\u0131na sahip ve laboratuvar\u0131nda ger\u00e7ekle\u015ftirdi\u011fi gen\u00e7le\u015ftirme deneyleriyle tan\u0131nan Profes\u00f6r Filipovi\u00e7 restoran \u00e7\u0131k\u0131\u015f\u0131nda sokakta rastlad\u0131\u011f\u0131 sahipsiz, a\u00e7 bir k\u00f6pe\u011fi evine g\u00f6t\u00fcr\u00fcr. Yaralar\u0131n\u0131 tedavi eder,<span class=\"excerpt-hellip\"> [\u2026]<\/span><\/p>\n","protected":false},"featured_media":0,"template":"","meta":{"_monsterinsights_skip_tracking":false,"_monsterinsights_sitenote_active":false,"_monsterinsights_sitenote_note":"","_monsterinsights_sitenote_category":0},"product_brand":[],"product_cat":[12291,13570],"product_tag":[],"class_list":{"0":"post-732144","1":"product","2":"type-product","3":"status-publish","5":"product_cat-edebiyat","6":"product_cat-rus-edebiyati","7":"pa_cilt-ciltli","8":"pa_tur-kitap","9":"pa_yayinevi-koridor-yayincilik","10":"pa_yazar-mihail-afanasyevic-bulgakov","12":"first","13":"instock","14":"sale","15":"shipping-taxable","16":"purchasable","17":"product-type-simple"},"_links":{"self":[{"href":"https:\/\/roveyayinevi.com.tr\/index.php\/wp-json\/wp\/v2\/product\/732144","targetHints":{"allow":["GET"]}}],"collection":[{"href":"https:\/\/roveyayinevi.com.tr\/index.php\/wp-json\/wp\/v2\/product"}],"about":[{"href":"https:\/\/roveyayinevi.com.tr\/index.php\/wp-json\/wp\/v2\/types\/product"}],"wp:attachment":[{"href":"https:\/\/roveyayinevi.com.tr\/index.php\/wp-json\/wp\/v2\/media?parent=732144"}],"wp:term":[{"taxonomy":"product_brand","embeddable":true,"href":"https:\/\/roveyayinevi.com.tr\/index.php\/wp-json\/wp\/v2\/product_brand?post=732144"},{"taxonomy":"product_cat","embeddable":true,"href":"https:\/\/roveyayinevi.com.tr\/index.php\/wp-json\/wp\/v2\/product_cat?post=732144"},{"taxonomy":"product_tag","embeddable":true,"href":"https:\/\/roveyayinevi.com.tr\/index.php\/wp-json\/wp\/v2\/product_tag?post=732144"}],"curies":[{"name":"wp","href":"https:\/\/api.w.org\/{rel}","templated":true}]}}