{"id":732142,"date":"2025-08-27T21:44:49","date_gmt":"2025-08-27T18:44:49","guid":{"rendered":"https:\/\/roveyayinevi.com.tr\/index.php\/urun\/bedenin-tarihi-3-ciltli\/"},"modified":"2026-04-16T02:39:56","modified_gmt":"2026-04-15T23:39:56","slug":"bedenin-tarihi-3-ciltli","status":"publish","type":"product","link":"https:\/\/roveyayinevi.com.tr\/index.php\/urun\/bedenin-tarihi-3-ciltli\/","title":{"rendered":"Bedenin Tarihi 3 (Ciltli)"},"content":{"rendered":"<p>Bedenin Tarihi serisinin \u00fc\u00e7\u00fcnc\u00fc cildi maddi bedeni, yani etten ve kemikten ibaret organik bedeni, toplumsal pratiklerin bir etkeni ve arac\u0131 olan bedeni, \u00f6znel bedeni, k\u0131sacas\u0131 bilin\u00e7li formlar\u0131n ve bilin\u00e7siz itkilerin maddi zarf\u0131 olan \u201cderi-beni\u201d konu al\u0131yor. Birey ve a\u011fr\u0131lar\u0131n\u0131, toplumsal bedenin g\u00f6r\u00fcnt\u00fcs\u00fcn\u00fc, \u00f6zg\u00fcrle\u015fen beden ve cinsiyetleri inceliyor. Serinin bu kitab\u0131nda her biri alan\u0131nda uzman tarih\u00e7iler 20. y\u00fczy\u0131l\u0131n getirdi\u011fi bak\u0131\u015ftaki de\u011fi\u015fimleri mercek alt\u0131na yat\u0131r\u0131yor. \u201cBedenim h\u00e2l\u00e2 benim bedenim mi?\u201d Bedenin tarihi hen\u00fcz yeni ba\u015fl\u0131yor.<\/p>\n","protected":false},"excerpt":{"rendered":"<p>Bedenin Tarihi serisinin \u00fc\u00e7\u00fcnc\u00fc cildi maddi bedeni, yani etten ve kemikten ibaret organik bedeni, toplumsal pratiklerin bir etkeni ve arac\u0131 olan bedeni, \u00f6znel bedeni, k\u0131sacas\u0131 bilin\u00e7li<span class=\"excerpt-hellip\"> [\u2026]<\/span><\/p>\n","protected":false},"featured_media":0,"template":"","meta":{"_monsterinsights_skip_tracking":false,"_monsterinsights_sitenote_active":false,"_monsterinsights_sitenote_note":"","_monsterinsights_sitenote_category":0},"product_brand":[],"product_cat":[12370,12304],"product_tag":[],"class_list":{"0":"post-732142","1":"product","2":"type-product","3":"status-publish","5":"product_cat-arastirma-inceleme","6":"product_cat-tarih","7":"pa_cilt-ciltli","8":"pa_tur-kitap","9":"pa_yayinevi-alfa-yayinlari","10":"pa_yazar-alfa-yayinlari-kolektif","12":"first","13":"instock","14":"sale","15":"shipping-taxable","16":"purchasable","17":"product-type-simple"},"_links":{"self":[{"href":"https:\/\/roveyayinevi.com.tr\/index.php\/wp-json\/wp\/v2\/product\/732142","targetHints":{"allow":["GET"]}}],"collection":[{"href":"https:\/\/roveyayinevi.com.tr\/index.php\/wp-json\/wp\/v2\/product"}],"about":[{"href":"https:\/\/roveyayinevi.com.tr\/index.php\/wp-json\/wp\/v2\/types\/product"}],"wp:attachment":[{"href":"https:\/\/roveyayinevi.com.tr\/index.php\/wp-json\/wp\/v2\/media?parent=732142"}],"wp:term":[{"taxonomy":"product_brand","embeddable":true,"href":"https:\/\/roveyayinevi.com.tr\/index.php\/wp-json\/wp\/v2\/product_brand?post=732142"},{"taxonomy":"product_cat","embeddable":true,"href":"https:\/\/roveyayinevi.com.tr\/index.php\/wp-json\/wp\/v2\/product_cat?post=732142"},{"taxonomy":"product_tag","embeddable":true,"href":"https:\/\/roveyayinevi.com.tr\/index.php\/wp-json\/wp\/v2\/product_tag?post=732142"}],"curies":[{"name":"wp","href":"https:\/\/api.w.org\/{rel}","templated":true}]}}