{"id":732140,"date":"2025-08-27T21:44:46","date_gmt":"2025-08-27T18:44:46","guid":{"rendered":"https:\/\/roveyayinevi.com.tr\/index.php\/urun\/sen-bi-cay-koy-laflayalim\/"},"modified":"2026-04-16T02:39:56","modified_gmt":"2026-04-15T23:39:56","slug":"sen-bi-cay-koy-laflayalim","status":"publish","type":"product","link":"https:\/\/roveyayinevi.com.tr\/index.php\/urun\/sen-bi-cay-koy-laflayalim\/","title":{"rendered":"Sen Bi \u00c7ay Koy Laflayal\u0131m"},"content":{"rendered":"<p>Sana, bu \u00e7ay sohbetinde yol arkada\u015fl\u0131\u011f\u0131 edebilirim diye d\u00fc\u015f\u00fcn\u00fcyorum. Paragraflar aras\u0131nda k\u00fc\u00e7\u00fck molalar da veririz \u015fimdiki zamana dair, kim bilir? Hani o sa\u011fa sola savrularak y\u00fcr\u00fcd\u00fc\u011f\u00fcm\u00fcz yollar, hani o ya\u015fanm\u0131\u015fl\u0131klar\u0131n k\u00f6\u015fe ba\u015flar\u0131, hani o \u2018U\u2019 d\u00f6n\u00fc\u015fleri, hani o duraksamalar, hani o h\u0131z\u0131n\u0131 alamay\u0131p da duvarlara toslamalar\u2026 Hepsini, her \u015feyi konu\u015furuz. Belki, bu sat\u0131rlar ile bir s\u00fcreli\u011fine de olsa yarenlik edebilirim sana. Haydi arkada\u015f\u0131m! Haydi tan\u0131d\u0131\u011f\u0131m! Ho\u015f geldin hi\u00e7 tan\u0131\u015f\u0131p da selamla\u015fmad\u0131\u011f\u0131m insan! Sefa getirdin bu sohbete Uzak veya yak\u0131n, ne fark eder. Sen bi \u00e7ay koy, laflayal\u0131m. \u0130yi gelecek ikimize de\u2026 Selam ile\u2026Cem Ayaz Ya\u015fam\u0131 boyunca hayat\u0131, insan\u0131, olaylar\u0131 anlamland\u0131rmaya ve \u00fczerine d\u00fc\u015f\u00fcnmeye \u00e7al\u0131\u015fm\u0131\u015ft\u0131r. Felsefe ile i\u00e7 i\u00e7e olan bak\u0131\u015f a\u00e7\u0131s\u0131yla da bu \u00e7abalar\u0131n\u0131, yaz\u0131ya ve \u015fiire d\u00f6km\u00fc\u015ft\u00fcr. \u0130nsanl\u0131k ve do\u011fa i\u00e7in akl\u0131n ve bilimin rehberli\u011fini ilke edinmi\u015ftir. Ayr\u0131ca onun i\u00e7in beyaz k\u00e2\u011f\u0131tlar \u00fczerinde d\u00fc\u015f\u00fcncelerini ifade etmek, bir ya\u015fam bi\u00e7imidir. \u00c7\u00fcnk\u00fc hayat\u0131, sevinci, tasay\u0131, umudu, umutsuzlu\u011fu, sevgiyi, nefreti, kavgay\u0131, bar\u0131\u015f\u0131\u2026 Yani \u201cinsan\u201d\u0131 yazar. An gelir g\u00f6\u011fs\u00fc kabar\u0131r, g\u00f6zleri ya\u015far\u0131r, vatan ve Mustafa Kemal\u2019i yazar. Mustafa Kemal Atat\u00fcrk\u2019\u00fcn T\u00fcrkiyesi onun sevdas\u0131d\u0131r ve onun b\u00fcy\u00fck \u00fclk\u00fcs\u00fc i\u00e7in yazar. \u0130lk eseri \u2018\u2019Vatan Kaderine Terk Edilemez\u2019\u2019 ile yak\u0131n siyasi tarihimize notlar d\u00fc\u015fm\u00fc\u015ft\u00fcr. \u0130kinci eseri \u2018\u2019Saat 9\u2019u 6 Ge\u00e7e, O Ac\u0131n\u0131n \u0130zleri\u2019\u2019 ile de o b\u00fcy\u00fck kayb\u0131m\u0131z, Atat\u00fcrk\u2019\u00fcm\u00fcz\u00fcn aram\u0131zdan ayr\u0131l\u0131\u015f\u0131n\u0131n hazin \u00f6yk\u00fcs\u00fcn\u00fc sayfalara d\u00f6km\u00fc\u015ft\u00fcr. \u00dc\u00e7\u00fcnc\u00fc eseri, T\u00fcrk \u015fiirine yeni bir nefes diye tan\u0131mlad\u0131\u011f\u0131 \u2018\u2019\u015eiirin Kitab\u0131\u2019\u2019d\u0131r. Okuyucuya o eserinde \u2018\u2019D\u00fcnyay\u0131 \u015fiir ile kucaklamaya var m\u0131s\u0131n\u0131z?\u2019\u2019 diye sormu\u015ftur. D\u00f6rd\u00fcnc\u00fc eseri olan \u2018\u2019Sen Bi \u00c7ay Koy Laflayal\u0131m\u2019\u2019 adl\u0131 bu \u00e7al\u0131\u015fmas\u0131 ise dinlence, d\u00fc\u015f\u00fcnce ve sohbet k\u0131vam\u0131ndad\u0131r. Bu kitap sohbetini sizlerle pay eden Yazar Cem Ayaz bu eserinde, hayat\u0131n i\u00e7indeki ya\u015fam \u00f6yk\u00fclerinden edindi\u011fi izlenimlerini k\u00e2\u011f\u0131da ve kaleme d\u00f6km\u00fc\u015ft\u00fcr. \u0130zmirlidir ve Nilsu isminde bir k\u0131z evlat babas\u0131d\u0131r.<\/p>\n","protected":false},"excerpt":{"rendered":"<p>Sana, bu \u00e7ay sohbetinde yol arkada\u015fl\u0131\u011f\u0131 edebilirim diye d\u00fc\u015f\u00fcn\u00fcyorum. Paragraflar aras\u0131nda k\u00fc\u00e7\u00fck molalar da veririz \u015fimdiki zamana dair, kim bilir? Hani o sa\u011fa sola savrularak y\u00fcr\u00fcd\u00fc\u011f\u00fcm\u00fcz<span class=\"excerpt-hellip\"> [\u2026]<\/span><\/p>\n","protected":false},"featured_media":0,"template":"","meta":{"_monsterinsights_skip_tracking":false,"_monsterinsights_sitenote_active":false,"_monsterinsights_sitenote_note":"","_monsterinsights_sitenote_category":0},"product_brand":[],"product_cat":[18545,12291],"product_tag":[],"class_list":{"0":"post-732140","1":"product","2":"type-product","3":"status-publish","5":"product_cat-anlati","6":"product_cat-edebiyat","7":"pa_cilt-ciltsiz","8":"pa_tur-kitap","9":"pa_yayinevi-sayfa6-yayinlari","10":"pa_yazar-cem-ayaz","12":"first","13":"instock","14":"sale","15":"shipping-taxable","16":"purchasable","17":"product-type-simple"},"_links":{"self":[{"href":"https:\/\/roveyayinevi.com.tr\/index.php\/wp-json\/wp\/v2\/product\/732140","targetHints":{"allow":["GET"]}}],"collection":[{"href":"https:\/\/roveyayinevi.com.tr\/index.php\/wp-json\/wp\/v2\/product"}],"about":[{"href":"https:\/\/roveyayinevi.com.tr\/index.php\/wp-json\/wp\/v2\/types\/product"}],"wp:attachment":[{"href":"https:\/\/roveyayinevi.com.tr\/index.php\/wp-json\/wp\/v2\/media?parent=732140"}],"wp:term":[{"taxonomy":"product_brand","embeddable":true,"href":"https:\/\/roveyayinevi.com.tr\/index.php\/wp-json\/wp\/v2\/product_brand?post=732140"},{"taxonomy":"product_cat","embeddable":true,"href":"https:\/\/roveyayinevi.com.tr\/index.php\/wp-json\/wp\/v2\/product_cat?post=732140"},{"taxonomy":"product_tag","embeddable":true,"href":"https:\/\/roveyayinevi.com.tr\/index.php\/wp-json\/wp\/v2\/product_tag?post=732140"}],"curies":[{"name":"wp","href":"https:\/\/api.w.org\/{rel}","templated":true}]}}