{"id":732138,"date":"2025-08-27T21:44:44","date_gmt":"2025-08-27T18:44:44","guid":{"rendered":"https:\/\/roveyayinevi.com.tr\/index.php\/urun\/don-kisot-bez-ciltli\/"},"modified":"2026-04-11T13:59:28","modified_gmt":"2026-04-11T10:59:28","slug":"don-kisot-bez-ciltli","status":"publish","type":"product","link":"https:\/\/roveyayinevi.com.tr\/index.php\/urun\/don-kisot-bez-ciltli\/","title":{"rendered":"Don Ki\u015fot (Bez Ciltli)"},"content":{"rendered":"<p>As\u0131l ad\u0131 Alonso Quijano olan La Manchal\u0131 \u0130spanyol asilzade Don Ki\u015fot saf ve hayalperest bir ki\u015fili\u011fe sahiptir ve en b\u00fcy\u00fck zevki kadim romantik \u00e7a\u011flar\u0131n gezgin \u015f\u00f6valye hik\u00e2yelerini okumakt\u0131r. Ancak okuduklar\u0131ndan o kadar etkilenir ki sonunda akl\u0131n\u0131 ka\u00e7\u0131r\u0131r ve art\u0131k son demlerini ya\u015famakta olan \u015f\u00f6valyelik kurumunu yeniden aya\u011fa kald\u0131rmak gerekti\u011fine inanmaya ba\u015flar. Bu y\u00fczden, evinin mahzeninde \u00e7\u00fcr\u00fcmekte olan, atalar\u0131ndan yadig\u00e2r pasl\u0131 m\u0131zra\u011f\u0131, k\u0131l\u0131c\u0131 ve kalkan\u0131 al\u0131p z\u0131rh\u0131n\u0131 ku\u015fan\u0131r, ona k\u00fcheylan gibi g\u00f6r\u00fcnen c\u0131l\u0131z at\u0131na biner ve t\u00fcrl\u00fc vaatlerle ikna etti\u011fi gariban kom\u015fusu San\u00e7o\u2019yu da yan\u0131na alarak yollara d\u00fc\u015fer.Edebiyat tarihinde roman t\u00fcr\u00fcn\u00fcn ilk \u00f6rne\u011fi kabul edilen ve \u0130spanyol edebiyat\u0131n\u0131n ba\u015fyap\u0131t\u0131 olan Don Ki\u015fot, o g\u00fcnlerde \u00e7ok reva\u00e7ta olan \u015f\u00f6valye romanlar\u0131na bir yergi olarak kaleme al\u0131nm\u0131\u015ft\u0131r. Hayal g\u00fcc\u00fcne gem vurabilmenin ve d\u00fcnyaya meydan okuman\u0131n bir simgesi say\u0131lan bu eserin \u00f6z\u00fcne ve olay \u00f6rg\u00fcs\u00fcne tamamen sad\u0131k kalarak asl\u0131na \u00e7ok yak\u0131n bi\u00e7imde sadele\u015ftirilmi\u015f h\u00e2lini S\u00fcleyman Do\u011fru\u2019nun \u00f6zenli \u00e7evirisiyle sunuyoruz.<\/p>\n","protected":false},"excerpt":{"rendered":"<p>As\u0131l ad\u0131 Alonso Quijano olan La Manchal\u0131 \u0130spanyol asilzade Don Ki\u015fot saf ve hayalperest bir ki\u015fili\u011fe sahiptir ve en b\u00fcy\u00fck zevki kadim romantik \u00e7a\u011flar\u0131n gezgin \u015f\u00f6valye<span class=\"excerpt-hellip\"> [\u2026]<\/span><\/p>\n","protected":false},"featured_media":0,"template":"","meta":{"_monsterinsights_skip_tracking":false,"_monsterinsights_sitenote_active":false,"_monsterinsights_sitenote_note":"","_monsterinsights_sitenote_category":0},"product_brand":[],"product_cat":[12291,12711],"product_tag":[],"class_list":{"0":"post-732138","1":"product","2":"type-product","3":"status-publish","5":"product_cat-edebiyat","6":"product_cat-roman-oyku","7":"pa_cilt-ciltli","8":"pa_tur-kitap","9":"pa_yayinevi-koridor-yayincilik","10":"pa_yazar-miguel-de-cervantes","12":"first","13":"instock","14":"sale","15":"shipping-taxable","16":"purchasable","17":"product-type-simple"},"_links":{"self":[{"href":"https:\/\/roveyayinevi.com.tr\/index.php\/wp-json\/wp\/v2\/product\/732138","targetHints":{"allow":["GET"]}}],"collection":[{"href":"https:\/\/roveyayinevi.com.tr\/index.php\/wp-json\/wp\/v2\/product"}],"about":[{"href":"https:\/\/roveyayinevi.com.tr\/index.php\/wp-json\/wp\/v2\/types\/product"}],"wp:attachment":[{"href":"https:\/\/roveyayinevi.com.tr\/index.php\/wp-json\/wp\/v2\/media?parent=732138"}],"wp:term":[{"taxonomy":"product_brand","embeddable":true,"href":"https:\/\/roveyayinevi.com.tr\/index.php\/wp-json\/wp\/v2\/product_brand?post=732138"},{"taxonomy":"product_cat","embeddable":true,"href":"https:\/\/roveyayinevi.com.tr\/index.php\/wp-json\/wp\/v2\/product_cat?post=732138"},{"taxonomy":"product_tag","embeddable":true,"href":"https:\/\/roveyayinevi.com.tr\/index.php\/wp-json\/wp\/v2\/product_tag?post=732138"}],"curies":[{"name":"wp","href":"https:\/\/api.w.org\/{rel}","templated":true}]}}