{"id":732136,"date":"2025-08-27T21:44:41","date_gmt":"2025-08-27T18:44:41","guid":{"rendered":"https:\/\/roveyayinevi.com.tr\/index.php\/urun\/askeri-atase-kazakistan-anilari\/"},"modified":"2026-04-16T02:39:56","modified_gmt":"2026-04-15T23:39:56","slug":"askeri-atase-kazakistan-anilari","status":"publish","type":"product","link":"https:\/\/roveyayinevi.com.tr\/index.php\/urun\/askeri-atase-kazakistan-anilari\/","title":{"rendered":"Askeri Ata\u015fe (Kazakistan An\u0131lar\u0131)"},"content":{"rendered":"<p>E. Hava Kurmay Albay \u0130hsan Sefa, kendi an\u0131lar\u0131ndan yola \u00e7\u0131karak T\u00fcrkiye&#8217;nin d\u0131\u015f temsilciliklerinde Askeri Ata\u015fe olarak g\u00f6rev yapan subaylar\u0131m\u0131z\u0131n ya\u015fam ve \u00e7al\u0131\u015fma ko\u015fullar\u0131n\u0131 anlat\u0131yor. 2000-2002 y\u0131llar\u0131 aras\u0131nda Kazakistan&#8217;\u0131n eski ba\u015fkenti Almat\u0131&#8217;daki b\u00fcy\u00fckel\u00e7ili\u011fimizde T\u00fcrk Silahl\u0131 Kuvvetleri&#8217;ni temsil eden Sefa, iki \u00fclke ili\u015fkilerinin geli\u015ftirilip sa\u011flamla\u015ft\u0131r\u0131lmas\u0131 i\u00e7in g\u00f6sterdi\u011fi \u00e7aban\u0131n ve g\u00fcnl\u00fck rutin i\u015flerin yan\u0131 s\u0131ra ki\u015fisel an\u0131lar\u0131ndan, Kazakistan ger\u00e7eklerinden, \u00e7evre \u00fclkelere yapt\u0131\u011f\u0131 gezilerden, aile \u00fcyelerinin ve yak\u0131n \u00e7evresinin ya\u015famlar\u0131ndan da kesitler aktar\u0131yor.Askeri Ata\u015fe \/ Kazakistan An\u0131lan, g\u00f6rev sorumlulu\u011funun bilincinde olan bir T\u00fcrk subay\u0131n\u0131n kaleminden \u00e7\u0131kan, samimi anlat\u0131m\u0131yla dikkat \u00e7eken, okura &#8220;Bir Askeri Ata\u015fe, ne yapar, nas\u0131l \u00e7al\u0131\u015f\u0131r, nas\u0131l yapar?&#8221; sorusunun yan\u0131tlar\u0131n\u0131 ayr\u0131nt\u0131lar\u0131yla veren bir kitap.&#8221;Askeri ata\u015feler Genelkurmay \u0130stihbarat Ba\u015fkanl\u0131\u011f\u0131&#8217;na ba\u011fl\u0131 g\u00f6rev yaparlar. Asli g\u00f6revi, bulundu\u011fu \u00fclke ile kendi \u00fclkesinin silahl\u0131 kuvvetleri aras\u0131nda askeri alanda i\u015fbirli\u011fi ve bu \u00e7er\u00e7evede askeri heyetlerin geli\u015f gidi\u015flerini planlamak, koordine etmek ve a\u00e7\u0131k bilgi kaynaklar\u0131nda kendi \u00fclkesini ilgilendiren konularda bilgi toplay\u0131p rapor etmektir.&#8221; (\u0130hsan Sefa)<\/p>\n","protected":false},"excerpt":{"rendered":"<p>E. Hava Kurmay Albay \u0130hsan Sefa, kendi an\u0131lar\u0131ndan yola \u00e7\u0131karak T\u00fcrkiye&#8217;nin d\u0131\u015f temsilciliklerinde Askeri Ata\u015fe olarak g\u00f6rev yapan subaylar\u0131m\u0131z\u0131n ya\u015fam ve \u00e7al\u0131\u015fma ko\u015fullar\u0131n\u0131 anlat\u0131yor. 2000-2002 y\u0131llar\u0131<span class=\"excerpt-hellip\"> [\u2026]<\/span><\/p>\n","protected":false},"featured_media":0,"template":"","meta":{"_monsterinsights_skip_tracking":false,"_monsterinsights_sitenote_active":false,"_monsterinsights_sitenote_note":"","_monsterinsights_sitenote_category":0},"product_brand":[],"product_cat":[13701,12291],"product_tag":[],"class_list":{"0":"post-732136","1":"product","2":"type-product","3":"status-publish","5":"product_cat-ani-mektup-gunluk","6":"product_cat-edebiyat","7":"pa_cilt-ciltsiz","8":"pa_tur-kitap","9":"pa_yayinevi-kaynak-yayinlari","10":"pa_yazar-ihsan-sefa","12":"first","13":"instock","14":"sale","15":"shipping-taxable","16":"purchasable","17":"product-type-simple"},"_links":{"self":[{"href":"https:\/\/roveyayinevi.com.tr\/index.php\/wp-json\/wp\/v2\/product\/732136","targetHints":{"allow":["GET"]}}],"collection":[{"href":"https:\/\/roveyayinevi.com.tr\/index.php\/wp-json\/wp\/v2\/product"}],"about":[{"href":"https:\/\/roveyayinevi.com.tr\/index.php\/wp-json\/wp\/v2\/types\/product"}],"wp:attachment":[{"href":"https:\/\/roveyayinevi.com.tr\/index.php\/wp-json\/wp\/v2\/media?parent=732136"}],"wp:term":[{"taxonomy":"product_brand","embeddable":true,"href":"https:\/\/roveyayinevi.com.tr\/index.php\/wp-json\/wp\/v2\/product_brand?post=732136"},{"taxonomy":"product_cat","embeddable":true,"href":"https:\/\/roveyayinevi.com.tr\/index.php\/wp-json\/wp\/v2\/product_cat?post=732136"},{"taxonomy":"product_tag","embeddable":true,"href":"https:\/\/roveyayinevi.com.tr\/index.php\/wp-json\/wp\/v2\/product_tag?post=732136"}],"curies":[{"name":"wp","href":"https:\/\/api.w.org\/{rel}","templated":true}]}}