{"id":732135,"date":"2025-08-27T21:44:40","date_gmt":"2025-08-27T18:44:40","guid":{"rendered":"https:\/\/roveyayinevi.com.tr\/index.php\/urun\/guney-afrika-muharebesi\/"},"modified":"2026-04-16T02:39:56","modified_gmt":"2026-04-15T23:39:56","slug":"guney-afrika-muharebesi","status":"publish","type":"product","link":"https:\/\/roveyayinevi.com.tr\/index.php\/urun\/guney-afrika-muharebesi\/","title":{"rendered":"G\u00fcney Afrika Muharebesi"},"content":{"rendered":"<p>G\u00fcney Afrika Muharebesi, \u0130ngilizler ile &#8220;Afrikaner&#8221; denilen Hollanda k\u00f6kenli iki milletin alt\u0131n ve elmas yataklar\u0131yla me\u015fhur Transvaal b\u00f6lgesinde s\u00f6m\u00fcrge m\u00fccadelesine girdi\u011fi ve Bat\u0131 d\u00fcnyas\u0131nda Anglo-Boer War ad\u0131yla bilinen, 1899-1902 y\u0131llar\u0131 aras\u0131nda G\u00fcney Afrika&#8217;da kanl\u0131 \u00e7arp\u0131\u015fmalar\u0131n ya\u015fand\u0131\u011f\u0131 bir muharebedir.Osmanl\u0131&#8217;n\u0131n son d\u00f6nem devlet adamlar\u0131ndan Sadrazam Gazi Ahmet Muhtar Pa\u015fa&#8217;n\u0131n o\u011flu, 1910 y\u0131l\u0131nda Bahriye Naz\u0131r\u0131 olan Mahmud Muhtar Pa\u015fa, bu sava\u015f\u0131 \u00e7e\u015fitli belgelere dayanarak de\u011ferlendiriyor ve \u0130ngiliz emperyalizminin Afrika&#8217;y\u0131 ya\u011fmalama \u00e7abalar\u0131n\u0131 g\u00f6zler \u00f6n\u00fcne seriyor.Bir Osmanl\u0131 ayd\u0131n\u0131n\u0131n g\u00f6z\u00fcnden emperyalizmin Afrika&#8217;y\u0131 s\u00f6m\u00fcrme \u00e7abas\u0131n\u0131n ve emperyalistler aras\u0131 m\u00fccadelenin analiz edilmesi eseri ilgin\u00e7 k\u0131lan unsurlardan biri&#8230;Bu tarihi eser, akademisyen ve ara\u015ft\u0131rmac\u0131 Halim Gen\u00e7o\u011flu taraf\u0131ndan eski T\u00fcrk\u00e7eden g\u00fcn\u00fcm\u00fcz T\u00fcrk\u00e7esine aktar\u0131ld\u0131. Kitap, Mahmud Muhtar Pa\u015fa&#8217;n\u0131n hayat\u0131 ve \u00e7al\u0131\u015fmalar\u0131 hakk\u0131nda da ayr\u0131nt\u0131l\u0131 bilgiler i\u00e7eriyor.<\/p>\n","protected":false},"excerpt":{"rendered":"<p>G\u00fcney Afrika Muharebesi, \u0130ngilizler ile &#8220;Afrikaner&#8221; denilen Hollanda k\u00f6kenli iki milletin alt\u0131n ve elmas yataklar\u0131yla me\u015fhur Transvaal b\u00f6lgesinde s\u00f6m\u00fcrge m\u00fccadelesine girdi\u011fi ve Bat\u0131 d\u00fcnyas\u0131nda Anglo-Boer War<span class=\"excerpt-hellip\"> [\u2026]<\/span><\/p>\n","protected":false},"featured_media":0,"template":"","meta":{"_monsterinsights_skip_tracking":false,"_monsterinsights_sitenote_active":false,"_monsterinsights_sitenote_note":"","_monsterinsights_sitenote_category":0},"product_brand":[],"product_cat":[12370,12304],"product_tag":[],"class_list":{"0":"post-732135","1":"product","2":"type-product","3":"status-publish","5":"product_cat-arastirma-inceleme","6":"product_cat-tarih","7":"pa_cilt-ciltsiz","8":"pa_tur-kitap","9":"pa_yayinevi-kaynak-yayinlari","10":"pa_yazar-mahmud-muhtar","12":"first","13":"instock","14":"sale","15":"shipping-taxable","16":"purchasable","17":"product-type-simple"},"_links":{"self":[{"href":"https:\/\/roveyayinevi.com.tr\/index.php\/wp-json\/wp\/v2\/product\/732135","targetHints":{"allow":["GET"]}}],"collection":[{"href":"https:\/\/roveyayinevi.com.tr\/index.php\/wp-json\/wp\/v2\/product"}],"about":[{"href":"https:\/\/roveyayinevi.com.tr\/index.php\/wp-json\/wp\/v2\/types\/product"}],"wp:attachment":[{"href":"https:\/\/roveyayinevi.com.tr\/index.php\/wp-json\/wp\/v2\/media?parent=732135"}],"wp:term":[{"taxonomy":"product_brand","embeddable":true,"href":"https:\/\/roveyayinevi.com.tr\/index.php\/wp-json\/wp\/v2\/product_brand?post=732135"},{"taxonomy":"product_cat","embeddable":true,"href":"https:\/\/roveyayinevi.com.tr\/index.php\/wp-json\/wp\/v2\/product_cat?post=732135"},{"taxonomy":"product_tag","embeddable":true,"href":"https:\/\/roveyayinevi.com.tr\/index.php\/wp-json\/wp\/v2\/product_tag?post=732135"}],"curies":[{"name":"wp","href":"https:\/\/api.w.org\/{rel}","templated":true}]}}