{"id":732132,"date":"2025-08-27T21:44:37","date_gmt":"2025-08-27T18:44:37","guid":{"rendered":"https:\/\/roveyayinevi.com.tr\/index.php\/urun\/ada-ile-bocu\/"},"modified":"2026-04-16T02:39:56","modified_gmt":"2026-04-15T23:39:56","slug":"ada-ile-bocu","status":"publish","type":"product","link":"https:\/\/roveyayinevi.com.tr\/index.php\/urun\/ada-ile-bocu\/","title":{"rendered":"Ada \u0130le B\u00f6c\u00fc"},"content":{"rendered":"<p>Lapa lapa kar ya\u011f\u0131yor \u0130stanbul\u2019a. Bir vapur kalkacak Kad\u0131k\u00f6y \u0130skelesi\u2019nden&#8230; Ada ile babaannesi vapura binip i\u00e7eride s\u0131cac\u0131k bir k\u00f6\u015fe buluyorlar kendilerine. Sadece onlar m\u0131? Kimler kimler biniyor o vapura&#8230; Z\u00fcrafalar, flamingolar, gergedanlar, hatta filler! Hepsi de \u00e7iftler halinde. Ada \u015fa\u015fk\u0131nl\u0131kla izliyor onlar\u0131 ama ayn\u0131 zamanda \u00fczg\u00fcn de. Kendini yaln\u0131z hissediyor koca vapurda. Ama bir dakika! Son bir yolcu daha var. O bir B\u00f6c\u00fc, hem de tek ba\u015f\u0131na&#8230;   Y\u00f6netmen ve yazar \u00dcmit \u00dcnal\u2019\u0131n \u00e7ocuklar i\u00e7in yaz\u0131p resimledi\u011fi Ada ile B\u00f6c\u00fc t\u00fcm okurlar\u0131n\u0131 reng\u00e2renk duygularla sarmalayarak unutulmaz bir vapur yolculu\u011funa \u00e7\u0131kar\u0131yor&#8230; <\/p>\n","protected":false},"excerpt":{"rendered":"<p>Lapa lapa kar ya\u011f\u0131yor \u0130stanbul\u2019a. Bir vapur kalkacak Kad\u0131k\u00f6y \u0130skelesi\u2019nden&#8230; Ada ile babaannesi vapura binip i\u00e7eride s\u0131cac\u0131k bir k\u00f6\u015fe buluyorlar kendilerine. Sadece onlar m\u0131? Kimler kimler<span class=\"excerpt-hellip\"> [\u2026]<\/span><\/p>\n","protected":false},"featured_media":0,"template":"","meta":{"_monsterinsights_skip_tracking":false,"_monsterinsights_sitenote_active":false,"_monsterinsights_sitenote_note":"","_monsterinsights_sitenote_category":0},"product_brand":[],"product_cat":[12913,12274],"product_tag":[],"class_list":{"0":"post-732132","1":"product","2":"type-product","3":"status-publish","5":"product_cat-3-6-yas-kitaplari","6":"product_cat-cocuk-ve-genclik-kitaplari","7":"pa_cilt-ciltsiz","8":"pa_tur-kitap","9":"pa_yayinevi-dogan-egmont-yayincilik","10":"pa_yazar-umit-unal","12":"first","13":"instock","14":"sale","15":"shipping-taxable","16":"purchasable","17":"product-type-simple"},"_links":{"self":[{"href":"https:\/\/roveyayinevi.com.tr\/index.php\/wp-json\/wp\/v2\/product\/732132","targetHints":{"allow":["GET"]}}],"collection":[{"href":"https:\/\/roveyayinevi.com.tr\/index.php\/wp-json\/wp\/v2\/product"}],"about":[{"href":"https:\/\/roveyayinevi.com.tr\/index.php\/wp-json\/wp\/v2\/types\/product"}],"wp:attachment":[{"href":"https:\/\/roveyayinevi.com.tr\/index.php\/wp-json\/wp\/v2\/media?parent=732132"}],"wp:term":[{"taxonomy":"product_brand","embeddable":true,"href":"https:\/\/roveyayinevi.com.tr\/index.php\/wp-json\/wp\/v2\/product_brand?post=732132"},{"taxonomy":"product_cat","embeddable":true,"href":"https:\/\/roveyayinevi.com.tr\/index.php\/wp-json\/wp\/v2\/product_cat?post=732132"},{"taxonomy":"product_tag","embeddable":true,"href":"https:\/\/roveyayinevi.com.tr\/index.php\/wp-json\/wp\/v2\/product_tag?post=732132"}],"curies":[{"name":"wp","href":"https:\/\/api.w.org\/{rel}","templated":true}]}}