{"id":732130,"date":"2025-08-27T21:44:34","date_gmt":"2025-08-27T18:44:34","guid":{"rendered":"https:\/\/roveyayinevi.com.tr\/index.php\/urun\/bak-ne-cizdim\/"},"modified":"2026-04-16T02:39:56","modified_gmt":"2026-04-15T23:39:56","slug":"bak-ne-cizdim","status":"publish","type":"product","link":"https:\/\/roveyayinevi.com.tr\/index.php\/urun\/bak-ne-cizdim\/","title":{"rendered":"Bak Ne \u00c7izdim"},"content":{"rendered":"<p>Merhaba! Bu kitapta seninle tan\u0131\u015fmak i\u00e7in sab\u0131rs\u0131zlanan tam 23 sevimli hayvan var! Onlar\u0131 kolay ad\u0131mlarla \u00e7izip boyamaya ne dersin? Sonra da s\u0131ra kitab\u0131n sonundaki e\u011flenceli bulmacalarda! Unutma, hayallerin s\u0131n\u0131r\u0131 yoktur. \u015eimdi onlar\u0131 \u00f6zg\u00fcr b\u0131rakman\u0131n tam zaman\u0131! <\/p>\n","protected":false},"excerpt":{"rendered":"<p>Merhaba! Bu kitapta seninle tan\u0131\u015fmak i\u00e7in sab\u0131rs\u0131zlanan tam 23 sevimli hayvan var! Onlar\u0131 kolay ad\u0131mlarla \u00e7izip boyamaya ne dersin? Sonra da s\u0131ra kitab\u0131n sonundaki e\u011flenceli bulmacalarda!<span class=\"excerpt-hellip\"> [\u2026]<\/span><\/p>\n","protected":false},"featured_media":0,"template":"","meta":{"_monsterinsights_skip_tracking":false,"_monsterinsights_sitenote_active":false,"_monsterinsights_sitenote_note":"","_monsterinsights_sitenote_category":0},"product_brand":[],"product_cat":[12913,12274],"product_tag":[],"class_list":{"0":"post-732130","1":"product","2":"type-product","3":"status-publish","5":"product_cat-3-6-yas-kitaplari","6":"product_cat-cocuk-ve-genclik-kitaplari","7":"pa_cilt-ciltsiz","8":"pa_tur-kitap","9":"pa_yayinevi-dogan-egmont-yayincilik","10":"pa_yazar-gozde-eyce","12":"first","13":"instock","14":"sale","15":"shipping-taxable","16":"purchasable","17":"product-type-simple"},"_links":{"self":[{"href":"https:\/\/roveyayinevi.com.tr\/index.php\/wp-json\/wp\/v2\/product\/732130","targetHints":{"allow":["GET"]}}],"collection":[{"href":"https:\/\/roveyayinevi.com.tr\/index.php\/wp-json\/wp\/v2\/product"}],"about":[{"href":"https:\/\/roveyayinevi.com.tr\/index.php\/wp-json\/wp\/v2\/types\/product"}],"wp:attachment":[{"href":"https:\/\/roveyayinevi.com.tr\/index.php\/wp-json\/wp\/v2\/media?parent=732130"}],"wp:term":[{"taxonomy":"product_brand","embeddable":true,"href":"https:\/\/roveyayinevi.com.tr\/index.php\/wp-json\/wp\/v2\/product_brand?post=732130"},{"taxonomy":"product_cat","embeddable":true,"href":"https:\/\/roveyayinevi.com.tr\/index.php\/wp-json\/wp\/v2\/product_cat?post=732130"},{"taxonomy":"product_tag","embeddable":true,"href":"https:\/\/roveyayinevi.com.tr\/index.php\/wp-json\/wp\/v2\/product_tag?post=732130"}],"curies":[{"name":"wp","href":"https:\/\/api.w.org\/{rel}","templated":true}]}}